{"id":31328,"date":"2024-01-03T15:36:00","date_gmt":"2024-01-03T14:36:00","guid":{"rendered":"https:\/\/osypka.de\/?page_id=31328"},"modified":"2025-10-08T16:13:23","modified_gmt":"2025-10-08T14:13:23","slug":"soziales-engagement","status":"publish","type":"page","link":"http:\/\/osypka.de\/cs\/soziales-engagement\/","title":{"rendered":"Spole\u010densk\u00e9 anga\u017em\u00e1"},"content":{"rendered":"<div data-elementor-type=\"wp-page\" data-elementor-id=\"31328\" class=\"elementor elementor-31328\" data-elementor-post-type=\"page\">\n\t\t\t\t\t\t<section class=\"elementor-section elementor-top-section elementor-element elementor-element-d3a952e elementor-section-boxed elementor-section-height-default elementor-section-height-default\" data-id=\"d3a952e\" data-element_type=\"section\" data-e-type=\"section\" data-settings=\"{&quot;background_background&quot;:&quot;classic&quot;}\">\n\t\t\t\t\t\t<div class=\"elementor-container elementor-column-gap-default\">\n\t\t\t\t\t<div class=\"elementor-column elementor-col-100 elementor-top-column elementor-element elementor-element-d0bff3b\" data-id=\"d0bff3b\" data-element_type=\"column\" data-e-type=\"column\">\n\t\t\t<div class=\"elementor-widget-wrap elementor-element-populated\">\n\t\t\t\t\t\t<div class=\"elementor-element elementor-element-f208d3e elementor-widget elementor-widget-heading\" data-id=\"f208d3e\" data-element_type=\"widget\" data-e-type=\"widget\" data-widget_type=\"heading.default\">\n\t\t\t\t<div class=\"elementor-widget-container\">\n\t\t\t\t\t<h2 class=\"elementor-heading-title elementor-size-default\">Spole\u010densk\u00e9 anga\u017em\u00e1 <\/h2>\t\t\t\t<\/div>\n\t\t\t\t<\/div>\n\t\t\t\t\t<\/div>\n\t\t<\/div>\n\t\t\t\t\t<\/div>\n\t\t<\/section>\n\t\t\t\t<section class=\"elementor-section elementor-top-section elementor-element elementor-element-9ee6071 elementor-section-boxed elementor-section-height-default elementor-section-height-default\" data-id=\"9ee6071\" data-element_type=\"section\" data-e-type=\"section\" data-settings=\"{&quot;background_background&quot;:&quot;classic&quot;}\">\n\t\t\t\t\t\t<div class=\"elementor-container elementor-column-gap-default\">\n\t\t\t\t\t<div class=\"elementor-column elementor-col-100 elementor-top-column elementor-element elementor-element-59c239c\" data-id=\"59c239c\" data-element_type=\"column\" data-e-type=\"column\">\n\t\t\t<div class=\"elementor-widget-wrap elementor-element-populated\">\n\t\t\t\t\t\t<div class=\"elementor-element elementor-element-de6e643 elementor-widget elementor-widget-image\" data-id=\"de6e643\" data-element_type=\"widget\" data-e-type=\"widget\" data-widget_type=\"image.default\">\n\t\t\t\t<div class=\"elementor-widget-container\">\n\t\t\t\t\t\t\t\t\t\t\t\t\t\t\t<img decoding=\"async\" width=\"339\" height=\"82\" src=\"https:\/\/osypka.de\/wp-content\/uploads\/2023\/06\/Logo-Schriftzug-Stiftung-Osypka.png\" class=\"attachment-large size-large wp-image-24737\" alt=\"Soziales Engagement\" srcset=\"https:\/\/osypka.de\/wp-content\/uploads\/2023\/06\/Logo-Schriftzug-Stiftung-Osypka.png 339w, https:\/\/osypka.de\/wp-content\/uploads\/2023\/06\/Logo-Schriftzug-Stiftung-Osypka-300x73.png 300w\" sizes=\"(max-width: 339px) 100vw, 339px\" \/>\t\t\t\t\t\t\t\t\t\t\t\t\t\t\t<\/div>\n\t\t\t\t<\/div>\n\t\t\t\t<div class=\"elementor-element elementor-element-40688d8 elementor-widget elementor-widget-text-editor\" data-id=\"40688d8\" data-element_type=\"widget\" data-e-type=\"widget\" data-widget_type=\"text-editor.default\">\n\t\t\t\t<div class=\"elementor-widget-container\">\n\t\t\t\t\t\t\t\t\t<p><strong>Nadace Petera Osypky Grenzach-Wyhlen. Ob\u010danskopr\u00e1vn\u00ed nadace zalo\u017een\u00e1 dne 1.12.1997.&nbsp;<\/strong><strong>Eine Stiftung des b\u00fcrgerlichen Rechts |&nbsp;<\/strong><strong>gegr\u00fcndet 01.12.1997<\/strong><\/p>\t\t\t\t\t\t\t\t<\/div>\n\t\t\t\t<\/div>\n\t\t\t\t<div class=\"elementor-element elementor-element-a5f0b67 elementor-widget elementor-widget-text-editor\" data-id=\"a5f0b67\" data-element_type=\"widget\" data-e-type=\"widget\" data-widget_type=\"text-editor.default\">\n\t\t\t\t<div class=\"elementor-widget-container\">\n\t\t\t\t\t\t\t\t\t<p>Nadace Peter-Osypka je nadace ob\u010dansk\u00e9ho pr\u00e1va, kterou v roce 1997 zalo\u017eil Prof. Peter Osypka a kter\u00e1 v\u00fdhradn\u011b sleduje obecn\u011b prosp\u011b\u0161n\u00e9 a charitativn\u00ed \u00fa\u010dely. Jsou zde prov\u00e1d\u011bny zejm\u00e9na projekty ve spolupr\u00e1ci s uzn\u00e1van\u00fdmi pomocn\u00fdmi organizacemi, jako je nap\u0159\u00edklad Caritas International. Dal\u0161\u00ed podpora je poskytov\u00e1na ve spolupr\u00e1ci s d\u011btsk\u00fdmi kardiology nebo d\u011btsk\u00fdmi kardiochirurgy, kte\u0159\u00ed prov\u00e1d\u011bj\u00ed pomocn\u00e9 z\u00e1sahy pro pot\u0159ebn\u00e9 pacienty v l\u00e9ka\u0159sky nedostate\u010dn\u011b z\u00e1soben\u00fdch zem\u00edch. Tak\u00e9 mohou b\u00fdt podporov\u00e1ny l\u00e9ka\u0159sk\u00e9 a v\u011bdeck\u00e9 projekty po pe\u010dliv\u00e9m v\u00fdb\u011bru, zejm\u00e9na sem pat\u0159\u00ed studie iniciovan\u00e9 l\u00e9ka\u0159i, kter\u00e9 se zam\u011b\u0159uj\u00ed na blaho pacient\u016f.<\/p><p>Zakladatel Prof. Dr.-Ing. Dr.-Ing. E.h. Peter Osypka je nositelem Spolkov\u00e9ho k\u0159\u00ed\u017ee za z\u00e1sluhy a Lorenz-Werthmann-Medaille od N\u011bmeck\u00e9ho Caritasverbandu.<\/p><p>\u00a0<\/p><p><b style=\"font-style: inherit; font-family: var( --e-global-typography-text-font-family ), Sans-serif; letter-spacing: var( --e-global-typography-text-letter-spacing ); word-spacing: var( --e-global-typography-text-word-spacing ); background-color: var( --e-global-color-fe22fc3 ); color: var( --e-global-color-text );\">Bankovn\u00ed \u00fa\u010det pro dary:<\/b><\/p><p>Commerzbank AG L\u00f6rrach<br \/>IBAN: DE78 6808 0030 0654 8477 00<br \/>BIC: DRESDEFF680<\/p><p>D\u011bkujeme \u2013 potvrzen\u00ed o daru bude vystaveno.<\/p>\t\t\t\t\t\t\t\t<\/div>\n\t\t\t\t<\/div>\n\t\t\t\t\t<\/div>\n\t\t<\/div>\n\t\t\t\t\t<\/div>\n\t\t<\/section>\n\t\t\t\t<section class=\"elementor-section elementor-top-section elementor-element elementor-element-937032d elementor-section-boxed elementor-section-height-default elementor-section-height-default\" data-id=\"937032d\" data-element_type=\"section\" data-e-type=\"section\">\n\t\t\t\t\t\t<div class=\"elementor-container elementor-column-gap-default\">\n\t\t\t\t\t<div class=\"elementor-column elementor-col-100 elementor-top-column elementor-element elementor-element-c68dd4b\" data-id=\"c68dd4b\" data-element_type=\"column\" data-e-type=\"column\">\n\t\t\t<div class=\"elementor-widget-wrap elementor-element-populated\">\n\t\t\t\t\t\t<div class=\"elementor-element elementor-element-560526d elementor-widget elementor-widget-heading\" data-id=\"560526d\" data-element_type=\"widget\" data-e-type=\"widget\" data-widget_type=\"heading.default\">\n\t\t\t\t<div class=\"elementor-widget-container\">\n\t\t\t\t\t<h2 class=\"elementor-heading-title elementor-size-default\">Lok\u00e1ln\u00ed aliance pro rodiny \u2013 Rheinfelden <\/h2>\t\t\t\t<\/div>\n\t\t\t\t<\/div>\n\t\t\t\t<div class=\"elementor-element elementor-element-5ce1db1 elementor-widget elementor-widget-text-editor\" data-id=\"5ce1db1\" data-element_type=\"widget\" data-e-type=\"widget\" data-widget_type=\"text-editor.default\">\n\t\t\t\t<div class=\"elementor-widget-container\">\n\t\t\t\t\t\t\t\t\t<p><i><span style=\"font-weight: inherit; font-family: var( --e-global-typography-text-font-family ), Sans-serif; letter-spacing: var( --e-global-typography-text-letter-spacing ); word-spacing: var( --e-global-typography-text-word-spacing ); color: var( --e-global-color-text );\" data-contrast=\"auto\">\"Mezi na\u0161e kl\u00ed\u010dov\u00e9 hodnoty pat\u0159\u00ed rodinn\u011b orientovan\u00e1 firemn\u00ed kultura, kter\u00e1 je nezbytn\u00e1 pro zaji\u0161t\u011bn\u00ed na\u0161\u00ed budoucnosti.\"<\/span><span style=\"font-weight: inherit; font-family: var( --e-global-typography-text-font-family ), Sans-serif; letter-spacing: var( --e-global-typography-text-letter-spacing ); word-spacing: var( --e-global-typography-text-word-spacing ); color: var( --e-global-color-text );\" data-ccp-props=\"{&quot;201341983&quot;:0,&quot;335559739&quot;:160,&quot;335559740&quot;:259}\">\u00a0<\/span><\/i><\/p><p><span data-contrast=\"auto\">Od b\u0159ezna 2014 je spole\u010dnost OSYPKA GmbH aktivn\u00edm \u010dlenem Lok\u00e1ln\u00ed aliance pro rodiny v Rheinfeldenu, aby spole\u010dn\u011b se v\u0161emi spole\u010dnostmi v alianci d\u00e1le rozv\u00edjela rodinnou p\u0159\u00edv\u011btivost v Rheinfeldenu-Badenu. Z\u00e1stupci 14 spole\u010dnost\u00ed aliance se sch\u00e1z\u00ed na \u010dty\u0159ech zased\u00e1n\u00edch ro\u010dn\u011b, p\u0159i\u010dem\u017e se sna\u017e\u00ed d\u00e1le rozv\u00edjet rodinn\u011b p\u0159\u00edv\u011btiv\u00e1 opat\u0159en\u00ed v Rheinfeldenu (Baden). Krom\u011b toho se spole\u010dnosti tak\u00e9 finan\u010dn\u011b anga\u017euj\u00ed. D\u00edky Lok\u00e1ln\u00ed alianci pro rodiny Rheinfelden bylo v posledn\u00edch letech realizov\u00e1no a ve prosp\u011bch ob\u010dan\u016f zlep\u0161eno, obnoveno nebo postaveno mnoho pot\u0159ebn\u00fdch a nezbytn\u00fdch projekt\u016f. Pat\u0159\u00ed sem nap\u0159\u00edklad p\u0159estavba grilovac\u00edho m\u00edsta u Hertener Loch na\u0161imi u\u010dni, stejn\u011b jako podpora Tafelladenu. OSYPKA GmbH se tak\u00e9 pod\u00edl\u00ed na ka\u017edoro\u010dn\u011b obl\u00edben\u00e9 akci Sterntaler v dob\u011b V\u00e1noc, kdy zam\u011bstnanci daruj\u00ed d\u00e1rky pot\u0159ebn\u00fdm d\u011btem do 16 let a senior\u016fm v nouzi. Pravideln\u011b se tak\u00e9 nab\u00edzej\u00ed bezplatn\u00e9 informa\u010dn\u00ed akce pro zam\u011bstnance spole\u010dnost\u00ed aliance na specifick\u00e1 t\u00e9mata, jako jsou nap\u0159\u00edklad \"Rodi\u010dovsk\u00e1 dovolen\u00e1\" nebo \"P\u00e9\u010de a prevence\".<\/span><span data-ccp-props=\"{&quot;201341983&quot;:0,&quot;335559739&quot;:160,&quot;335559740&quot;:259}\">\u00a0<\/span><\/p><p><span data-ccp-props=\"{&quot;201341983&quot;:0,&quot;335559739&quot;:160,&quot;335559740&quot;:259}\">\u00a0<\/span><\/p><p><span data-contrast=\"auto\">Dal\u0161\u00ed informace naleznete na domovsk\u00e9 str\u00e1nce Lok\u00e1ln\u00ed aliance pro rodiny Rheinfelden:<\/span><span data-ccp-props=\"{&quot;201341983&quot;:0,&quot;335559739&quot;:160,&quot;335559740&quot;:259}\">\u00a0<\/span><\/p><p><a href=\"https:\/\/www.buendnis-familie-rheinfelden.de\/de\/\" target=\"_blank\" rel=\"noopener\"><span data-contrast=\"none\">Domovsk\u00e1 str\u00e1nka \u2013 Lok\u00e1ln\u00ed aliance pro rodiny Rheinfelden (buendnis-familie-rheinfelden.de)<\/span><\/a><span data-ccp-props=\"{&quot;201341983&quot;:0,&quot;335559739&quot;:160,&quot;335559740&quot;:259}\">\u00a0<\/span><\/p>\t\t\t\t\t\t\t\t<\/div>\n\t\t\t\t<\/div>\n\t\t\t\t\t<\/div>\n\t\t<\/div>\n\t\t\t\t\t<\/div>\n\t\t<\/section>\n\t\t\t\t<\/div>","protected":false},"excerpt":{"rendered":"<p>Soziales Engagement Peter-Osypka-Stiftung Grenzach-Wyhlen.&nbsp;Eine Stiftung des b\u00fcrgerlichen Rechts |&nbsp;gegr\u00fcndet 01.12.1997 Die Peter-Osypka-Stiftung ist eine Stiftung des b\u00fcrgerlichen Rechts, die 1997 von Prof. Peter Osypka gegr\u00fcndet wurde und ausschlie\u00dflich gemeinn\u00fctzige und mildt\u00e4tige Zwecke verfolgt. So werden insbesondere Projekte in Zusammenarbeit mit anerkannten Hilfsorganisationen wie zum Beispiel der Caritas International durchgef\u00fchrt. Weitere Unterst\u00fctzungen werden in Zusammenarbeit mit [&hellip;]<\/p>\n","protected":false},"author":1,"featured_media":31892,"parent":0,"menu_order":0,"comment_status":"closed","ping_status":"closed","template":"","meta":{"_acf_changed":false,"site-sidebar-layout":"no-sidebar","site-content-layout":"page-builder","ast-site-content-layout":"full-width-container","site-content-style":"unboxed","site-sidebar-style":"unboxed","ast-global-header-display":"","ast-banner-title-visibility":"","ast-main-header-display":"","ast-hfb-above-header-display":"","ast-hfb-below-header-display":"","ast-hfb-mobile-header-display":"","site-post-title":"disabled","ast-breadcrumbs-content":"","ast-featured-img":"disabled","footer-sml-layout":"","ast-disable-related-posts":"","theme-transparent-header-meta":"default","adv-header-id-meta":"","stick-header-meta":"","header-above-stick-meta":"","header-main-stick-meta":"","header-below-stick-meta":"","astra-migrate-meta-layouts":"set","ast-page-background-enabled":"default","ast-page-background-meta":{"desktop":{"background-color":"","background-image":"","background-repeat":"repeat","background-position":"center center","background-size":"auto","background-attachment":"scroll","background-type":"","background-media":"","overlay-type":"","overlay-color":"","overlay-opacity":"","overlay-gradient":""},"tablet":{"background-color":"","background-image":"","background-repeat":"repeat","background-position":"center center","background-size":"auto","background-attachment":"scroll","background-type":"","background-media":"","overlay-type":"","overlay-color":"","overlay-opacity":"","overlay-gradient":""},"mobile":{"background-color":"","background-image":"","background-repeat":"repeat","background-position":"center center","background-size":"auto","background-attachment":"scroll","background-type":"","background-media":"","overlay-type":"","overlay-color":"","overlay-opacity":"","overlay-gradient":""}},"ast-content-background-meta":{"desktop":{"background-color":"var(--ast-global-color-5)","background-image":"","background-repeat":"repeat","background-position":"center center","background-size":"auto","background-attachment":"scroll","background-type":"","background-media":"","overlay-type":"","overlay-color":"","overlay-opacity":"","overlay-gradient":""},"tablet":{"background-color":"var(--ast-global-color-5)","background-image":"","background-repeat":"repeat","background-position":"center center","background-size":"auto","background-attachment":"scroll","background-type":"","background-media":"","overlay-type":"","overlay-color":"","overlay-opacity":"","overlay-gradient":""},"mobile":{"background-color":"var(--ast-global-color-5)","background-image":"","background-repeat":"repeat","background-position":"center center","background-size":"auto","background-attachment":"scroll","background-type":"","background-media":"","overlay-type":"","overlay-color":"","overlay-opacity":"","overlay-gradient":""}},"footnotes":""},"class_list":["post-31328","page","type-page","status-publish","has-post-thumbnail","hentry"],"acf":[],"yoast_head":"<!-- This site is optimized with the Yoast SEO plugin v27.0 - https:\/\/yoast.com\/product\/yoast-seo-wordpress\/ -->\n<title>Soziales Engagement - OSYPKA<\/title>\n<meta name=\"description\" content=\"Soziales Engagement \u2013 Die Peter-Osypka-Stiftung ist eine Stiftung des b\u00fcrgerlichen Rechts, gegr\u00fcndet f\u00fcr gemeinn\u00fctzige und mildt\u00e4tige Zwecke\" \/>\n<meta name=\"robots\" content=\"index, follow, max-snippet:-1, max-image-preview:large, max-video-preview:-1\" \/>\n<link rel=\"canonical\" href=\"https:\/\/osypka.de\/cs\/soziales-engagement\/\" \/>\n<meta property=\"og:locale\" content=\"cs_CZ\" \/>\n<meta property=\"og:type\" content=\"article\" \/>\n<meta property=\"og:title\" content=\"Soziales Engagement - OSYPKA\" \/>\n<meta property=\"og:description\" content=\"Soziales Engagement \u2013 Die Peter-Osypka-Stiftung ist eine Stiftung des b\u00fcrgerlichen Rechts, gegr\u00fcndet f\u00fcr gemeinn\u00fctzige und mildt\u00e4tige Zwecke\" \/>\n<meta property=\"og:url\" content=\"https:\/\/osypka.de\/cs\/soziales-engagement\/\" \/>\n<meta property=\"og:site_name\" content=\"OSYPKA\" \/>\n<meta property=\"article:modified_time\" content=\"2025-10-08T14:13:23+00:00\" \/>\n<meta property=\"og:image\" content=\"https:\/\/osypka.de\/wp-content\/uploads\/2024\/01\/Header-Soziales-Engagement.png\" \/>\n\t<meta property=\"og:image:width\" content=\"1140\" \/>\n\t<meta property=\"og:image:height\" content=\"390\" \/>\n\t<meta property=\"og:image:type\" content=\"image\/png\" \/>\n<meta name=\"twitter:card\" content=\"summary_large_image\" \/>\n<meta name=\"twitter:label1\" content=\"Odhadovan\u00e1 doba \u010dten\u00ed\" \/>\n\t<meta name=\"twitter:data1\" content=\"3 minuty\" \/>\n<script type=\"application\/ld+json\" class=\"yoast-schema-graph\">{\"@context\":\"https:\/\/schema.org\",\"@graph\":[{\"@type\":\"WebPage\",\"@id\":\"https:\/\/osypka.de\/soziales-engagement\/\",\"url\":\"https:\/\/osypka.de\/soziales-engagement\/\",\"name\":\"Soziales Engagement - OSYPKA\",\"isPartOf\":{\"@id\":\"https:\/\/osypka.de\/#website\"},\"primaryImageOfPage\":{\"@id\":\"https:\/\/osypka.de\/soziales-engagement\/#primaryimage\"},\"image\":{\"@id\":\"https:\/\/osypka.de\/soziales-engagement\/#primaryimage\"},\"thumbnailUrl\":\"https:\/\/osypka.de\/wp-content\/uploads\/2024\/01\/Header-Soziales-Engagement.png\",\"datePublished\":\"2024-01-03T14:36:00+00:00\",\"dateModified\":\"2025-10-08T14:13:23+00:00\",\"description\":\"Soziales Engagement \u2013 Die Peter-Osypka-Stiftung ist eine Stiftung des b\u00fcrgerlichen Rechts, gegr\u00fcndet f\u00fcr gemeinn\u00fctzige und mildt\u00e4tige Zwecke\",\"breadcrumb\":{\"@id\":\"https:\/\/osypka.de\/soziales-engagement\/#breadcrumb\"},\"inLanguage\":\"cs\",\"potentialAction\":[{\"@type\":\"ReadAction\",\"target\":[\"https:\/\/osypka.de\/soziales-engagement\/\"]}]},{\"@type\":\"ImageObject\",\"inLanguage\":\"cs\",\"@id\":\"https:\/\/osypka.de\/soziales-engagement\/#primaryimage\",\"url\":\"https:\/\/osypka.de\/wp-content\/uploads\/2024\/01\/Header-Soziales-Engagement.png\",\"contentUrl\":\"https:\/\/osypka.de\/wp-content\/uploads\/2024\/01\/Header-Soziales-Engagement.png\",\"width\":1140,\"height\":390},{\"@type\":\"BreadcrumbList\",\"@id\":\"https:\/\/osypka.de\/soziales-engagement\/#breadcrumb\",\"itemListElement\":[{\"@type\":\"ListItem\",\"position\":1,\"name\":\"Home\",\"item\":\"https:\/\/osypka.de\/\"},{\"@type\":\"ListItem\",\"position\":2,\"name\":\"Soziales Engagement\"}]},{\"@type\":\"WebSite\",\"@id\":\"https:\/\/osypka.de\/#website\",\"url\":\"https:\/\/osypka.de\/\",\"name\":\"OSYPKA\",\"description\":\"Technology for an active life\",\"publisher\":{\"@id\":\"https:\/\/osypka.de\/#organization\"},\"potentialAction\":[{\"@type\":\"SearchAction\",\"target\":{\"@type\":\"EntryPoint\",\"urlTemplate\":\"https:\/\/osypka.de\/?s={search_term_string}\"},\"query-input\":{\"@type\":\"PropertyValueSpecification\",\"valueRequired\":true,\"valueName\":\"search_term_string\"}}],\"inLanguage\":\"cs\"},{\"@type\":\"Organization\",\"@id\":\"https:\/\/osypka.de\/#organization\",\"name\":\"OSYPKA\",\"url\":\"https:\/\/osypka.de\/\",\"logo\":{\"@type\":\"ImageObject\",\"inLanguage\":\"cs\",\"@id\":\"https:\/\/osypka.de\/#\/schema\/logo\/image\/\",\"url\":\"https:\/\/osypka.de\/wp-content\/uploads\/2020\/10\/OSYPKA_Logo.png\",\"contentUrl\":\"https:\/\/osypka.de\/wp-content\/uploads\/2020\/10\/OSYPKA_Logo.png\",\"width\":939,\"height\":235,\"caption\":\"OSYPKA\"},\"image\":{\"@id\":\"https:\/\/osypka.de\/#\/schema\/logo\/image\/\"}}]}<\/script>\n<!-- \/ Yoast SEO plugin. -->","yoast_head_json":{"title":"Soziales Engagement - OSYPKA","description":"Soziales Engagement \u2013 Die Peter-Osypka-Stiftung ist eine Stiftung des b\u00fcrgerlichen Rechts, gegr\u00fcndet f\u00fcr gemeinn\u00fctzige und mildt\u00e4tige Zwecke","robots":{"index":"index","follow":"follow","max-snippet":"max-snippet:-1","max-image-preview":"max-image-preview:large","max-video-preview":"max-video-preview:-1"},"canonical":"https:\/\/osypka.de\/cs\/soziales-engagement\/","og_locale":"cs_CZ","og_type":"article","og_title":"Soziales Engagement - OSYPKA","og_description":"Soziales Engagement \u2013 Die Peter-Osypka-Stiftung ist eine Stiftung des b\u00fcrgerlichen Rechts, gegr\u00fcndet f\u00fcr gemeinn\u00fctzige und mildt\u00e4tige Zwecke","og_url":"https:\/\/osypka.de\/cs\/soziales-engagement\/","og_site_name":"OSYPKA","article_modified_time":"2025-10-08T14:13:23+00:00","og_image":[{"width":1140,"height":390,"url":"https:\/\/osypka.de\/wp-content\/uploads\/2024\/01\/Header-Soziales-Engagement.png","type":"image\/png"}],"twitter_card":"summary_large_image","twitter_misc":{"Odhadovan\u00e1 doba \u010dten\u00ed":"3 minuty"},"schema":{"@context":"https:\/\/schema.org","@graph":[{"@type":"WebPage","@id":"https:\/\/osypka.de\/soziales-engagement\/","url":"https:\/\/osypka.de\/soziales-engagement\/","name":"Soziales Engagement - OSYPKA","isPartOf":{"@id":"https:\/\/osypka.de\/#website"},"primaryImageOfPage":{"@id":"https:\/\/osypka.de\/soziales-engagement\/#primaryimage"},"image":{"@id":"https:\/\/osypka.de\/soziales-engagement\/#primaryimage"},"thumbnailUrl":"https:\/\/osypka.de\/wp-content\/uploads\/2024\/01\/Header-Soziales-Engagement.png","datePublished":"2024-01-03T14:36:00+00:00","dateModified":"2025-10-08T14:13:23+00:00","description":"Soziales Engagement \u2013 Die Peter-Osypka-Stiftung ist eine Stiftung des b\u00fcrgerlichen Rechts, gegr\u00fcndet f\u00fcr gemeinn\u00fctzige und mildt\u00e4tige Zwecke","breadcrumb":{"@id":"https:\/\/osypka.de\/soziales-engagement\/#breadcrumb"},"inLanguage":"cs","potentialAction":[{"@type":"ReadAction","target":["https:\/\/osypka.de\/soziales-engagement\/"]}]},{"@type":"ImageObject","inLanguage":"cs","@id":"https:\/\/osypka.de\/soziales-engagement\/#primaryimage","url":"https:\/\/osypka.de\/wp-content\/uploads\/2024\/01\/Header-Soziales-Engagement.png","contentUrl":"https:\/\/osypka.de\/wp-content\/uploads\/2024\/01\/Header-Soziales-Engagement.png","width":1140,"height":390},{"@type":"BreadcrumbList","@id":"https:\/\/osypka.de\/soziales-engagement\/#breadcrumb","itemListElement":[{"@type":"ListItem","position":1,"name":"Home","item":"https:\/\/osypka.de\/"},{"@type":"ListItem","position":2,"name":"Soziales Engagement"}]},{"@type":"WebSite","@id":"https:\/\/osypka.de\/#website","url":"https:\/\/osypka.de\/","name":"OSYPKA","description":"Technologie pro aktivn\u00ed \u017eivot","publisher":{"@id":"https:\/\/osypka.de\/#organization"},"potentialAction":[{"@type":"SearchAction","target":{"@type":"EntryPoint","urlTemplate":"https:\/\/osypka.de\/?s={search_term_string}"},"query-input":{"@type":"PropertyValueSpecification","valueRequired":true,"valueName":"search_term_string"}}],"inLanguage":"cs"},{"@type":"Organization","@id":"https:\/\/osypka.de\/#organization","name":"OSYPKA","url":"https:\/\/osypka.de\/","logo":{"@type":"ImageObject","inLanguage":"cs","@id":"https:\/\/osypka.de\/#\/schema\/logo\/image\/","url":"https:\/\/osypka.de\/wp-content\/uploads\/2020\/10\/OSYPKA_Logo.png","contentUrl":"https:\/\/osypka.de\/wp-content\/uploads\/2020\/10\/OSYPKA_Logo.png","width":939,"height":235,"caption":"OSYPKA"},"image":{"@id":"https:\/\/osypka.de\/#\/schema\/logo\/image\/"}}]}},"publishpress_future_action":{"enabled":false,"date":"2026-04-23 16:37:50","action":"delete","newStatus":"draft","terms":[],"taxonomy":"","extraData":[]},"publishpress_future_workflow_manual_trigger":{"enabledWorkflows":[]},"_links":{"self":[{"href":"http:\/\/osypka.de\/cs\/wp-json\/wp\/v2\/pages\/31328","targetHints":{"allow":["GET"]}}],"collection":[{"href":"http:\/\/osypka.de\/cs\/wp-json\/wp\/v2\/pages"}],"about":[{"href":"http:\/\/osypka.de\/cs\/wp-json\/wp\/v2\/types\/page"}],"author":[{"embeddable":true,"href":"http:\/\/osypka.de\/cs\/wp-json\/wp\/v2\/users\/1"}],"replies":[{"embeddable":true,"href":"http:\/\/osypka.de\/cs\/wp-json\/wp\/v2\/comments?post=31328"}],"version-history":[{"count":41,"href":"http:\/\/osypka.de\/cs\/wp-json\/wp\/v2\/pages\/31328\/revisions"}],"predecessor-version":[{"id":37820,"href":"http:\/\/osypka.de\/cs\/wp-json\/wp\/v2\/pages\/31328\/revisions\/37820"}],"wp:featuredmedia":[{"embeddable":true,"href":"http:\/\/osypka.de\/cs\/wp-json\/wp\/v2\/media\/31892"}],"wp:attachment":[{"href":"http:\/\/osypka.de\/cs\/wp-json\/wp\/v2\/media?parent=31328"}],"curies":[{"name":"wp","href":"https:\/\/api.w.org\/{rel}","templated":true}]}}