{"id":24817,"date":"2023-06-07T14:24:56","date_gmt":"2023-06-07T12:24:56","guid":{"rendered":"https:\/\/osypka.de\/?page_id=24817"},"modified":"2025-05-05T09:37:58","modified_gmt":"2025-05-05T07:37:58","slug":"pacing","status":"publish","type":"page","link":"https:\/\/osypka.de\/cs\/produkte\/pacing\/","title":{"rendered":"Pacing"},"content":{"rendered":"<div data-elementor-type=\"wp-page\" data-elementor-id=\"24817\" class=\"elementor elementor-24817\" data-elementor-post-type=\"page\">\n\t\t\t\t\t\t<section class=\"elementor-section elementor-top-section elementor-element elementor-element-321d56fd elementor-section-boxed elementor-section-height-default elementor-section-height-default\" data-id=\"321d56fd\" data-element_type=\"section\" data-e-type=\"section\" data-settings=\"{&quot;background_background&quot;:&quot;classic&quot;}\">\n\t\t\t\t\t\t<div class=\"elementor-container elementor-column-gap-default\">\n\t\t\t\t\t<div class=\"elementor-column elementor-col-100 elementor-top-column elementor-element elementor-element-5afececa\" data-id=\"5afececa\" data-element_type=\"column\" data-e-type=\"column\">\n\t\t\t<div class=\"elementor-widget-wrap elementor-element-populated\">\n\t\t\t\t\t\t<div class=\"elementor-element elementor-element-7ed46a63 elementor-widget elementor-widget-heading\" data-id=\"7ed46a63\" data-element_type=\"widget\" data-e-type=\"widget\" data-widget_type=\"heading.default\">\n\t\t\t\t<div class=\"elementor-widget-container\">\n\t\t\t\t\t<h2 class=\"elementor-heading-title elementor-size-default\">Pacing<\/h2>\t\t\t\t<\/div>\n\t\t\t\t<\/div>\n\t\t\t\t\t<\/div>\n\t\t<\/div>\n\t\t\t\t\t<\/div>\n\t\t<\/section>\n\t\t\t\t<section class=\"elementor-section elementor-top-section elementor-element elementor-element-49300c9 elementor-section-boxed elementor-section-height-default elementor-section-height-default\" data-id=\"49300c9\" data-element_type=\"section\" data-e-type=\"section\" data-settings=\"{&quot;background_background&quot;:&quot;classic&quot;}\">\n\t\t\t\t\t\t<div class=\"elementor-container elementor-column-gap-default\">\n\t\t\t\t\t<div class=\"elementor-column elementor-col-100 elementor-top-column elementor-element elementor-element-9f4ca45\" data-id=\"9f4ca45\" data-element_type=\"column\" data-e-type=\"column\">\n\t\t\t<div class=\"elementor-widget-wrap elementor-element-populated\">\n\t\t\t\t\t\t<div class=\"elementor-element elementor-element-c8230a3 elementor-align-left elementor-widget elementor-widget-breadcrumbs\" data-id=\"c8230a3\" data-element_type=\"widget\" data-e-type=\"widget\" data-widget_type=\"breadcrumbs.default\">\n\t\t\t\t<div class=\"elementor-widget-container\">\n\t\t\t\t\t<p id=\"breadcrumbs\"><span><span><a href=\"https:\/\/osypka.de\/cs\/\">Home<\/a><\/span><\/span><\/p>\t\t\t\t<\/div>\n\t\t\t\t<\/div>\n\t\t\t\t\t<\/div>\n\t\t<\/div>\n\t\t\t\t\t<\/div>\n\t\t<\/section>\n\t\t\t\t<section class=\"elementor-section elementor-top-section elementor-element elementor-element-8445d12 elementor-section-boxed elementor-section-height-default elementor-section-height-default\" data-id=\"8445d12\" data-element_type=\"section\" data-e-type=\"section\" data-settings=\"{&quot;background_background&quot;:&quot;classic&quot;}\">\n\t\t\t\t\t\t<div class=\"elementor-container elementor-column-gap-default\">\n\t\t\t\t\t<div class=\"elementor-column elementor-col-100 elementor-top-column elementor-element elementor-element-0cc2c81\" data-id=\"0cc2c81\" data-element_type=\"column\" data-e-type=\"column\">\n\t\t\t<div class=\"elementor-widget-wrap elementor-element-populated\">\n\t\t\t\t\t\t<div class=\"elementor-element elementor-element-8050ec1 elementor-widget elementor-widget-heading\" data-id=\"8050ec1\" data-element_type=\"widget\" data-e-type=\"widget\" data-widget_type=\"heading.default\">\n\t\t\t\t<div class=\"elementor-widget-container\">\n\t\t\t\t\t<h2 class=\"elementor-heading-title elementor-size-default\">Portf\u00f3lio produkt\u016f<\/h2>\t\t\t\t<\/div>\n\t\t\t\t<\/div>\n\t\t\t\t<div class=\"elementor-element elementor-element-fb2422e elementor-widget elementor-widget-heading\" data-id=\"fb2422e\" data-element_type=\"widget\" data-e-type=\"widget\" data-widget_type=\"heading.default\">\n\t\t\t\t<div class=\"elementor-widget-container\">\n\t\t\t\t\t<h2 class=\"elementor-heading-title elementor-size-default\">Pacing<\/h2>\t\t\t\t<\/div>\n\t\t\t\t<\/div>\n\t\t\t\t<div class=\"elementor-element elementor-element-c20a926 elementor-widget elementor-widget-heading\" data-id=\"c20a926\" data-element_type=\"widget\" data-e-type=\"widget\" data-widget_type=\"heading.default\">\n\t\t\t\t<div class=\"elementor-widget-container\">\n\t\t\t\t\t<h3 class=\"elementor-heading-title elementor-size-default\">OSYPKA \u2013 v\u00e1\u0161 partner pro kardiostimulaci! <\/h3>\t\t\t\t<\/div>\n\t\t\t\t<\/div>\n\t\t\t\t<div class=\"elementor-element elementor-element-6b634a1 elementor-widget__width-initial elementor-widget elementor-widget-text-editor\" data-id=\"6b634a1\" data-element_type=\"widget\" data-e-type=\"widget\" data-widget_type=\"text-editor.default\">\n\t\t\t\t<div class=\"elementor-widget-container\">\n\t\t\t\t\t\t\t\t\tOSYPKA m\u00e1 rozs\u00e1hl\u00e9 portfolio produkt\u016f pro kardiostimulaci, kter\u00e9 zahrnuje epikardi\u00e1ln\u00ed (kardiochirurgickou), transven\u00f3zn\u00ed (p\u0159echodnou), transesofage\u00e1ln\u00ed a transkut\u00e1nn\u00ed stimulaci, kabely a p\u0159\u00edslu\u0161enstv\u00ed.\t\t\t\t\t\t\t\t<\/div>\n\t\t\t\t<\/div>\n\t\t\t\t\t<\/div>\n\t\t<\/div>\n\t\t\t\t\t<\/div>\n\t\t<\/section>\n\t\t\t\t<section class=\"elementor-section elementor-top-section elementor-element elementor-element-02b3d1d elementor-section-boxed elementor-section-height-default elementor-section-height-default\" data-id=\"02b3d1d\" data-element_type=\"section\" data-e-type=\"section\" data-settings=\"{&quot;background_background&quot;:&quot;classic&quot;}\">\n\t\t\t\t\t\t<div class=\"elementor-container elementor-column-gap-default\">\n\t\t\t\t\t<div class=\"elementor-column elementor-col-33 elementor-top-column elementor-element elementor-element-ae430bc\" data-id=\"ae430bc\" data-element_type=\"column\" data-e-type=\"column\" data-settings=\"{&quot;background_background&quot;:&quot;classic&quot;}\">\n\t\t\t<div class=\"elementor-widget-wrap elementor-element-populated\">\n\t\t\t\t\t\t<div class=\"elementor-element elementor-element-1a8b036 elementor-widget elementor-widget-image\" data-id=\"1a8b036\" data-element_type=\"widget\" data-e-type=\"widget\" data-widget_type=\"image.default\">\n\t\t\t\t<div class=\"elementor-widget-container\">\n\t\t\t\t\t\t\t\t\t\t\t\t\t\t\t\t<a href=\"https:\/\/osypka.de\/cs\/pacing\/tme-herzdraehte\/\">\n\t\t\t\t\t\t\t<img fetchpriority=\"high\" decoding=\"async\" width=\"550\" height=\"170\" src=\"https:\/\/osypka.de\/wp-content\/uploads\/2024\/01\/Produktkategorie-TME.png\" class=\"attachment-large size-large wp-image-31118\" alt=\"Pacing\" srcset=\"https:\/\/osypka.de\/wp-content\/uploads\/2024\/01\/Produktkategorie-TME.png 550w, https:\/\/osypka.de\/wp-content\/uploads\/2024\/01\/Produktkategorie-TME-300x93.png 300w, https:\/\/osypka.de\/wp-content\/uploads\/2024\/01\/Produktkategorie-TME-18x6.png 18w\" sizes=\"(max-width: 550px) 100vw, 550px\" \/>\t\t\t\t\t\t\t\t<\/a>\n\t\t\t\t\t\t\t\t\t\t\t\t\t\t\t<\/div>\n\t\t\t\t<\/div>\n\t\t\t\t<div class=\"elementor-element elementor-element-e7120ca elementor-widget elementor-widget-heading\" data-id=\"e7120ca\" data-element_type=\"widget\" data-e-type=\"widget\" data-widget_type=\"heading.default\">\n\t\t\t\t<div class=\"elementor-widget-container\">\n\t\t\t\t\t<h4 class=\"elementor-heading-title elementor-size-default\"><a href=\"https:\/\/osypka.de\/cs\/pacing\/tme-herzdraehte\/\">TME srde\u010dn\u00ed dr\u00e1ty\n\n<\/a><\/h4>\t\t\t\t<\/div>\n\t\t\t\t<\/div>\n\t\t\t\t\t<\/div>\n\t\t<\/div>\n\t\t\t\t<div class=\"elementor-column elementor-col-33 elementor-top-column elementor-element elementor-element-ed6fbb5\" data-id=\"ed6fbb5\" data-element_type=\"column\" data-e-type=\"column\" data-settings=\"{&quot;background_background&quot;:&quot;classic&quot;}\">\n\t\t\t<div class=\"elementor-widget-wrap elementor-element-populated\">\n\t\t\t\t\t\t<div class=\"elementor-element elementor-element-24654ae elementor-widget elementor-widget-image\" data-id=\"24654ae\" data-element_type=\"widget\" data-e-type=\"widget\" data-widget_type=\"image.default\">\n\t\t\t\t<div class=\"elementor-widget-container\">\n\t\t\t\t\t\t\t\t\t\t\t\t\t\t\t\t<a href=\"https:\/\/osypka.de\/cs\/produkte\/pacing\/passagere-elektroden\/\">\n\t\t\t\t\t\t\t<img decoding=\"async\" width=\"550\" height=\"170\" src=\"https:\/\/osypka.de\/wp-content\/uploads\/2024\/01\/Produktkategorie-Passage-Elektroden.png\" class=\"attachment-large size-large wp-image-31116\" alt=\"Pacing\" srcset=\"https:\/\/osypka.de\/wp-content\/uploads\/2024\/01\/Produktkategorie-Passage-Elektroden.png 550w, https:\/\/osypka.de\/wp-content\/uploads\/2024\/01\/Produktkategorie-Passage-Elektroden-300x93.png 300w, https:\/\/osypka.de\/wp-content\/uploads\/2024\/01\/Produktkategorie-Passage-Elektroden-18x6.png 18w\" sizes=\"(max-width: 550px) 100vw, 550px\" \/>\t\t\t\t\t\t\t\t<\/a>\n\t\t\t\t\t\t\t\t\t\t\t\t\t\t\t<\/div>\n\t\t\t\t<\/div>\n\t\t\t\t<div class=\"elementor-element elementor-element-d5deac3 elementor-widget elementor-widget-heading\" data-id=\"d5deac3\" data-element_type=\"widget\" data-e-type=\"widget\" data-widget_type=\"heading.default\">\n\t\t\t\t<div class=\"elementor-widget-container\">\n\t\t\t\t\t<h4 class=\"elementor-heading-title elementor-size-default\"><a href=\"https:\/\/osypka.de\/cs\/produkte\/pacing\/passagere-elektroden\/\">P\u0159echodn\u00e9 elektrody<\/a><\/h4>\t\t\t\t<\/div>\n\t\t\t\t<\/div>\n\t\t\t\t\t<\/div>\n\t\t<\/div>\n\t\t\t\t<div class=\"elementor-column elementor-col-33 elementor-top-column elementor-element elementor-element-e4cb561\" data-id=\"e4cb561\" data-element_type=\"column\" data-e-type=\"column\" data-settings=\"{&quot;background_background&quot;:&quot;classic&quot;}\">\n\t\t\t<div class=\"elementor-widget-wrap elementor-element-populated\">\n\t\t\t\t\t\t<div class=\"elementor-element elementor-element-0812581 elementor-widget elementor-widget-image\" data-id=\"0812581\" data-element_type=\"widget\" data-e-type=\"widget\" data-widget_type=\"image.default\">\n\t\t\t\t<div class=\"elementor-widget-container\">\n\t\t\t\t\t\t\t\t\t\t\t\t\t\t\t\t<a href=\"https:\/\/osypka.de\/cs\/produkte\/pacing\/externe-herzschrittmacher\/\">\n\t\t\t\t\t\t\t<img decoding=\"async\" width=\"550\" height=\"170\" src=\"https:\/\/osypka.de\/wp-content\/uploads\/2024\/01\/Produktkategorie-Externe_Herzschrittmacher.png\" class=\"attachment-large size-large wp-image-31110\" alt=\"Pacing\" srcset=\"https:\/\/osypka.de\/wp-content\/uploads\/2024\/01\/Produktkategorie-Externe_Herzschrittmacher.png 550w, https:\/\/osypka.de\/wp-content\/uploads\/2024\/01\/Produktkategorie-Externe_Herzschrittmacher-300x93.png 300w, https:\/\/osypka.de\/wp-content\/uploads\/2024\/01\/Produktkategorie-Externe_Herzschrittmacher-18x6.png 18w\" sizes=\"(max-width: 550px) 100vw, 550px\" \/>\t\t\t\t\t\t\t\t<\/a>\n\t\t\t\t\t\t\t\t\t\t\t\t\t\t\t<\/div>\n\t\t\t\t<\/div>\n\t\t\t\t<div class=\"elementor-element elementor-element-ecc7400 elementor-widget elementor-widget-heading\" data-id=\"ecc7400\" data-element_type=\"widget\" data-e-type=\"widget\" data-widget_type=\"heading.default\">\n\t\t\t\t<div class=\"elementor-widget-container\">\n\t\t\t\t\t<h4 class=\"elementor-heading-title elementor-size-default\"><a href=\"https:\/\/osypka.de\/cs\/produkte\/pacing\/externe-herzschrittmacher\/\">Extern\u00ed kardiostimul\u00e1tory<\/a><\/h4>\t\t\t\t<\/div>\n\t\t\t\t<\/div>\n\t\t\t\t\t<\/div>\n\t\t<\/div>\n\t\t\t\t\t<\/div>\n\t\t<\/section>\n\t\t\t\t<section class=\"elementor-section elementor-top-section elementor-element elementor-element-10a105b elementor-section-boxed elementor-section-height-default elementor-section-height-default\" data-id=\"10a105b\" data-element_type=\"section\" data-e-type=\"section\" data-settings=\"{&quot;background_background&quot;:&quot;classic&quot;}\">\n\t\t\t\t\t\t<div class=\"elementor-container elementor-column-gap-default\">\n\t\t\t\t\t<div class=\"elementor-column elementor-col-33 elementor-top-column elementor-element elementor-element-139711f\" data-id=\"139711f\" data-element_type=\"column\" data-e-type=\"column\" data-settings=\"{&quot;background_background&quot;:&quot;classic&quot;}\">\n\t\t\t<div class=\"elementor-widget-wrap elementor-element-populated\">\n\t\t\t\t\t\t<div class=\"elementor-element elementor-element-68076ad elementor-widget elementor-widget-image\" data-id=\"68076ad\" data-element_type=\"widget\" data-e-type=\"widget\" data-widget_type=\"image.default\">\n\t\t\t\t<div class=\"elementor-widget-container\">\n\t\t\t\t\t\t\t\t\t\t\t\t\t\t\t\t<a href=\"https:\/\/osypka.de\/cs\/produkte\/pacing\/to-f-und-to-f-j\/\">\n\t\t\t\t\t\t\t<img loading=\"lazy\" decoding=\"async\" width=\"550\" height=\"170\" src=\"https:\/\/osypka.de\/wp-content\/uploads\/2024\/01\/Produktkategorie-TO-F_TO-F_J.png\" class=\"attachment-large size-large wp-image-31120\" alt=\"Pacing\" srcset=\"https:\/\/osypka.de\/wp-content\/uploads\/2024\/01\/Produktkategorie-TO-F_TO-F_J.png 550w, https:\/\/osypka.de\/wp-content\/uploads\/2024\/01\/Produktkategorie-TO-F_TO-F_J-300x93.png 300w, https:\/\/osypka.de\/wp-content\/uploads\/2024\/01\/Produktkategorie-TO-F_TO-F_J-18x6.png 18w\" sizes=\"(max-width: 550px) 100vw, 550px\" \/>\t\t\t\t\t\t\t\t<\/a>\n\t\t\t\t\t\t\t\t\t\t\t\t\t\t\t<\/div>\n\t\t\t\t<\/div>\n\t\t\t\t<div class=\"elementor-element elementor-element-efabe52 elementor-widget elementor-widget-heading\" data-id=\"efabe52\" data-element_type=\"widget\" data-e-type=\"widget\" data-widget_type=\"heading.default\">\n\t\t\t\t<div class=\"elementor-widget-container\">\n\t\t\t\t\t<h4 class=\"elementor-heading-title elementor-size-default\"><a href=\"https:\/\/osypka.de\/cs\/produkte\/pacing\/to-f-und-to-f-j\/\">TO-F a TO-F J<\/a><\/h4>\t\t\t\t<\/div>\n\t\t\t\t<\/div>\n\t\t\t\t\t<\/div>\n\t\t<\/div>\n\t\t\t\t<div class=\"elementor-column elementor-col-33 elementor-top-column elementor-element elementor-element-c7b5688\" data-id=\"c7b5688\" data-element_type=\"column\" data-e-type=\"column\">\n\t\t\t<div class=\"elementor-widget-wrap\">\n\t\t\t\t\t\t\t<\/div>\n\t\t<\/div>\n\t\t\t\t<div class=\"elementor-column elementor-col-33 elementor-top-column elementor-element elementor-element-3ffbdb5\" data-id=\"3ffbdb5\" data-element_type=\"column\" data-e-type=\"column\">\n\t\t\t<div class=\"elementor-widget-wrap\">\n\t\t\t\t\t\t\t<\/div>\n\t\t<\/div>\n\t\t\t\t\t<\/div>\n\t\t<\/section>\n\t\t\t\t<\/div>","protected":false},"excerpt":{"rendered":"<p>Pacing Produktportfolio Pacing OSYPKA \u2013 Ihr Partner f\u00fcr Pacing! OSYPKA hat ein umfangreiches Produktportfolio an Pacing Produkten, das sowohl epikardiale (herzchirurgische), transven\u00f6se (passagere), trans\u00f6sophagiale und transkutane Stimulation, Kabel und Zubeh\u00f6r beinhaltet. TME Herzdr\u00e4hte Passagere Elektroden Externe Herzschrittmacher TO-F und TO-F J<\/p>","protected":false},"author":1,"featured_media":32140,"parent":25588,"menu_order":0,"comment_status":"closed","ping_status":"closed","template":"","meta":{"_acf_changed":false,"site-sidebar-layout":"no-sidebar","site-content-layout":"page-builder","ast-site-content-layout":"full-width-container","site-content-style":"unboxed","site-sidebar-style":"unboxed","ast-global-header-display":"","ast-banner-title-visibility":"","ast-main-header-display":"","ast-hfb-above-header-display":"","ast-hfb-below-header-display":"","ast-hfb-mobile-header-display":"","site-post-title":"disabled","ast-breadcrumbs-content":"","ast-featured-img":"disabled","footer-sml-layout":"","ast-disable-related-posts":"","theme-transparent-header-meta":"default","adv-header-id-meta":"","stick-header-meta":"","header-above-stick-meta":"","header-main-stick-meta":"","header-below-stick-meta":"","astra-migrate-meta-layouts":"set","ast-page-background-enabled":"default","ast-page-background-meta":{"desktop":{"background-color":"","background-image":"","background-repeat":"repeat","background-position":"center center","background-size":"auto","background-attachment":"scroll","background-type":"","background-media":"","overlay-type":"","overlay-color":"","overlay-opacity":"","overlay-gradient":""},"tablet":{"background-color":"","background-image":"","background-repeat":"repeat","background-position":"center center","background-size":"auto","background-attachment":"scroll","background-type":"","background-media":"","overlay-type":"","overlay-color":"","overlay-opacity":"","overlay-gradient":""},"mobile":{"background-color":"","background-image":"","background-repeat":"repeat","background-position":"center center","background-size":"auto","background-attachment":"scroll","background-type":"","background-media":"","overlay-type":"","overlay-color":"","overlay-opacity":"","overlay-gradient":""}},"ast-content-background-meta":{"desktop":{"background-color":"var(--ast-global-color-5)","background-image":"","background-repeat":"repeat","background-position":"center center","background-size":"auto","background-attachment":"scroll","background-type":"","background-media":"","overlay-type":"","overlay-color":"","overlay-opacity":"","overlay-gradient":""},"tablet":{"background-color":"var(--ast-global-color-5)","background-image":"","background-repeat":"repeat","background-position":"center center","background-size":"auto","background-attachment":"scroll","background-type":"","background-media":"","overlay-type":"","overlay-color":"","overlay-opacity":"","overlay-gradient":""},"mobile":{"background-color":"var(--ast-global-color-5)","background-image":"","background-repeat":"repeat","background-position":"center center","background-size":"auto","background-attachment":"scroll","background-type":"","background-media":"","overlay-type":"","overlay-color":"","overlay-opacity":"","overlay-gradient":""}},"footnotes":""},"class_list":["post-24817","page","type-page","status-publish","has-post-thumbnail","hentry"],"acf":[],"yoast_head":"<!-- This site is optimized with the Yoast SEO plugin v27.0 - https:\/\/yoast.com\/product\/yoast-seo-wordpress\/ -->\n<title>Pacing - OSYPKA<\/title>\n<meta name=\"description\" content=\"Pacing \u2013 OSYPKA hat ein Produktportfolio an Pacing Produkten, das epikardiale, transven\u00f6se, trans\u00f6sophagiale und mehr beinhaltet.\" \/>\n<meta name=\"robots\" content=\"index, follow, max-snippet:-1, max-image-preview:large, max-video-preview:-1\" \/>\n<link rel=\"canonical\" href=\"https:\/\/osypka.de\/cs\/produkte\/pacing\/\" \/>\n<meta property=\"og:locale\" content=\"cs_CZ\" \/>\n<meta property=\"og:type\" content=\"article\" \/>\n<meta property=\"og:title\" content=\"Pacing - OSYPKA\" \/>\n<meta property=\"og:description\" content=\"Pacing \u2013 OSYPKA hat ein Produktportfolio an Pacing Produkten, das epikardiale, transven\u00f6se, trans\u00f6sophagiale und mehr beinhaltet.\" \/>\n<meta property=\"og:url\" content=\"https:\/\/osypka.de\/cs\/produkte\/pacing\/\" \/>\n<meta property=\"og:site_name\" content=\"OSYPKA\" \/>\n<meta property=\"article:modified_time\" content=\"2025-05-05T07:37:58+00:00\" \/>\n<meta property=\"og:image\" content=\"https:\/\/osypka.de\/wp-content\/uploads\/2024\/01\/OSYPKA_Pacing_NEU.png\" \/>\n\t<meta property=\"og:image:width\" content=\"2000\" \/>\n\t<meta property=\"og:image:height\" content=\"390\" \/>\n\t<meta property=\"og:image:type\" content=\"image\/png\" \/>\n<meta name=\"twitter:card\" content=\"summary_large_image\" \/>\n<meta name=\"twitter:label1\" content=\"Odhadovan\u00e1 doba \u010dten\u00ed\" \/>\n\t<meta name=\"twitter:data1\" content=\"2 minuty\" \/>\n<script type=\"application\/ld+json\" class=\"yoast-schema-graph\">{\"@context\":\"https:\/\/schema.org\",\"@graph\":[{\"@type\":\"WebPage\",\"@id\":\"https:\/\/osypka.de\/produkte\/pacing\/\",\"url\":\"https:\/\/osypka.de\/produkte\/pacing\/\",\"name\":\"Pacing - OSYPKA\",\"isPartOf\":{\"@id\":\"https:\/\/osypka.de\/#website\"},\"primaryImageOfPage\":{\"@id\":\"https:\/\/osypka.de\/produkte\/pacing\/#primaryimage\"},\"image\":{\"@id\":\"https:\/\/osypka.de\/produkte\/pacing\/#primaryimage\"},\"thumbnailUrl\":\"https:\/\/osypka.de\/wp-content\/uploads\/2024\/01\/OSYPKA_Pacing_NEU.png\",\"datePublished\":\"2023-06-07T12:24:56+00:00\",\"dateModified\":\"2025-05-05T07:37:58+00:00\",\"description\":\"Pacing \u2013 OSYPKA hat ein Produktportfolio an Pacing Produkten, das epikardiale, transven\u00f6se, trans\u00f6sophagiale und mehr beinhaltet.\",\"breadcrumb\":{\"@id\":\"https:\/\/osypka.de\/produkte\/pacing\/#breadcrumb\"},\"inLanguage\":\"cs\",\"potentialAction\":[{\"@type\":\"ReadAction\",\"target\":[\"https:\/\/osypka.de\/produkte\/pacing\/\"]}]},{\"@type\":\"ImageObject\",\"inLanguage\":\"cs\",\"@id\":\"https:\/\/osypka.de\/produkte\/pacing\/#primaryimage\",\"url\":\"https:\/\/osypka.de\/wp-content\/uploads\/2024\/01\/OSYPKA_Pacing_NEU.png\",\"contentUrl\":\"https:\/\/osypka.de\/wp-content\/uploads\/2024\/01\/OSYPKA_Pacing_NEU.png\",\"width\":2000,\"height\":390,\"caption\":\"Pacing\"},{\"@type\":\"BreadcrumbList\",\"@id\":\"https:\/\/osypka.de\/produkte\/pacing\/#breadcrumb\",\"itemListElement\":[{\"@type\":\"ListItem\",\"position\":1,\"name\":\"Home\",\"item\":\"https:\/\/osypka.de\/\"},{\"@type\":\"ListItem\",\"position\":2,\"name\":\"Produkte\",\"item\":\"https:\/\/osypka.de\/produkte\/\"},{\"@type\":\"ListItem\",\"position\":3,\"name\":\"Pacing\"}]},{\"@type\":\"WebSite\",\"@id\":\"https:\/\/osypka.de\/#website\",\"url\":\"https:\/\/osypka.de\/\",\"name\":\"OSYPKA\",\"description\":\"Technology for an active life\",\"publisher\":{\"@id\":\"https:\/\/osypka.de\/#organization\"},\"potentialAction\":[{\"@type\":\"SearchAction\",\"target\":{\"@type\":\"EntryPoint\",\"urlTemplate\":\"https:\/\/osypka.de\/?s={search_term_string}\"},\"query-input\":{\"@type\":\"PropertyValueSpecification\",\"valueRequired\":true,\"valueName\":\"search_term_string\"}}],\"inLanguage\":\"cs\"},{\"@type\":\"Organization\",\"@id\":\"https:\/\/osypka.de\/#organization\",\"name\":\"OSYPKA\",\"url\":\"https:\/\/osypka.de\/\",\"logo\":{\"@type\":\"ImageObject\",\"inLanguage\":\"cs\",\"@id\":\"https:\/\/osypka.de\/#\/schema\/logo\/image\/\",\"url\":\"https:\/\/osypka.de\/wp-content\/uploads\/2020\/10\/OSYPKA_Logo.png\",\"contentUrl\":\"https:\/\/osypka.de\/wp-content\/uploads\/2020\/10\/OSYPKA_Logo.png\",\"width\":939,\"height\":235,\"caption\":\"OSYPKA\"},\"image\":{\"@id\":\"https:\/\/osypka.de\/#\/schema\/logo\/image\/\"}}]}<\/script>\n<!-- \/ Yoast SEO plugin. -->","yoast_head_json":{"title":"Pacing - OSYPKA","description":"Pacing \u2013 OSYPKA hat ein Produktportfolio an Pacing Produkten, das epikardiale, transven\u00f6se, trans\u00f6sophagiale und mehr beinhaltet.","robots":{"index":"index","follow":"follow","max-snippet":"max-snippet:-1","max-image-preview":"max-image-preview:large","max-video-preview":"max-video-preview:-1"},"canonical":"https:\/\/osypka.de\/cs\/produkte\/pacing\/","og_locale":"cs_CZ","og_type":"article","og_title":"Pacing - OSYPKA","og_description":"Pacing \u2013 OSYPKA hat ein Produktportfolio an Pacing Produkten, das epikardiale, transven\u00f6se, trans\u00f6sophagiale und mehr beinhaltet.","og_url":"https:\/\/osypka.de\/cs\/produkte\/pacing\/","og_site_name":"OSYPKA","article_modified_time":"2025-05-05T07:37:58+00:00","og_image":[{"width":2000,"height":390,"url":"https:\/\/osypka.de\/wp-content\/uploads\/2024\/01\/OSYPKA_Pacing_NEU.png","type":"image\/png"}],"twitter_card":"summary_large_image","twitter_misc":{"Odhadovan\u00e1 doba \u010dten\u00ed":"2 minuty"},"schema":{"@context":"https:\/\/schema.org","@graph":[{"@type":"WebPage","@id":"https:\/\/osypka.de\/produkte\/pacing\/","url":"https:\/\/osypka.de\/produkte\/pacing\/","name":"Pacing - OSYPKA","isPartOf":{"@id":"https:\/\/osypka.de\/#website"},"primaryImageOfPage":{"@id":"https:\/\/osypka.de\/produkte\/pacing\/#primaryimage"},"image":{"@id":"https:\/\/osypka.de\/produkte\/pacing\/#primaryimage"},"thumbnailUrl":"https:\/\/osypka.de\/wp-content\/uploads\/2024\/01\/OSYPKA_Pacing_NEU.png","datePublished":"2023-06-07T12:24:56+00:00","dateModified":"2025-05-05T07:37:58+00:00","description":"Pacing \u2013 OSYPKA hat ein Produktportfolio an Pacing Produkten, das epikardiale, transven\u00f6se, trans\u00f6sophagiale und mehr beinhaltet.","breadcrumb":{"@id":"https:\/\/osypka.de\/produkte\/pacing\/#breadcrumb"},"inLanguage":"cs","potentialAction":[{"@type":"ReadAction","target":["https:\/\/osypka.de\/produkte\/pacing\/"]}]},{"@type":"ImageObject","inLanguage":"cs","@id":"https:\/\/osypka.de\/produkte\/pacing\/#primaryimage","url":"https:\/\/osypka.de\/wp-content\/uploads\/2024\/01\/OSYPKA_Pacing_NEU.png","contentUrl":"https:\/\/osypka.de\/wp-content\/uploads\/2024\/01\/OSYPKA_Pacing_NEU.png","width":2000,"height":390,"caption":"Pacing"},{"@type":"BreadcrumbList","@id":"https:\/\/osypka.de\/produkte\/pacing\/#breadcrumb","itemListElement":[{"@type":"ListItem","position":1,"name":"Home","item":"https:\/\/osypka.de\/"},{"@type":"ListItem","position":2,"name":"Produkte","item":"https:\/\/osypka.de\/produkte\/"},{"@type":"ListItem","position":3,"name":"Pacing"}]},{"@type":"WebSite","@id":"https:\/\/osypka.de\/#website","url":"https:\/\/osypka.de\/","name":"OSYPKA","description":"Technologie pro aktivn\u00ed \u017eivot","publisher":{"@id":"https:\/\/osypka.de\/#organization"},"potentialAction":[{"@type":"SearchAction","target":{"@type":"EntryPoint","urlTemplate":"https:\/\/osypka.de\/?s={search_term_string}"},"query-input":{"@type":"PropertyValueSpecification","valueRequired":true,"valueName":"search_term_string"}}],"inLanguage":"cs"},{"@type":"Organization","@id":"https:\/\/osypka.de\/#organization","name":"OSYPKA","url":"https:\/\/osypka.de\/","logo":{"@type":"ImageObject","inLanguage":"cs","@id":"https:\/\/osypka.de\/#\/schema\/logo\/image\/","url":"https:\/\/osypka.de\/wp-content\/uploads\/2020\/10\/OSYPKA_Logo.png","contentUrl":"https:\/\/osypka.de\/wp-content\/uploads\/2020\/10\/OSYPKA_Logo.png","width":939,"height":235,"caption":"OSYPKA"},"image":{"@id":"https:\/\/osypka.de\/#\/schema\/logo\/image\/"}}]}},"publishpress_future_action":{"enabled":false,"date":"2026-04-23 16:35:20","action":"delete","newStatus":"draft","terms":[],"taxonomy":"","extraData":[]},"publishpress_future_workflow_manual_trigger":{"enabledWorkflows":[]},"_links":{"self":[{"href":"https:\/\/osypka.de\/cs\/wp-json\/wp\/v2\/pages\/24817","targetHints":{"allow":["GET"]}}],"collection":[{"href":"https:\/\/osypka.de\/cs\/wp-json\/wp\/v2\/pages"}],"about":[{"href":"https:\/\/osypka.de\/cs\/wp-json\/wp\/v2\/types\/page"}],"author":[{"embeddable":true,"href":"https:\/\/osypka.de\/cs\/wp-json\/wp\/v2\/users\/1"}],"replies":[{"embeddable":true,"href":"https:\/\/osypka.de\/cs\/wp-json\/wp\/v2\/comments?post=24817"}],"version-history":[{"count":43,"href":"https:\/\/osypka.de\/cs\/wp-json\/wp\/v2\/pages\/24817\/revisions"}],"predecessor-version":[{"id":37235,"href":"https:\/\/osypka.de\/cs\/wp-json\/wp\/v2\/pages\/24817\/revisions\/37235"}],"up":[{"embeddable":true,"href":"https:\/\/osypka.de\/cs\/wp-json\/wp\/v2\/pages\/25588"}],"wp:featuredmedia":[{"embeddable":true,"href":"https:\/\/osypka.de\/cs\/wp-json\/wp\/v2\/media\/32140"}],"wp:attachment":[{"href":"https:\/\/osypka.de\/cs\/wp-json\/wp\/v2\/media?parent=24817"}],"curies":[{"name":"wp","href":"https:\/\/api.w.org\/{rel}","templated":true}]}}