{"id":27398,"date":"2023-10-09T13:23:07","date_gmt":"2023-10-09T11:23:07","guid":{"rendered":"https:\/\/osypka.de\/?page_id=27398"},"modified":"2024-06-25T09:49:50","modified_gmt":"2024-06-25T07:49:50","slug":"valvuloplastie","status":"publish","type":"page","link":"https:\/\/osypka.de\/cs\/produkte\/valvuloplastie\/","title":{"rendered":"Valvuloplastika"},"content":{"rendered":"<div data-elementor-type=\"wp-page\" data-elementor-id=\"27398\" class=\"elementor elementor-27398\" data-elementor-post-type=\"page\">\n\t\t\t\t\t\t<section class=\"elementor-section elementor-top-section elementor-element elementor-element-7f964eb elementor-section-boxed elementor-section-height-default elementor-section-height-default\" data-id=\"7f964eb\" data-element_type=\"section\" data-e-type=\"section\" data-settings=\"{&quot;background_background&quot;:&quot;classic&quot;}\">\n\t\t\t\t\t\t<div class=\"elementor-container elementor-column-gap-default\">\n\t\t\t\t\t<div class=\"elementor-column elementor-col-100 elementor-top-column elementor-element elementor-element-2ed022c\" data-id=\"2ed022c\" data-element_type=\"column\" data-e-type=\"column\">\n\t\t\t<div class=\"elementor-widget-wrap elementor-element-populated\">\n\t\t\t\t\t\t<div class=\"elementor-element elementor-element-5ae3901 elementor-widget elementor-widget-heading\" data-id=\"5ae3901\" data-element_type=\"widget\" data-e-type=\"widget\" data-widget_type=\"heading.default\">\n\t\t\t\t<div class=\"elementor-widget-container\">\n\t\t\t\t\t<h2 class=\"elementor-heading-title elementor-size-default\">Valvuloplastika<\/h2>\t\t\t\t<\/div>\n\t\t\t\t<\/div>\n\t\t\t\t\t<\/div>\n\t\t<\/div>\n\t\t\t\t\t<\/div>\n\t\t<\/section>\n\t\t\t\t<section class=\"elementor-section elementor-top-section elementor-element elementor-element-cd36b0d elementor-section-boxed elementor-section-height-default elementor-section-height-default\" data-id=\"cd36b0d\" data-element_type=\"section\" data-e-type=\"section\" data-settings=\"{&quot;background_background&quot;:&quot;classic&quot;}\">\n\t\t\t\t\t\t<div class=\"elementor-container elementor-column-gap-default\">\n\t\t\t\t\t<div class=\"elementor-column elementor-col-100 elementor-top-column elementor-element elementor-element-a0e0f15\" data-id=\"a0e0f15\" data-element_type=\"column\" data-e-type=\"column\">\n\t\t\t<div class=\"elementor-widget-wrap elementor-element-populated\">\n\t\t\t\t\t\t<div class=\"elementor-element elementor-element-f625bd3 elementor-align-left elementor-widget elementor-widget-breadcrumbs\" data-id=\"f625bd3\" data-element_type=\"widget\" data-e-type=\"widget\" data-widget_type=\"breadcrumbs.default\">\n\t\t\t\t<div class=\"elementor-widget-container\">\n\t\t\t\t\t<p id=\"breadcrumbs\"><span><span><a href=\"https:\/\/osypka.de\/cs\/\">Home<\/a><\/span><\/span><\/p>\t\t\t\t<\/div>\n\t\t\t\t<\/div>\n\t\t\t\t\t<\/div>\n\t\t<\/div>\n\t\t\t\t\t<\/div>\n\t\t<\/section>\n\t\t\t\t<section class=\"elementor-section elementor-top-section elementor-element elementor-element-a2bc4f2 elementor-section-boxed elementor-section-height-default elementor-section-height-default\" data-id=\"a2bc4f2\" data-element_type=\"section\" data-e-type=\"section\" data-settings=\"{&quot;background_background&quot;:&quot;classic&quot;}\">\n\t\t\t\t\t\t<div class=\"elementor-container elementor-column-gap-default\">\n\t\t\t\t\t<div class=\"elementor-column elementor-col-100 elementor-top-column elementor-element elementor-element-15bef81\" data-id=\"15bef81\" data-element_type=\"column\" data-e-type=\"column\">\n\t\t\t<div class=\"elementor-widget-wrap elementor-element-populated\">\n\t\t\t\t\t\t<div class=\"elementor-element elementor-element-15def74 elementor-widget elementor-widget-heading\" data-id=\"15def74\" data-element_type=\"widget\" data-e-type=\"widget\" data-widget_type=\"heading.default\">\n\t\t\t\t<div class=\"elementor-widget-container\">\n\t\t\t\t\t<h2 class=\"elementor-heading-title elementor-size-default\">Portf\u00f3lio produkt\u016f<\/h2>\t\t\t\t<\/div>\n\t\t\t\t<\/div>\n\t\t\t\t<div class=\"elementor-element elementor-element-5395b0a elementor-widget elementor-widget-heading\" data-id=\"5395b0a\" data-element_type=\"widget\" data-e-type=\"widget\" data-widget_type=\"heading.default\">\n\t\t\t\t<div class=\"elementor-widget-container\">\n\t\t\t\t\t<h2 class=\"elementor-heading-title elementor-size-default\">Valvuloplastika<\/h2>\t\t\t\t<\/div>\n\t\t\t\t<\/div>\n\t\t\t\t<div class=\"elementor-element elementor-element-c03e89a elementor-widget__width-initial elementor-widget elementor-widget-text-editor\" data-id=\"c03e89a\" data-element_type=\"widget\" data-e-type=\"widget\" data-widget_type=\"text-editor.default\">\n\t\t\t\t<div class=\"elementor-widget-container\">\n\t\t\t\t\t\t\t\t\tOSYPKA nab\u00edz\u00ed vysoce kvalitn\u00ed a inovativn\u00ed bal\u00f3nkov\u00e9 katetry s n\u00edzk\u00fdm profilem bal\u00f3nku pro minim\u00e1ln\u011b invazivn\u00ed z\u00e1kroky u d\u011bt\u00ed a dosp\u011bl\u00fdch, stejn\u011b jako s vy\u0161\u0161\u00ed odolnost\u00ed proti tlaku pro TAVI procedury nebo vaskul\u00e1rn\u00ed sten\u00f3zy. \t\t\t\t\t\t\t\t<\/div>\n\t\t\t\t<\/div>\n\t\t\t\t\t<\/div>\n\t\t<\/div>\n\t\t\t\t\t<\/div>\n\t\t<\/section>\n\t\t\t\t<section class=\"elementor-section elementor-top-section elementor-element elementor-element-28b2f96 elementor-section-boxed elementor-section-height-default elementor-section-height-default\" data-id=\"28b2f96\" data-element_type=\"section\" data-e-type=\"section\" data-settings=\"{&quot;background_background&quot;:&quot;classic&quot;}\">\n\t\t\t\t\t\t<div class=\"elementor-container elementor-column-gap-default\">\n\t\t\t\t\t<div class=\"elementor-column elementor-col-33 elementor-top-column elementor-element elementor-element-91c8fa5\" data-id=\"91c8fa5\" data-element_type=\"column\" data-e-type=\"column\" data-settings=\"{&quot;background_background&quot;:&quot;classic&quot;}\">\n\t\t\t<div class=\"elementor-widget-wrap elementor-element-populated\">\n\t\t\t\t\t\t<div class=\"elementor-element elementor-element-ff90be8 elementor-widget elementor-widget-image\" data-id=\"ff90be8\" data-element_type=\"widget\" data-e-type=\"widget\" data-widget_type=\"image.default\">\n\t\t\t\t<div class=\"elementor-widget-container\">\n\t\t\t\t\t\t\t\t\t\t\t\t\t\t\t\t<a href=\"https:\/\/osypka.de\/cs\/produkte\/valvuloplastie\/valvuloplastie-ballonkatheter\/\">\n\t\t\t\t\t\t\t<img fetchpriority=\"high\" decoding=\"async\" width=\"550\" height=\"170\" src=\"https:\/\/osypka.de\/wp-content\/uploads\/2024\/01\/Produktkategorie-VACS.png\" class=\"attachment-large size-large wp-image-31122\" alt=\"Hersteller hochwertiger Medizinprodukte\" srcset=\"https:\/\/osypka.de\/wp-content\/uploads\/2024\/01\/Produktkategorie-VACS.png 550w, https:\/\/osypka.de\/wp-content\/uploads\/2024\/01\/Produktkategorie-VACS-300x93.png 300w, https:\/\/osypka.de\/wp-content\/uploads\/2024\/01\/Produktkategorie-VACS-18x6.png 18w\" sizes=\"(max-width: 550px) 100vw, 550px\" \/>\t\t\t\t\t\t\t\t<\/a>\n\t\t\t\t\t\t\t\t\t\t\t\t\t\t\t<\/div>\n\t\t\t\t<\/div>\n\t\t\t\t<div class=\"elementor-element elementor-element-9b7adde elementor-widget elementor-widget-heading\" data-id=\"9b7adde\" data-element_type=\"widget\" data-e-type=\"widget\" data-widget_type=\"heading.default\">\n\t\t\t\t<div class=\"elementor-widget-container\">\n\t\t\t\t\t<h4 class=\"elementor-heading-title elementor-size-default\"><a href=\"https:\/\/osypka.de\/cs\/produkte\/valvuloplastie\/valvuloplastie-ballonkatheter\/\">VACS II &amp; VACS III<\/a><\/h4>\t\t\t\t<\/div>\n\t\t\t\t<\/div>\n\t\t\t\t\t<\/div>\n\t\t<\/div>\n\t\t\t\t<div class=\"elementor-column elementor-col-33 elementor-top-column elementor-element elementor-element-7e36d1f\" data-id=\"7e36d1f\" data-element_type=\"column\" data-e-type=\"column\" data-settings=\"{&quot;background_background&quot;:&quot;classic&quot;}\">\n\t\t\t<div class=\"elementor-widget-wrap elementor-element-populated\">\n\t\t\t\t\t\t<div class=\"elementor-element elementor-element-40ad665 elementor-widget elementor-widget-image\" data-id=\"40ad665\" data-element_type=\"widget\" data-e-type=\"widget\" data-widget_type=\"image.default\">\n\t\t\t\t<div class=\"elementor-widget-container\">\n\t\t\t\t\t\t\t\t\t\t\t\t\t\t\t\t<a href=\"https:\/\/osypka.de\/cs\/produkte\/valvuloplastie\/valvuloplastie-ballonkatheter-gen-2\/\">\n\t\t\t\t\t\t\t<img decoding=\"async\" width=\"550\" height=\"170\" src=\"https:\/\/osypka.de\/wp-content\/uploads\/2023\/10\/Produktkategorie-VACS-Gen-2.png\" class=\"attachment-large size-large wp-image-35750\" alt=\"\" srcset=\"https:\/\/osypka.de\/wp-content\/uploads\/2023\/10\/Produktkategorie-VACS-Gen-2.png 550w, https:\/\/osypka.de\/wp-content\/uploads\/2023\/10\/Produktkategorie-VACS-Gen-2-300x93.png 300w, https:\/\/osypka.de\/wp-content\/uploads\/2023\/10\/Produktkategorie-VACS-Gen-2-18x6.png 18w\" sizes=\"(max-width: 550px) 100vw, 550px\" \/>\t\t\t\t\t\t\t\t<\/a>\n\t\t\t\t\t\t\t\t\t\t\t\t\t\t\t<\/div>\n\t\t\t\t<\/div>\n\t\t\t\t<div class=\"elementor-element elementor-element-ad8ae52 elementor-widget elementor-widget-heading\" data-id=\"ad8ae52\" data-element_type=\"widget\" data-e-type=\"widget\" data-widget_type=\"heading.default\">\n\t\t\t\t<div class=\"elementor-widget-container\">\n\t\t\t\t\t<h4 class=\"elementor-heading-title elementor-size-default\"><a href=\"https:\/\/osypka.de\/cs\/produkte\/valvuloplastie\/valvuloplastie-ballonkatheter-gen-2\/\">NEW!<\/a><\/h4>\t\t\t\t<\/div>\n\t\t\t\t<\/div>\n\t\t\t\t<div class=\"elementor-element elementor-element-e0e7c2b elementor-widget elementor-widget-heading\" data-id=\"e0e7c2b\" data-element_type=\"widget\" data-e-type=\"widget\" data-widget_type=\"heading.default\">\n\t\t\t\t<div class=\"elementor-widget-container\">\n\t\t\t\t\t<h4 class=\"elementor-heading-title elementor-size-default\"><a href=\"https:\/\/osypka.de\/cs\/produkte\/valvuloplastie\/valvuloplastie-ballonkatheter-gen-2\/\">VACS II &amp; VACS III Gen2<\/a><\/h4>\t\t\t\t<\/div>\n\t\t\t\t<\/div>\n\t\t\t\t\t<\/div>\n\t\t<\/div>\n\t\t\t\t<div class=\"elementor-column elementor-col-33 elementor-top-column elementor-element elementor-element-8e00683\" data-id=\"8e00683\" data-element_type=\"column\" data-e-type=\"column\">\n\t\t\t<div class=\"elementor-widget-wrap\">\n\t\t\t\t\t\t\t<\/div>\n\t\t<\/div>\n\t\t\t\t\t<\/div>\n\t\t<\/section>\n\t\t\t\t<\/div>","protected":false},"excerpt":{"rendered":"<p>Valvuloplastie Produktportfolio Valvuloplastie OSYPKA bietet hochwertige und innovative Ballonkatheter mit geringem Ballonprofil f\u00fcr minimal invasive Eingriffe bei Kindern und Erwachsenen, sowie mit erh\u00f6hter Druckfestigkeit f\u00fcr TAVI-Prozeduren oder Gef\u00e4\u00dfstenosen an. VACS II &#038; VACS III NEW! VACS II &amp; VACS III Gen2<\/p>","protected":false},"author":1,"featured_media":31124,"parent":25588,"menu_order":0,"comment_status":"closed","ping_status":"closed","template":"","meta":{"_acf_changed":false,"site-sidebar-layout":"no-sidebar","site-content-layout":"page-builder","ast-site-content-layout":"full-width-container","site-content-style":"unboxed","site-sidebar-style":"unboxed","ast-global-header-display":"","ast-banner-title-visibility":"","ast-main-header-display":"","ast-hfb-above-header-display":"","ast-hfb-below-header-display":"","ast-hfb-mobile-header-display":"","site-post-title":"disabled","ast-breadcrumbs-content":"","ast-featured-img":"disabled","footer-sml-layout":"","ast-disable-related-posts":"","theme-transparent-header-meta":"default","adv-header-id-meta":"","stick-header-meta":"","header-above-stick-meta":"","header-main-stick-meta":"","header-below-stick-meta":"","astra-migrate-meta-layouts":"set","ast-page-background-enabled":"default","ast-page-background-meta":{"desktop":{"background-color":"","background-image":"","background-repeat":"repeat","background-position":"center center","background-size":"auto","background-attachment":"scroll","background-type":"","background-media":"","overlay-type":"","overlay-color":"","overlay-opacity":"","overlay-gradient":""},"tablet":{"background-color":"","background-image":"","background-repeat":"repeat","background-position":"center center","background-size":"auto","background-attachment":"scroll","background-type":"","background-media":"","overlay-type":"","overlay-color":"","overlay-opacity":"","overlay-gradient":""},"mobile":{"background-color":"","background-image":"","background-repeat":"repeat","background-position":"center center","background-size":"auto","background-attachment":"scroll","background-type":"","background-media":"","overlay-type":"","overlay-color":"","overlay-opacity":"","overlay-gradient":""}},"ast-content-background-meta":{"desktop":{"background-color":"var(--ast-global-color-5)","background-image":"","background-repeat":"repeat","background-position":"center center","background-size":"auto","background-attachment":"scroll","background-type":"","background-media":"","overlay-type":"","overlay-color":"","overlay-opacity":"","overlay-gradient":""},"tablet":{"background-color":"var(--ast-global-color-5)","background-image":"","background-repeat":"repeat","background-position":"center center","background-size":"auto","background-attachment":"scroll","background-type":"","background-media":"","overlay-type":"","overlay-color":"","overlay-opacity":"","overlay-gradient":""},"mobile":{"background-color":"var(--ast-global-color-5)","background-image":"","background-repeat":"repeat","background-position":"center center","background-size":"auto","background-attachment":"scroll","background-type":"","background-media":"","overlay-type":"","overlay-color":"","overlay-opacity":"","overlay-gradient":""}},"footnotes":""},"class_list":["post-27398","page","type-page","status-publish","has-post-thumbnail","hentry"],"acf":[],"yoast_head":"<!-- This site is optimized with the Yoast SEO plugin v27.0 - https:\/\/yoast.com\/product\/yoast-seo-wordpress\/ -->\n<title>Valvuloplastie - OSYPKA<\/title>\n<meta name=\"description\" content=\"Valvuloplastie - Hochwertige und innovative Ballonkatheter mit geringem Ballonprofil f\u00fcr minimale Eingriffe bei Kindern und Erwachsenen.\" \/>\n<meta name=\"robots\" content=\"index, follow, max-snippet:-1, max-image-preview:large, max-video-preview:-1\" \/>\n<link rel=\"canonical\" href=\"https:\/\/osypka.de\/cs\/produkte\/valvuloplastie\/\" \/>\n<meta property=\"og:locale\" content=\"cs_CZ\" \/>\n<meta property=\"og:type\" content=\"article\" \/>\n<meta property=\"og:title\" content=\"Valvuloplastie - OSYPKA\" \/>\n<meta property=\"og:description\" content=\"Valvuloplastie - Hochwertige und innovative Ballonkatheter mit geringem Ballonprofil f\u00fcr minimale Eingriffe bei Kindern und Erwachsenen.\" \/>\n<meta property=\"og:url\" content=\"https:\/\/osypka.de\/cs\/produkte\/valvuloplastie\/\" \/>\n<meta property=\"og:site_name\" content=\"OSYPKA\" \/>\n<meta property=\"article:modified_time\" content=\"2024-06-25T07:49:50+00:00\" \/>\n<meta property=\"og:image\" content=\"https:\/\/osypka.de\/wp-content\/uploads\/2024\/01\/Produktkategorie-Valvuloplastie.png\" \/>\n\t<meta property=\"og:image:width\" content=\"550\" \/>\n\t<meta property=\"og:image:height\" content=\"170\" \/>\n\t<meta property=\"og:image:type\" content=\"image\/png\" \/>\n<meta name=\"twitter:card\" content=\"summary_large_image\" \/>\n<meta name=\"twitter:label1\" content=\"Odhadovan\u00e1 doba \u010dten\u00ed\" \/>\n\t<meta name=\"twitter:data1\" content=\"1 minuta\" \/>\n<script type=\"application\/ld+json\" class=\"yoast-schema-graph\">{\"@context\":\"https:\/\/schema.org\",\"@graph\":[{\"@type\":\"WebPage\",\"@id\":\"https:\/\/osypka.de\/produkte\/valvuloplastie\/\",\"url\":\"https:\/\/osypka.de\/produkte\/valvuloplastie\/\",\"name\":\"Valvuloplastie - OSYPKA\",\"isPartOf\":{\"@id\":\"https:\/\/osypka.de\/#website\"},\"primaryImageOfPage\":{\"@id\":\"https:\/\/osypka.de\/produkte\/valvuloplastie\/#primaryimage\"},\"image\":{\"@id\":\"https:\/\/osypka.de\/produkte\/valvuloplastie\/#primaryimage\"},\"thumbnailUrl\":\"https:\/\/osypka.de\/wp-content\/uploads\/2024\/01\/Produktkategorie-Valvuloplastie.png\",\"datePublished\":\"2023-10-09T11:23:07+00:00\",\"dateModified\":\"2024-06-25T07:49:50+00:00\",\"description\":\"Valvuloplastie - Hochwertige und innovative Ballonkatheter mit geringem Ballonprofil f\u00fcr minimale Eingriffe bei Kindern und Erwachsenen.\",\"breadcrumb\":{\"@id\":\"https:\/\/osypka.de\/produkte\/valvuloplastie\/#breadcrumb\"},\"inLanguage\":\"cs\",\"potentialAction\":[{\"@type\":\"ReadAction\",\"target\":[\"https:\/\/osypka.de\/produkte\/valvuloplastie\/\"]}]},{\"@type\":\"ImageObject\",\"inLanguage\":\"cs\",\"@id\":\"https:\/\/osypka.de\/produkte\/valvuloplastie\/#primaryimage\",\"url\":\"https:\/\/osypka.de\/wp-content\/uploads\/2024\/01\/Produktkategorie-Valvuloplastie.png\",\"contentUrl\":\"https:\/\/osypka.de\/wp-content\/uploads\/2024\/01\/Produktkategorie-Valvuloplastie.png\",\"width\":550,\"height\":170,\"caption\":\"Valvuloplastie\"},{\"@type\":\"BreadcrumbList\",\"@id\":\"https:\/\/osypka.de\/produkte\/valvuloplastie\/#breadcrumb\",\"itemListElement\":[{\"@type\":\"ListItem\",\"position\":1,\"name\":\"Home\",\"item\":\"https:\/\/osypka.de\/\"},{\"@type\":\"ListItem\",\"position\":2,\"name\":\"Produkte\",\"item\":\"https:\/\/osypka.de\/produkte\/\"},{\"@type\":\"ListItem\",\"position\":3,\"name\":\"Valvuloplastie\"}]},{\"@type\":\"WebSite\",\"@id\":\"https:\/\/osypka.de\/#website\",\"url\":\"https:\/\/osypka.de\/\",\"name\":\"OSYPKA\",\"description\":\"Technology for an active life\",\"publisher\":{\"@id\":\"https:\/\/osypka.de\/#organization\"},\"potentialAction\":[{\"@type\":\"SearchAction\",\"target\":{\"@type\":\"EntryPoint\",\"urlTemplate\":\"https:\/\/osypka.de\/?s={search_term_string}\"},\"query-input\":{\"@type\":\"PropertyValueSpecification\",\"valueRequired\":true,\"valueName\":\"search_term_string\"}}],\"inLanguage\":\"cs\"},{\"@type\":\"Organization\",\"@id\":\"https:\/\/osypka.de\/#organization\",\"name\":\"OSYPKA\",\"url\":\"https:\/\/osypka.de\/\",\"logo\":{\"@type\":\"ImageObject\",\"inLanguage\":\"cs\",\"@id\":\"https:\/\/osypka.de\/#\/schema\/logo\/image\/\",\"url\":\"https:\/\/osypka.de\/wp-content\/uploads\/2020\/10\/OSYPKA_Logo.png\",\"contentUrl\":\"https:\/\/osypka.de\/wp-content\/uploads\/2020\/10\/OSYPKA_Logo.png\",\"width\":939,\"height\":235,\"caption\":\"OSYPKA\"},\"image\":{\"@id\":\"https:\/\/osypka.de\/#\/schema\/logo\/image\/\"}}]}<\/script>\n<!-- \/ Yoast SEO plugin. -->","yoast_head_json":{"title":"Valvuloplastie - OSYPKA","description":"Valvuloplastie - Hochwertige und innovative Ballonkatheter mit geringem Ballonprofil f\u00fcr minimale Eingriffe bei Kindern und Erwachsenen.","robots":{"index":"index","follow":"follow","max-snippet":"max-snippet:-1","max-image-preview":"max-image-preview:large","max-video-preview":"max-video-preview:-1"},"canonical":"https:\/\/osypka.de\/cs\/produkte\/valvuloplastie\/","og_locale":"cs_CZ","og_type":"article","og_title":"Valvuloplastie - OSYPKA","og_description":"Valvuloplastie - Hochwertige und innovative Ballonkatheter mit geringem Ballonprofil f\u00fcr minimale Eingriffe bei Kindern und Erwachsenen.","og_url":"https:\/\/osypka.de\/cs\/produkte\/valvuloplastie\/","og_site_name":"OSYPKA","article_modified_time":"2024-06-25T07:49:50+00:00","og_image":[{"width":550,"height":170,"url":"https:\/\/osypka.de\/wp-content\/uploads\/2024\/01\/Produktkategorie-Valvuloplastie.png","type":"image\/png"}],"twitter_card":"summary_large_image","twitter_misc":{"Odhadovan\u00e1 doba \u010dten\u00ed":"1 minuta"},"schema":{"@context":"https:\/\/schema.org","@graph":[{"@type":"WebPage","@id":"https:\/\/osypka.de\/produkte\/valvuloplastie\/","url":"https:\/\/osypka.de\/produkte\/valvuloplastie\/","name":"Valvuloplastie - OSYPKA","isPartOf":{"@id":"https:\/\/osypka.de\/#website"},"primaryImageOfPage":{"@id":"https:\/\/osypka.de\/produkte\/valvuloplastie\/#primaryimage"},"image":{"@id":"https:\/\/osypka.de\/produkte\/valvuloplastie\/#primaryimage"},"thumbnailUrl":"https:\/\/osypka.de\/wp-content\/uploads\/2024\/01\/Produktkategorie-Valvuloplastie.png","datePublished":"2023-10-09T11:23:07+00:00","dateModified":"2024-06-25T07:49:50+00:00","description":"Valvuloplastie - Hochwertige und innovative Ballonkatheter mit geringem Ballonprofil f\u00fcr minimale Eingriffe bei Kindern und Erwachsenen.","breadcrumb":{"@id":"https:\/\/osypka.de\/produkte\/valvuloplastie\/#breadcrumb"},"inLanguage":"cs","potentialAction":[{"@type":"ReadAction","target":["https:\/\/osypka.de\/produkte\/valvuloplastie\/"]}]},{"@type":"ImageObject","inLanguage":"cs","@id":"https:\/\/osypka.de\/produkte\/valvuloplastie\/#primaryimage","url":"https:\/\/osypka.de\/wp-content\/uploads\/2024\/01\/Produktkategorie-Valvuloplastie.png","contentUrl":"https:\/\/osypka.de\/wp-content\/uploads\/2024\/01\/Produktkategorie-Valvuloplastie.png","width":550,"height":170,"caption":"Valvuloplastie"},{"@type":"BreadcrumbList","@id":"https:\/\/osypka.de\/produkte\/valvuloplastie\/#breadcrumb","itemListElement":[{"@type":"ListItem","position":1,"name":"Home","item":"https:\/\/osypka.de\/"},{"@type":"ListItem","position":2,"name":"Produkte","item":"https:\/\/osypka.de\/produkte\/"},{"@type":"ListItem","position":3,"name":"Valvuloplastie"}]},{"@type":"WebSite","@id":"https:\/\/osypka.de\/#website","url":"https:\/\/osypka.de\/","name":"OSYPKA","description":"Technologie pro aktivn\u00ed \u017eivot","publisher":{"@id":"https:\/\/osypka.de\/#organization"},"potentialAction":[{"@type":"SearchAction","target":{"@type":"EntryPoint","urlTemplate":"https:\/\/osypka.de\/?s={search_term_string}"},"query-input":{"@type":"PropertyValueSpecification","valueRequired":true,"valueName":"search_term_string"}}],"inLanguage":"cs"},{"@type":"Organization","@id":"https:\/\/osypka.de\/#organization","name":"OSYPKA","url":"https:\/\/osypka.de\/","logo":{"@type":"ImageObject","inLanguage":"cs","@id":"https:\/\/osypka.de\/#\/schema\/logo\/image\/","url":"https:\/\/osypka.de\/wp-content\/uploads\/2020\/10\/OSYPKA_Logo.png","contentUrl":"https:\/\/osypka.de\/wp-content\/uploads\/2020\/10\/OSYPKA_Logo.png","width":939,"height":235,"caption":"OSYPKA"},"image":{"@id":"https:\/\/osypka.de\/#\/schema\/logo\/image\/"}}]}},"publishpress_future_action":{"enabled":false,"date":"2026-04-15 15:29:27","action":"delete","newStatus":"draft","terms":[],"taxonomy":"","extraData":[]},"publishpress_future_workflow_manual_trigger":{"enabledWorkflows":[]},"_links":{"self":[{"href":"https:\/\/osypka.de\/cs\/wp-json\/wp\/v2\/pages\/27398","targetHints":{"allow":["GET"]}}],"collection":[{"href":"https:\/\/osypka.de\/cs\/wp-json\/wp\/v2\/pages"}],"about":[{"href":"https:\/\/osypka.de\/cs\/wp-json\/wp\/v2\/types\/page"}],"author":[{"embeddable":true,"href":"https:\/\/osypka.de\/cs\/wp-json\/wp\/v2\/users\/1"}],"replies":[{"embeddable":true,"href":"https:\/\/osypka.de\/cs\/wp-json\/wp\/v2\/comments?post=27398"}],"version-history":[{"count":40,"href":"https:\/\/osypka.de\/cs\/wp-json\/wp\/v2\/pages\/27398\/revisions"}],"predecessor-version":[{"id":36030,"href":"https:\/\/osypka.de\/cs\/wp-json\/wp\/v2\/pages\/27398\/revisions\/36030"}],"up":[{"embeddable":true,"href":"https:\/\/osypka.de\/cs\/wp-json\/wp\/v2\/pages\/25588"}],"wp:featuredmedia":[{"embeddable":true,"href":"https:\/\/osypka.de\/cs\/wp-json\/wp\/v2\/media\/31124"}],"wp:attachment":[{"href":"https:\/\/osypka.de\/cs\/wp-json\/wp\/v2\/media?parent=27398"}],"curies":[{"name":"wp","href":"https:\/\/api.w.org\/{rel}","templated":true}]}}