{"id":30654,"date":"2024-01-03T09:30:34","date_gmt":"2024-01-03T08:30:34","guid":{"rendered":"https:\/\/osypka.de\/?page_id=30654"},"modified":"2024-01-03T09:34:13","modified_gmt":"2024-01-03T08:34:13","slug":"genderklausel","status":"publish","type":"page","link":"https:\/\/osypka.de\/cs\/genderklausel\/","title":{"rendered":"Dolo\u017eka o pohlav\u00ed"},"content":{"rendered":"<div data-elementor-type=\"wp-page\" data-elementor-id=\"30654\" class=\"elementor elementor-30654\" data-elementor-post-type=\"page\">\n\t\t\t\t\t\t<section class=\"elementor-section elementor-top-section elementor-element elementor-element-3d701f6d elementor-section-boxed elementor-section-height-default elementor-section-height-default\" data-id=\"3d701f6d\" data-element_type=\"section\" data-e-type=\"section\" data-settings=\"{&quot;background_background&quot;:&quot;classic&quot;}\">\n\t\t\t\t\t\t<div class=\"elementor-container elementor-column-gap-default\">\n\t\t\t\t\t<div class=\"elementor-column elementor-col-100 elementor-top-column elementor-element elementor-element-596d1be\" data-id=\"596d1be\" data-element_type=\"column\" data-e-type=\"column\">\n\t\t\t<div class=\"elementor-widget-wrap elementor-element-populated\">\n\t\t\t\t\t\t<div class=\"elementor-element elementor-element-18ef6d01 elementor-widget elementor-widget-heading\" data-id=\"18ef6d01\" data-element_type=\"widget\" data-e-type=\"widget\" data-widget_type=\"heading.default\">\n\t\t\t\t<div class=\"elementor-widget-container\">\n\t\t\t\t\t<h2 class=\"elementor-heading-title elementor-size-default\">Dolo\u017eka o pohlav\u00ed <\/h2>\t\t\t\t<\/div>\n\t\t\t\t<\/div>\n\t\t\t\t\t<\/div>\n\t\t<\/div>\n\t\t\t\t\t<\/div>\n\t\t<\/section>\n\t\t\t\t<section class=\"elementor-section elementor-top-section elementor-element elementor-element-d27d58b elementor-section-boxed elementor-section-height-default elementor-section-height-default\" data-id=\"d27d58b\" data-element_type=\"section\" data-e-type=\"section\">\n\t\t\t\t\t\t<div class=\"elementor-container elementor-column-gap-default\">\n\t\t\t\t\t<div class=\"elementor-column elementor-col-100 elementor-top-column elementor-element elementor-element-3e8831f\" data-id=\"3e8831f\" data-element_type=\"column\" data-e-type=\"column\">\n\t\t\t<div class=\"elementor-widget-wrap elementor-element-populated\">\n\t\t\t\t\t\t<div class=\"elementor-element elementor-element-7b6a39b elementor-widget elementor-widget-text-editor\" data-id=\"7b6a39b\" data-element_type=\"widget\" data-e-type=\"widget\" data-widget_type=\"text-editor.default\">\n\t\t\t\t<div class=\"elementor-widget-container\">\n\t\t\t\t\t\t\t\t\t<p>V z\u00e1jmu lep\u0161\u00ed \u010ditelnosti na\u0161ich text\u016f jsme se rozhodli pou\u017e\u00edvat rodov\u011b odpov\u00eddaj\u00edc\u00ed podobu osobn\u00edch jmen. Toto rozhodnut\u00ed v \u017e\u00e1dn\u00e9m p\u0159\u00edpad\u011b neznamen\u00e1 diskriminaci druh\u00e9ho pohlav\u00ed. Na\u0161\u00edm c\u00edlem je oslovovat v\u0161echny lidi bez ohledu na jejich pohlav\u00ed.<\/p><p>Obsah na\u0161ich webov\u00fdch str\u00e1nek proto m\u016f\u017ee stejn\u011b oslovit \u017eeny, mu\u017ee i intersexu\u00e1ly. Sna\u017e\u00edme se pou\u017e\u00edvat inkluzivn\u00ed jazyk, kter\u00fd odr\u00e1\u017e\u00ed rozmanitost a rovnost v\u0161ech pohlav\u00ed.<\/p><p>D\u011bkujeme v\u00e1m za pochopen\u00ed a r\u00e1di v\u00e1m zodpov\u00edme p\u0159\u00edpadn\u00e9 dotazy.<\/p>\t\t\t\t\t\t\t\t<\/div>\n\t\t\t\t<\/div>\n\t\t\t\t\t<\/div>\n\t\t<\/div>\n\t\t\t\t\t<\/div>\n\t\t<\/section>\n\t\t\t\t<\/div>","protected":false},"excerpt":{"rendered":"<p>Genderklausel Im Interesse einer verbesserten Lesbarkeit unserer Texte haben wir uns dazu entschieden, eine gendergerechte Form von personenbezogenen Hauptw\u00f6rtern zu verwenden. Diese Entscheidung impliziert keinesfalls eine Benachteiligung der jeweils anderen Geschlechter. Unser Ziel ist es, alle Menschen anzusprechen, unabh\u00e4ngig von ihrem Geschlecht. Daher m\u00f6gen sich weibliche, m\u00e4nnliche und intergeschlechtliche Personen gleicherma\u00dfen von den Inhalten unserer [&hellip;]<\/p>\n","protected":false},"author":1,"featured_media":0,"parent":0,"menu_order":0,"comment_status":"closed","ping_status":"closed","template":"","meta":{"_acf_changed":false,"site-sidebar-layout":"no-sidebar","site-content-layout":"page-builder","ast-site-content-layout":"default","site-content-style":"default","site-sidebar-style":"default","ast-global-header-display":"","ast-banner-title-visibility":"","ast-main-header-display":"","ast-hfb-above-header-display":"","ast-hfb-below-header-display":"","ast-hfb-mobile-header-display":"","site-post-title":"disabled","ast-breadcrumbs-content":"","ast-featured-img":"disabled","footer-sml-layout":"","ast-disable-related-posts":"","theme-transparent-header-meta":"default","adv-header-id-meta":"","stick-header-meta":"","header-above-stick-meta":"","header-main-stick-meta":"","header-below-stick-meta":"","astra-migrate-meta-layouts":"default","ast-page-background-enabled":"default","ast-page-background-meta":{"desktop":{"background-color":"","background-image":"","background-repeat":"repeat","background-position":"center center","background-size":"auto","background-attachment":"scroll","background-type":"","background-media":"","overlay-type":"","overlay-color":"","overlay-opacity":"","overlay-gradient":""},"tablet":{"background-color":"","background-image":"","background-repeat":"repeat","background-position":"center center","background-size":"auto","background-attachment":"scroll","background-type":"","background-media":"","overlay-type":"","overlay-color":"","overlay-opacity":"","overlay-gradient":""},"mobile":{"background-color":"","background-image":"","background-repeat":"repeat","background-position":"center center","background-size":"auto","background-attachment":"scroll","background-type":"","background-media":"","overlay-type":"","overlay-color":"","overlay-opacity":"","overlay-gradient":""}},"ast-content-background-meta":{"desktop":{"background-color":"var(--ast-global-color-5)","background-image":"","background-repeat":"repeat","background-position":"center center","background-size":"auto","background-attachment":"scroll","background-type":"","background-media":"","overlay-type":"","overlay-color":"","overlay-opacity":"","overlay-gradient":""},"tablet":{"background-color":"var(--ast-global-color-5)","background-image":"","background-repeat":"repeat","background-position":"center center","background-size":"auto","background-attachment":"scroll","background-type":"","background-media":"","overlay-type":"","overlay-color":"","overlay-opacity":"","overlay-gradient":""},"mobile":{"background-color":"var(--ast-global-color-5)","background-image":"","background-repeat":"repeat","background-position":"center center","background-size":"auto","background-attachment":"scroll","background-type":"","background-media":"","overlay-type":"","overlay-color":"","overlay-opacity":"","overlay-gradient":""}},"footnotes":""},"class_list":["post-30654","page","type-page","status-publish","hentry"],"acf":[],"yoast_head":"<!-- This site is optimized with the Yoast SEO plugin v27.0 - https:\/\/yoast.com\/product\/yoast-seo-wordpress\/ -->\n<title>Genderklausel - OSYPKA<\/title>\n<meta name=\"robots\" content=\"index, follow, max-snippet:-1, max-image-preview:large, max-video-preview:-1\" \/>\n<link rel=\"canonical\" href=\"https:\/\/2023.osypka.de\/genderklausel\/\" \/>\n<meta property=\"og:locale\" content=\"cs_CZ\" \/>\n<meta property=\"og:type\" content=\"article\" \/>\n<meta property=\"og:title\" content=\"Genderklausel - OSYPKA\" \/>\n<meta property=\"og:description\" content=\"Genderklausel Im Interesse einer verbesserten Lesbarkeit unserer Texte haben wir uns dazu entschieden, eine gendergerechte Form von personenbezogenen Hauptw\u00f6rtern zu verwenden. Diese Entscheidung impliziert keinesfalls eine Benachteiligung der jeweils anderen Geschlechter. Unser Ziel ist es, alle Menschen anzusprechen, unabh\u00e4ngig von ihrem Geschlecht. Daher m\u00f6gen sich weibliche, m\u00e4nnliche und intergeschlechtliche Personen gleicherma\u00dfen von den Inhalten unserer [&hellip;]\" \/>\n<meta property=\"og:url\" content=\"https:\/\/2023.osypka.de\/genderklausel\/\" \/>\n<meta property=\"og:site_name\" content=\"OSYPKA\" \/>\n<meta property=\"article:modified_time\" content=\"2024-01-03T08:34:13+00:00\" \/>\n<meta name=\"twitter:card\" content=\"summary_large_image\" \/>\n<meta name=\"twitter:label1\" content=\"Odhadovan\u00e1 doba \u010dten\u00ed\" \/>\n\t<meta name=\"twitter:data1\" content=\"1 minuta\" \/>\n<script type=\"application\/ld+json\" class=\"yoast-schema-graph\">{\"@context\":\"https:\/\/schema.org\",\"@graph\":[{\"@type\":\"WebPage\",\"@id\":\"https:\/\/2023.osypka.de\/genderklausel\/\",\"url\":\"https:\/\/2023.osypka.de\/genderklausel\/\",\"name\":\"Genderklausel - OSYPKA\",\"isPartOf\":{\"@id\":\"https:\/\/osypka.de\/#website\"},\"datePublished\":\"2024-01-03T08:30:34+00:00\",\"dateModified\":\"2024-01-03T08:34:13+00:00\",\"breadcrumb\":{\"@id\":\"https:\/\/2023.osypka.de\/genderklausel\/#breadcrumb\"},\"inLanguage\":\"cs\",\"potentialAction\":[{\"@type\":\"ReadAction\",\"target\":[\"https:\/\/2023.osypka.de\/genderklausel\/\"]}]},{\"@type\":\"BreadcrumbList\",\"@id\":\"https:\/\/2023.osypka.de\/genderklausel\/#breadcrumb\",\"itemListElement\":[{\"@type\":\"ListItem\",\"position\":1,\"name\":\"Home\",\"item\":\"https:\/\/osypka.de\/\"},{\"@type\":\"ListItem\",\"position\":2,\"name\":\"Genderklausel\"}]},{\"@type\":\"WebSite\",\"@id\":\"https:\/\/osypka.de\/#website\",\"url\":\"https:\/\/osypka.de\/\",\"name\":\"OSYPKA\",\"description\":\"Technology for an active life\",\"publisher\":{\"@id\":\"https:\/\/osypka.de\/#organization\"},\"potentialAction\":[{\"@type\":\"SearchAction\",\"target\":{\"@type\":\"EntryPoint\",\"urlTemplate\":\"https:\/\/osypka.de\/?s={search_term_string}\"},\"query-input\":{\"@type\":\"PropertyValueSpecification\",\"valueRequired\":true,\"valueName\":\"search_term_string\"}}],\"inLanguage\":\"cs\"},{\"@type\":\"Organization\",\"@id\":\"https:\/\/osypka.de\/#organization\",\"name\":\"OSYPKA\",\"url\":\"https:\/\/osypka.de\/\",\"logo\":{\"@type\":\"ImageObject\",\"inLanguage\":\"cs\",\"@id\":\"https:\/\/osypka.de\/#\/schema\/logo\/image\/\",\"url\":\"https:\/\/osypka.de\/wp-content\/uploads\/2020\/10\/OSYPKA_Logo.png\",\"contentUrl\":\"https:\/\/osypka.de\/wp-content\/uploads\/2020\/10\/OSYPKA_Logo.png\",\"width\":939,\"height\":235,\"caption\":\"OSYPKA\"},\"image\":{\"@id\":\"https:\/\/osypka.de\/#\/schema\/logo\/image\/\"}}]}<\/script>\n<!-- \/ Yoast SEO plugin. -->","yoast_head_json":{"title":"Genderklausel - OSYPKA","robots":{"index":"index","follow":"follow","max-snippet":"max-snippet:-1","max-image-preview":"max-image-preview:large","max-video-preview":"max-video-preview:-1"},"canonical":"https:\/\/2023.osypka.de\/genderklausel\/","og_locale":"cs_CZ","og_type":"article","og_title":"Genderklausel - OSYPKA","og_description":"Genderklausel Im Interesse einer verbesserten Lesbarkeit unserer Texte haben wir uns dazu entschieden, eine gendergerechte Form von personenbezogenen Hauptw\u00f6rtern zu verwenden. Diese Entscheidung impliziert keinesfalls eine Benachteiligung der jeweils anderen Geschlechter. Unser Ziel ist es, alle Menschen anzusprechen, unabh\u00e4ngig von ihrem Geschlecht. Daher m\u00f6gen sich weibliche, m\u00e4nnliche und intergeschlechtliche Personen gleicherma\u00dfen von den Inhalten unserer [&hellip;]","og_url":"https:\/\/2023.osypka.de\/genderklausel\/","og_site_name":"OSYPKA","article_modified_time":"2024-01-03T08:34:13+00:00","twitter_card":"summary_large_image","twitter_misc":{"Odhadovan\u00e1 doba \u010dten\u00ed":"1 minuta"},"schema":{"@context":"https:\/\/schema.org","@graph":[{"@type":"WebPage","@id":"https:\/\/2023.osypka.de\/genderklausel\/","url":"https:\/\/2023.osypka.de\/genderklausel\/","name":"Genderklausel - OSYPKA","isPartOf":{"@id":"https:\/\/osypka.de\/#website"},"datePublished":"2024-01-03T08:30:34+00:00","dateModified":"2024-01-03T08:34:13+00:00","breadcrumb":{"@id":"https:\/\/2023.osypka.de\/genderklausel\/#breadcrumb"},"inLanguage":"cs","potentialAction":[{"@type":"ReadAction","target":["https:\/\/2023.osypka.de\/genderklausel\/"]}]},{"@type":"BreadcrumbList","@id":"https:\/\/2023.osypka.de\/genderklausel\/#breadcrumb","itemListElement":[{"@type":"ListItem","position":1,"name":"Home","item":"https:\/\/osypka.de\/"},{"@type":"ListItem","position":2,"name":"Genderklausel"}]},{"@type":"WebSite","@id":"https:\/\/osypka.de\/#website","url":"https:\/\/osypka.de\/","name":"OSYPKA","description":"Technologie pro aktivn\u00ed \u017eivot","publisher":{"@id":"https:\/\/osypka.de\/#organization"},"potentialAction":[{"@type":"SearchAction","target":{"@type":"EntryPoint","urlTemplate":"https:\/\/osypka.de\/?s={search_term_string}"},"query-input":{"@type":"PropertyValueSpecification","valueRequired":true,"valueName":"search_term_string"}}],"inLanguage":"cs"},{"@type":"Organization","@id":"https:\/\/osypka.de\/#organization","name":"OSYPKA","url":"https:\/\/osypka.de\/","logo":{"@type":"ImageObject","inLanguage":"cs","@id":"https:\/\/osypka.de\/#\/schema\/logo\/image\/","url":"https:\/\/osypka.de\/wp-content\/uploads\/2020\/10\/OSYPKA_Logo.png","contentUrl":"https:\/\/osypka.de\/wp-content\/uploads\/2020\/10\/OSYPKA_Logo.png","width":939,"height":235,"caption":"OSYPKA"},"image":{"@id":"https:\/\/osypka.de\/#\/schema\/logo\/image\/"}}]}},"publishpress_future_action":{"enabled":false,"date":"2026-04-20 16:54:54","action":"delete","newStatus":"draft","terms":[],"taxonomy":"","extraData":[]},"publishpress_future_workflow_manual_trigger":{"enabledWorkflows":[]},"_links":{"self":[{"href":"https:\/\/osypka.de\/cs\/wp-json\/wp\/v2\/pages\/30654","targetHints":{"allow":["GET"]}}],"collection":[{"href":"https:\/\/osypka.de\/cs\/wp-json\/wp\/v2\/pages"}],"about":[{"href":"https:\/\/osypka.de\/cs\/wp-json\/wp\/v2\/types\/page"}],"author":[{"embeddable":true,"href":"https:\/\/osypka.de\/cs\/wp-json\/wp\/v2\/users\/1"}],"replies":[{"embeddable":true,"href":"https:\/\/osypka.de\/cs\/wp-json\/wp\/v2\/comments?post=30654"}],"version-history":[{"count":4,"href":"https:\/\/osypka.de\/cs\/wp-json\/wp\/v2\/pages\/30654\/revisions"}],"predecessor-version":[{"id":30664,"href":"https:\/\/osypka.de\/cs\/wp-json\/wp\/v2\/pages\/30654\/revisions\/30664"}],"wp:attachment":[{"href":"https:\/\/osypka.de\/cs\/wp-json\/wp\/v2\/media?parent=30654"}],"curies":[{"name":"wp","href":"https:\/\/api.w.org\/{rel}","templated":true}]}}