{"id":31306,"date":"2024-01-03T15:32:19","date_gmt":"2024-01-03T14:32:19","guid":{"rendered":"https:\/\/osypka.de\/?page_id=31306"},"modified":"2025-10-08T16:16:28","modified_gmt":"2025-10-08T14:16:28","slug":"poi","status":"publish","type":"page","link":"https:\/\/osypka.de\/cs\/poi\/","title":{"rendered":"V\u00fdzkum"},"content":{"rendered":"<div data-elementor-type=\"wp-page\" data-elementor-id=\"31306\" class=\"elementor elementor-31306\" data-elementor-post-type=\"page\">\n\t\t\t\t\t\t<section class=\"elementor-section elementor-top-section elementor-element elementor-element-d3a952e elementor-section-boxed elementor-section-height-default elementor-section-height-default\" data-id=\"d3a952e\" data-element_type=\"section\" data-e-type=\"section\" data-settings=\"{&quot;background_background&quot;:&quot;classic&quot;}\">\n\t\t\t\t\t\t<div class=\"elementor-container elementor-column-gap-default\">\n\t\t\t\t\t<div class=\"elementor-column elementor-col-100 elementor-top-column elementor-element elementor-element-d0bff3b\" data-id=\"d0bff3b\" data-element_type=\"column\" data-e-type=\"column\">\n\t\t\t<div class=\"elementor-widget-wrap elementor-element-populated\">\n\t\t\t\t\t\t<div class=\"elementor-element elementor-element-f208d3e elementor-widget elementor-widget-heading\" data-id=\"f208d3e\" data-element_type=\"widget\" data-e-type=\"widget\" data-widget_type=\"heading.default\">\n\t\t\t\t<div class=\"elementor-widget-container\">\n\t\t\t\t\t<h2 class=\"elementor-heading-title elementor-size-default\">V\u00fdzkum<\/h2>\t\t\t\t<\/div>\n\t\t\t\t<\/div>\n\t\t\t\t\t<\/div>\n\t\t<\/div>\n\t\t\t\t\t<\/div>\n\t\t<\/section>\n\t\t\t\t<section class=\"elementor-section elementor-top-section elementor-element elementor-element-937032d elementor-section-boxed elementor-section-height-default elementor-section-height-default\" data-id=\"937032d\" data-element_type=\"section\" data-e-type=\"section\">\n\t\t\t\t\t\t<div class=\"elementor-container elementor-column-gap-default\">\n\t\t\t\t\t<div class=\"elementor-column elementor-col-100 elementor-top-column elementor-element elementor-element-c68dd4b\" data-id=\"c68dd4b\" data-element_type=\"column\" data-e-type=\"column\">\n\t\t\t<div class=\"elementor-widget-wrap elementor-element-populated\">\n\t\t\t\t\t\t<div class=\"elementor-element elementor-element-16149a8 elementor-widget elementor-widget-image\" data-id=\"16149a8\" data-element_type=\"widget\" data-e-type=\"widget\" data-widget_type=\"image.default\">\n\t\t\t\t<div class=\"elementor-widget-container\">\n\t\t\t\t\t\t\t\t\t\t\t\t\t\t\t<img fetchpriority=\"high\" decoding=\"async\" width=\"950\" height=\"206\" src=\"https:\/\/osypka.de\/wp-content\/uploads\/2023\/06\/csm_Logo_POIM_blau_deutsch_a70cbfe94e.jpg\" class=\"attachment-large size-large wp-image-24739\" alt=\"Forschung\" srcset=\"https:\/\/osypka.de\/wp-content\/uploads\/2023\/06\/csm_Logo_POIM_blau_deutsch_a70cbfe94e.jpg 950w, https:\/\/osypka.de\/wp-content\/uploads\/2023\/06\/csm_Logo_POIM_blau_deutsch_a70cbfe94e-300x65.jpg 300w, https:\/\/osypka.de\/wp-content\/uploads\/2023\/06\/csm_Logo_POIM_blau_deutsch_a70cbfe94e-768x167.jpg 768w\" sizes=\"(max-width: 950px) 100vw, 950px\" \/>\t\t\t\t\t\t\t\t\t\t\t\t\t\t\t<\/div>\n\t\t\t\t<\/div>\n\t\t\t\t<div class=\"elementor-element elementor-element-5ce1db1 elementor-widget elementor-widget-text-editor\" data-id=\"5ce1db1\" data-element_type=\"widget\" data-e-type=\"widget\" data-widget_type=\"text-editor.default\">\n\t\t\t\t<div class=\"elementor-widget-container\">\n\t\t\t\t\t\t\t\t\tMedic\u00ednsk\u00e1 technika m\u00e1 st\u00e1le rostouc\u00ed v\u00fdznam jak z ekonomick\u00e9ho, tak z hlediska poskytov\u00e1n\u00ed zdravotn\u00ed p\u00e9\u010de. Peter-Osypka-Institut f\u00fcr Medizintechnik na Vysok\u00e9 \u0161kole Offenburg se v\u011bnuje v\u00fdzkumu a v\u00fdvoji produkt\u016f ur\u010den\u00fdch pro medic\u00ednsk\u00e9 \u00fa\u010dely, kter\u00e9 jsou ur\u010deny pro pou\u017eit\u00ed u lid\u00ed. \u010casto jsou projekty prov\u00e1d\u011bny ve spolupr\u00e1ci s region\u00e1ln\u00edmi a nadregion\u00e1ln\u00edmi spole\u010dnostmi.\n\n\t\t\t\t\t\t\t\t<\/div>\n\t\t\t\t<\/div>\n\t\t\t\t<div class=\"elementor-element elementor-element-70ac887 elementor-widget elementor-widget-text-editor\" data-id=\"70ac887\" data-element_type=\"widget\" data-e-type=\"widget\" data-widget_type=\"text-editor.default\">\n\t\t\t\t<div class=\"elementor-widget-container\">\n\t\t\t\t\t\t\t\t\t<p><b>Pracovn\u00ed skupiny:<\/b><\/p><ul><li>Chirurgick\u00e1 navigace a augmentovan\u00e1 realita (Prof. Harald Hoppe)<\/li><li>Elektrostimulace a ablace (Dipl.-Ing. (FH) Tobias Haber)<\/li><li>Kardiovaskul\u00e1rn\u00ed medic\u00ednsk\u00e1 technika a rhythmologie (Prof. Matthias Heinke)<\/li><li>NeuroAkustik (Prof. Stefan Zirn)<\/li><li>NeuroScience (Prof. Andreas Otte)<\/li><\/ul>\t\t\t\t\t\t\t\t<\/div>\n\t\t\t\t<\/div>\n\t\t\t\t<div class=\"elementor-element elementor-element-2c8a900 elementor-widget elementor-widget-text-editor\" data-id=\"2c8a900\" data-element_type=\"widget\" data-e-type=\"widget\" data-widget_type=\"text-editor.default\">\n\t\t\t\t<div class=\"elementor-widget-container\">\n\t\t\t\t\t\t\t\t\t<p><b>Historie<\/b><\/p><p>S nastaven\u00edm Stiftungsprofessur pro biomedic\u00ednskou techniku v roce 2008 se Prof. Dr. Peter Osypka, zakladatel vysokofrekven\u010dn\u00ed katetrablace, uk\u00e1zal jako velkorys\u00fd podporovatel a partner Vysok\u00e9 \u0161koly Offenburg. Polo\u017eil z\u00e1klady pro v\u00fdstavbu studijn\u00edho programu medic\u00ednsk\u00e1 technika. Na jeho iniciativu byl v \u010dervnu 2011 zalo\u017een Peter Osypka Institute for Pacing and Ablation. Jeho veden\u00ed p\u0159evzal Prof. Dr. rer. nat. habil. Bruno Ismer. S jeho mimo\u0159\u00e1dn\u00fdm z\u00e1vazkem, dlouholetou zku\u0161enost\u00ed z univerzitn\u00ed kardiologie, stejn\u011b jako poskytnut\u00edm mnoha vysoce kvalitn\u00edch medic\u00ednsk\u00fdch za\u0159\u00edzen\u00ed a jeho kontakt\u016f s pr\u016fmyslov\u00fdmi a klinick\u00fdmi partnery, formoval \u017eiv\u00fd v\u00fdzkum a prax\u00ed orientovan\u00e9 vzd\u011bl\u00e1n\u00ed.<\/p><p>\u00dakoly institutu se soust\u0159edily na v\u00fdvoj metod a medic\u00ednsk\u00e9 techniky pro diagnostiku a l\u00e9\u010dbu srde\u010dn\u00edch onemocn\u011bn\u00ed, zejm\u00e9na v oblastech klinick\u00e9 elektrofyziologie, elektrostimulace a ablace. P\u0159\u00edklady toho jsou v\u00fdvoj speci\u00e1ln\u00edho extern\u00edho kardiostimul\u00e1toru pro l\u00e9\u010dbu \u017eivot ohro\u017euj\u00edc\u00ed tachykardie u kojenc\u016f, pilotn\u00ed studie pro novou sadu katetr\u016f pro abla\u010dn\u00ed terapii p\u0159i tachykardii komor a\u017e po po\u010d\u00edta\u010dem \u0159\u00edzen\u00e9 demonstra\u010dn\u00ed desky pro didaktick\u00e9 zprost\u0159edkov\u00e1n\u00ed \u0161\u00ed\u0159en\u00ed vzruchu v srdci p\u0159i poruch\u00e1ch rytmu a b\u011bhem kardiostimula\u010dn\u00ed terapie.<\/p><p>Kompetence institutu v t\u011bchto oblastech byla vyu\u017e\u00edv\u00e1na l\u00e9ka\u0159i, zdravotn\u00edm person\u00e1lem a zam\u011bstnanci medic\u00ednskotechnick\u00fdch spole\u010dnost\u00ed v mnoha organizovan\u00fdch vzd\u011bl\u00e1vac\u00edch akc\u00edch. Ty nab\u00edzely vedle teorie v\u017edy intenzivn\u00ed praktick\u00fd tr\u00e9nink pod heslem \u201eStudovat experimentov\u00e1n\u00edm\u201c. Tento zde praktikovan\u00fd vzd\u011bl\u00e1vac\u00ed koncept pro terapii kardiostimul\u00e1tory a defibril\u00e1tory, stejn\u011b jako pro vysokofrekven\u010dn\u00ed katetrablace, byl ocen\u011bn Baden-W\u00fcrttemberg-Stiftung Fellowshipem za \u201eInovace ve vysoko\u0161kolsk\u00e9m vzd\u011bl\u00e1v\u00e1n\u00ed\u201c.<\/p><p>Pro vytvo\u0159en\u00ed adekv\u00e1tn\u00edch pracovn\u00edch podm\u00ednek na institutu darovala spole\u010dnost Osypka GmbH v roce 2012 v\u00fdstavbu v\u00fdzkumn\u00e9 budovy na kampusu vysok\u00e9 \u0161koly. V novostavb\u011b, kter\u00e1 byla p\u0159ed\u00e1na v roce 2017, byly ve \u010dty\u0159ech laborato\u0159\u00edch realizov\u00e1ny vlastn\u00ed koncepce prostoru pro specializovan\u00e9 vzd\u011bl\u00e1vac\u00ed prost\u0159ed\u00ed, kter\u00e9 umo\u017enily multifunk\u010dn\u00ed vyu\u017eit\u00ed pro v\u00fdzkum a v\u00fduku institutu. Do roku 2020 vyu\u017eili t\u0159i b\u00fdval\u00ed absolventi magistersk\u00e9ho studia medic\u00ednsk\u00e9 techniky na vysok\u00e9 \u0161kole, respektive zam\u011bstnanci institutu, toto prost\u0159ed\u00ed pro dokon\u010den\u00ed sv\u00e9 diserta\u010dn\u00ed pr\u00e1ce. Podstatn\u00e9 byly tak\u00e9 zde \u00fazk\u00e9 spolupr\u00e1ce s na\u0161imi klinick\u00fdmi, akademick\u00fdmi a pr\u016fmyslov\u00fdmi partnery. Zaru\u010dovaly aktu\u00e1ln\u00ed p\u0159enos znalost\u00ed a technologi\u00ed z v\u00fdzkumu do v\u00fduky. Zvl\u00e1\u0161\u0165 cenn\u00e1 se uk\u00e1zala \u00fazk\u00e1 spolupr\u00e1ce s Prof. Melichercikem z bl\u00edzk\u00e9ho MediClin Herzzentrum v Lahr\/Baden, s Prof. Haasem z Klinikum der Ludwig Maximilians Universit\u00e4t M\u00fcnchen a s Prof. Bitzerovou z P\u00e4dagogischen Hochschule Freiburg.<\/p><p>Dal\u0161\u00ed informace naleznete na domovsk\u00e9 str\u00e1nce POIM<br \/><a href=\"https:\/\/poim.hs-offenburg.de\/\" target=\"_blank\" rel=\"noopener\">www.poim.hs-offenburg.de<\/a><\/p>\t\t\t\t\t\t\t\t<\/div>\n\t\t\t\t<\/div>\n\t\t\t\t\t<\/div>\n\t\t<\/div>\n\t\t\t\t\t<\/div>\n\t\t<\/section>\n\t\t\t\t<\/div>","protected":false},"excerpt":{"rendered":"<p>Forschung Die Medizintechnik hat sowohl wirtschaftlich als auch f\u00fcr die Gesundheitsversorgung eine immer weiter steigende Bedeutung. Das Peter-Osypka-Institut f\u00fcr Medizintechnik der Hochschule Offenburg ist der Forschung und Entwicklung von Produkten mit medizinischer Zweckbestimmung, die f\u00fcr die Anwendung beim Menschen bestimmt sind, gewidmet. H\u00e4ufig werden Projekte in Zusammenarbeit mit regionalen und \u00fcberregionalen Unternehmen durchgef\u00fchrt. Arbeitsgruppen: Chirurgische [&hellip;]<\/p>\n","protected":false},"author":1,"featured_media":24739,"parent":0,"menu_order":0,"comment_status":"closed","ping_status":"closed","template":"","meta":{"_acf_changed":false,"site-sidebar-layout":"no-sidebar","site-content-layout":"page-builder","ast-site-content-layout":"full-width-container","site-content-style":"unboxed","site-sidebar-style":"unboxed","ast-global-header-display":"","ast-banner-title-visibility":"","ast-main-header-display":"","ast-hfb-above-header-display":"","ast-hfb-below-header-display":"","ast-hfb-mobile-header-display":"","site-post-title":"disabled","ast-breadcrumbs-content":"","ast-featured-img":"disabled","footer-sml-layout":"","ast-disable-related-posts":"","theme-transparent-header-meta":"default","adv-header-id-meta":"","stick-header-meta":"","header-above-stick-meta":"","header-main-stick-meta":"","header-below-stick-meta":"","astra-migrate-meta-layouts":"set","ast-page-background-enabled":"default","ast-page-background-meta":{"desktop":{"background-color":"","background-image":"","background-repeat":"repeat","background-position":"center center","background-size":"auto","background-attachment":"scroll","background-type":"","background-media":"","overlay-type":"","overlay-color":"","overlay-opacity":"","overlay-gradient":""},"tablet":{"background-color":"","background-image":"","background-repeat":"repeat","background-position":"center center","background-size":"auto","background-attachment":"scroll","background-type":"","background-media":"","overlay-type":"","overlay-color":"","overlay-opacity":"","overlay-gradient":""},"mobile":{"background-color":"","background-image":"","background-repeat":"repeat","background-position":"center center","background-size":"auto","background-attachment":"scroll","background-type":"","background-media":"","overlay-type":"","overlay-color":"","overlay-opacity":"","overlay-gradient":""}},"ast-content-background-meta":{"desktop":{"background-color":"var(--ast-global-color-5)","background-image":"","background-repeat":"repeat","background-position":"center center","background-size":"auto","background-attachment":"scroll","background-type":"","background-media":"","overlay-type":"","overlay-color":"","overlay-opacity":"","overlay-gradient":""},"tablet":{"background-color":"var(--ast-global-color-5)","background-image":"","background-repeat":"repeat","background-position":"center center","background-size":"auto","background-attachment":"scroll","background-type":"","background-media":"","overlay-type":"","overlay-color":"","overlay-opacity":"","overlay-gradient":""},"mobile":{"background-color":"var(--ast-global-color-5)","background-image":"","background-repeat":"repeat","background-position":"center center","background-size":"auto","background-attachment":"scroll","background-type":"","background-media":"","overlay-type":"","overlay-color":"","overlay-opacity":"","overlay-gradient":""}},"footnotes":""},"class_list":["post-31306","page","type-page","status-publish","has-post-thumbnail","hentry"],"acf":[],"yoast_head":"<!-- This site is optimized with the Yoast SEO plugin v27.0 - https:\/\/yoast.com\/product\/yoast-seo-wordpress\/ -->\n<title>Forschung - OSYPKA<\/title>\n<meta name=\"description\" content=\"Forschung - Das Peter-Osypka-Institut f\u00fcr Medizintechnik der Hochschule Offenburg ist der Forschung und Entwicklung von Produkten\" \/>\n<meta name=\"robots\" content=\"index, follow, max-snippet:-1, max-image-preview:large, max-video-preview:-1\" \/>\n<link rel=\"canonical\" href=\"https:\/\/osypka.de\/cs\/poi\/\" \/>\n<meta property=\"og:locale\" content=\"cs_CZ\" \/>\n<meta property=\"og:type\" content=\"article\" \/>\n<meta property=\"og:title\" content=\"Forschung - OSYPKA\" \/>\n<meta property=\"og:description\" content=\"Forschung - Das Peter-Osypka-Institut f\u00fcr Medizintechnik der Hochschule Offenburg ist der Forschung und Entwicklung von Produkten\" \/>\n<meta property=\"og:url\" content=\"https:\/\/osypka.de\/cs\/poi\/\" \/>\n<meta property=\"og:site_name\" content=\"OSYPKA\" \/>\n<meta property=\"article:modified_time\" content=\"2025-10-08T14:16:28+00:00\" \/>\n<meta property=\"og:image\" content=\"https:\/\/osypka.de\/wp-content\/uploads\/2023\/06\/csm_Logo_POIM_blau_deutsch_a70cbfe94e.jpg\" \/>\n\t<meta property=\"og:image:width\" content=\"950\" \/>\n\t<meta property=\"og:image:height\" content=\"206\" \/>\n\t<meta property=\"og:image:type\" content=\"image\/jpeg\" \/>\n<meta name=\"twitter:card\" content=\"summary_large_image\" \/>\n<meta name=\"twitter:label1\" content=\"Odhadovan\u00e1 doba \u010dten\u00ed\" \/>\n\t<meta name=\"twitter:data1\" content=\"3 minuty\" \/>\n<script type=\"application\/ld+json\" class=\"yoast-schema-graph\">{\"@context\":\"https:\/\/schema.org\",\"@graph\":[{\"@type\":\"WebPage\",\"@id\":\"https:\/\/osypka.de\/poi\/\",\"url\":\"https:\/\/osypka.de\/poi\/\",\"name\":\"Forschung - OSYPKA\",\"isPartOf\":{\"@id\":\"https:\/\/osypka.de\/#website\"},\"primaryImageOfPage\":{\"@id\":\"https:\/\/osypka.de\/poi\/#primaryimage\"},\"image\":{\"@id\":\"https:\/\/osypka.de\/poi\/#primaryimage\"},\"thumbnailUrl\":\"https:\/\/osypka.de\/wp-content\/uploads\/2023\/06\/csm_Logo_POIM_blau_deutsch_a70cbfe94e.jpg\",\"datePublished\":\"2024-01-03T14:32:19+00:00\",\"dateModified\":\"2025-10-08T14:16:28+00:00\",\"description\":\"Forschung - Das Peter-Osypka-Institut f\u00fcr Medizintechnik der Hochschule Offenburg ist der Forschung und Entwicklung von Produkten\",\"breadcrumb\":{\"@id\":\"https:\/\/osypka.de\/poi\/#breadcrumb\"},\"inLanguage\":\"cs\",\"potentialAction\":[{\"@type\":\"ReadAction\",\"target\":[\"https:\/\/osypka.de\/poi\/\"]}]},{\"@type\":\"ImageObject\",\"inLanguage\":\"cs\",\"@id\":\"https:\/\/osypka.de\/poi\/#primaryimage\",\"url\":\"https:\/\/osypka.de\/wp-content\/uploads\/2023\/06\/csm_Logo_POIM_blau_deutsch_a70cbfe94e.jpg\",\"contentUrl\":\"https:\/\/osypka.de\/wp-content\/uploads\/2023\/06\/csm_Logo_POIM_blau_deutsch_a70cbfe94e.jpg\",\"width\":950,\"height\":206,\"caption\":\"Forschung\"},{\"@type\":\"BreadcrumbList\",\"@id\":\"https:\/\/osypka.de\/poi\/#breadcrumb\",\"itemListElement\":[{\"@type\":\"ListItem\",\"position\":1,\"name\":\"Home\",\"item\":\"https:\/\/osypka.de\/\"},{\"@type\":\"ListItem\",\"position\":2,\"name\":\"Forschung\"}]},{\"@type\":\"WebSite\",\"@id\":\"https:\/\/osypka.de\/#website\",\"url\":\"https:\/\/osypka.de\/\",\"name\":\"OSYPKA\",\"description\":\"Technology for an active life\",\"publisher\":{\"@id\":\"https:\/\/osypka.de\/#organization\"},\"potentialAction\":[{\"@type\":\"SearchAction\",\"target\":{\"@type\":\"EntryPoint\",\"urlTemplate\":\"https:\/\/osypka.de\/?s={search_term_string}\"},\"query-input\":{\"@type\":\"PropertyValueSpecification\",\"valueRequired\":true,\"valueName\":\"search_term_string\"}}],\"inLanguage\":\"cs\"},{\"@type\":\"Organization\",\"@id\":\"https:\/\/osypka.de\/#organization\",\"name\":\"OSYPKA\",\"url\":\"https:\/\/osypka.de\/\",\"logo\":{\"@type\":\"ImageObject\",\"inLanguage\":\"cs\",\"@id\":\"https:\/\/osypka.de\/#\/schema\/logo\/image\/\",\"url\":\"https:\/\/osypka.de\/wp-content\/uploads\/2020\/10\/OSYPKA_Logo.png\",\"contentUrl\":\"https:\/\/osypka.de\/wp-content\/uploads\/2020\/10\/OSYPKA_Logo.png\",\"width\":939,\"height\":235,\"caption\":\"OSYPKA\"},\"image\":{\"@id\":\"https:\/\/osypka.de\/#\/schema\/logo\/image\/\"}}]}<\/script>\n<!-- \/ Yoast SEO plugin. -->","yoast_head_json":{"title":"Forschung - OSYPKA","description":"Forschung - Das Peter-Osypka-Institut f\u00fcr Medizintechnik der Hochschule Offenburg ist der Forschung und Entwicklung von Produkten","robots":{"index":"index","follow":"follow","max-snippet":"max-snippet:-1","max-image-preview":"max-image-preview:large","max-video-preview":"max-video-preview:-1"},"canonical":"https:\/\/osypka.de\/cs\/poi\/","og_locale":"cs_CZ","og_type":"article","og_title":"Forschung - OSYPKA","og_description":"Forschung - Das Peter-Osypka-Institut f\u00fcr Medizintechnik der Hochschule Offenburg ist der Forschung und Entwicklung von Produkten","og_url":"https:\/\/osypka.de\/cs\/poi\/","og_site_name":"OSYPKA","article_modified_time":"2025-10-08T14:16:28+00:00","og_image":[{"width":950,"height":206,"url":"https:\/\/osypka.de\/wp-content\/uploads\/2023\/06\/csm_Logo_POIM_blau_deutsch_a70cbfe94e.jpg","type":"image\/jpeg"}],"twitter_card":"summary_large_image","twitter_misc":{"Odhadovan\u00e1 doba \u010dten\u00ed":"3 minuty"},"schema":{"@context":"https:\/\/schema.org","@graph":[{"@type":"WebPage","@id":"https:\/\/osypka.de\/poi\/","url":"https:\/\/osypka.de\/poi\/","name":"Forschung - OSYPKA","isPartOf":{"@id":"https:\/\/osypka.de\/#website"},"primaryImageOfPage":{"@id":"https:\/\/osypka.de\/poi\/#primaryimage"},"image":{"@id":"https:\/\/osypka.de\/poi\/#primaryimage"},"thumbnailUrl":"https:\/\/osypka.de\/wp-content\/uploads\/2023\/06\/csm_Logo_POIM_blau_deutsch_a70cbfe94e.jpg","datePublished":"2024-01-03T14:32:19+00:00","dateModified":"2025-10-08T14:16:28+00:00","description":"Forschung - Das Peter-Osypka-Institut f\u00fcr Medizintechnik der Hochschule Offenburg ist der Forschung und Entwicklung von Produkten","breadcrumb":{"@id":"https:\/\/osypka.de\/poi\/#breadcrumb"},"inLanguage":"cs","potentialAction":[{"@type":"ReadAction","target":["https:\/\/osypka.de\/poi\/"]}]},{"@type":"ImageObject","inLanguage":"cs","@id":"https:\/\/osypka.de\/poi\/#primaryimage","url":"https:\/\/osypka.de\/wp-content\/uploads\/2023\/06\/csm_Logo_POIM_blau_deutsch_a70cbfe94e.jpg","contentUrl":"https:\/\/osypka.de\/wp-content\/uploads\/2023\/06\/csm_Logo_POIM_blau_deutsch_a70cbfe94e.jpg","width":950,"height":206,"caption":"Forschung"},{"@type":"BreadcrumbList","@id":"https:\/\/osypka.de\/poi\/#breadcrumb","itemListElement":[{"@type":"ListItem","position":1,"name":"Home","item":"https:\/\/osypka.de\/"},{"@type":"ListItem","position":2,"name":"Forschung"}]},{"@type":"WebSite","@id":"https:\/\/osypka.de\/#website","url":"https:\/\/osypka.de\/","name":"OSYPKA","description":"Technologie pro aktivn\u00ed \u017eivot","publisher":{"@id":"https:\/\/osypka.de\/#organization"},"potentialAction":[{"@type":"SearchAction","target":{"@type":"EntryPoint","urlTemplate":"https:\/\/osypka.de\/?s={search_term_string}"},"query-input":{"@type":"PropertyValueSpecification","valueRequired":true,"valueName":"search_term_string"}}],"inLanguage":"cs"},{"@type":"Organization","@id":"https:\/\/osypka.de\/#organization","name":"OSYPKA","url":"https:\/\/osypka.de\/","logo":{"@type":"ImageObject","inLanguage":"cs","@id":"https:\/\/osypka.de\/#\/schema\/logo\/image\/","url":"https:\/\/osypka.de\/wp-content\/uploads\/2020\/10\/OSYPKA_Logo.png","contentUrl":"https:\/\/osypka.de\/wp-content\/uploads\/2020\/10\/OSYPKA_Logo.png","width":939,"height":235,"caption":"OSYPKA"},"image":{"@id":"https:\/\/osypka.de\/#\/schema\/logo\/image\/"}}]}},"publishpress_future_action":{"enabled":false,"date":"2026-04-20 15:07:14","action":"delete","newStatus":"draft","terms":[],"taxonomy":"","extraData":[]},"publishpress_future_workflow_manual_trigger":{"enabledWorkflows":[]},"_links":{"self":[{"href":"https:\/\/osypka.de\/cs\/wp-json\/wp\/v2\/pages\/31306","targetHints":{"allow":["GET"]}}],"collection":[{"href":"https:\/\/osypka.de\/cs\/wp-json\/wp\/v2\/pages"}],"about":[{"href":"https:\/\/osypka.de\/cs\/wp-json\/wp\/v2\/types\/page"}],"author":[{"embeddable":true,"href":"https:\/\/osypka.de\/cs\/wp-json\/wp\/v2\/users\/1"}],"replies":[{"embeddable":true,"href":"https:\/\/osypka.de\/cs\/wp-json\/wp\/v2\/comments?post=31306"}],"version-history":[{"count":26,"href":"https:\/\/osypka.de\/cs\/wp-json\/wp\/v2\/pages\/31306\/revisions"}],"predecessor-version":[{"id":37826,"href":"https:\/\/osypka.de\/cs\/wp-json\/wp\/v2\/pages\/31306\/revisions\/37826"}],"wp:featuredmedia":[{"embeddable":true,"href":"https:\/\/osypka.de\/cs\/wp-json\/wp\/v2\/media\/24739"}],"wp:attachment":[{"href":"https:\/\/osypka.de\/cs\/wp-json\/wp\/v2\/media?parent=31306"}],"curies":[{"name":"wp","href":"https:\/\/api.w.org\/{rel}","templated":true}]}}