{"id":33003,"date":"2024-03-10T17:03:17","date_gmt":"2024-03-10T16:03:17","guid":{"rendered":"https:\/\/osypka.de\/?page_id=33003"},"modified":"2024-04-09T15:15:11","modified_gmt":"2024-04-09T13:15:11","slug":"anonymer-hinweis","status":"publish","type":"page","link":"https:\/\/osypka.de\/cs\/anonymer-hinweis\/","title":{"rendered":"Anonymn\u00ed nar\u00e1\u017eka"},"content":{"rendered":"\t\t<div data-elementor-type=\"wp-page\" data-elementor-id=\"33003\" class=\"elementor elementor-33003\" data-elementor-post-type=\"page\">\n\t\t\t\t\t\t<section class=\"elementor-section elementor-top-section elementor-element elementor-element-9529812 elementor-section-boxed elementor-section-height-default elementor-section-height-default\" data-id=\"9529812\" data-element_type=\"section\" data-e-type=\"section\" data-settings=\"{&quot;background_background&quot;:&quot;classic&quot;}\">\n\t\t\t\t\t\t<div class=\"elementor-container elementor-column-gap-default\">\n\t\t\t\t\t<div class=\"elementor-column elementor-col-100 elementor-top-column elementor-element elementor-element-97841b6\" data-id=\"97841b6\" data-element_type=\"column\" data-e-type=\"column\">\n\t\t\t<div class=\"elementor-widget-wrap elementor-element-populated\">\n\t\t\t\t\t\t<div class=\"elementor-element elementor-element-7f2966f elementor-widget elementor-widget-heading\" data-id=\"7f2966f\" data-element_type=\"widget\" data-e-type=\"widget\" data-widget_type=\"heading.default\">\n\t\t\t\t<div class=\"elementor-widget-container\">\n\t\t\t\t\t<h2 class=\"elementor-heading-title elementor-size-default\">Anonymer Hinweis<\/h2>\t\t\t\t<\/div>\n\t\t\t\t<\/div>\n\t\t\t\t\t<\/div>\n\t\t<\/div>\n\t\t\t\t\t<\/div>\n\t\t<\/section>\n\t\t\t\t<section class=\"elementor-section elementor-top-section elementor-element elementor-element-e0f088c elementor-section-boxed elementor-section-height-default elementor-section-height-default\" data-id=\"e0f088c\" data-element_type=\"section\" data-e-type=\"section\">\n\t\t\t\t\t\t<div class=\"elementor-container elementor-column-gap-default\">\n\t\t\t\t\t<div class=\"elementor-column elementor-col-100 elementor-top-column elementor-element elementor-element-84f00a7 elementor-invisible\" data-id=\"84f00a7\" data-element_type=\"column\" data-e-type=\"column\" data-settings=\"{&quot;background_background&quot;:&quot;classic&quot;,&quot;animation&quot;:&quot;fadeInRight&quot;}\">\n\t\t\t<div class=\"elementor-widget-wrap elementor-element-populated\">\n\t\t\t\t\t\t<div class=\"elementor-element elementor-element-042b1e5 elementor-button-align-stretch elementor-widget elementor-widget-form\" data-id=\"042b1e5\" data-element_type=\"widget\" data-e-type=\"widget\" data-settings=\"{&quot;step_next_label&quot;:&quot;N\\u00e4chste&quot;,&quot;step_previous_label&quot;:&quot;Vorherige&quot;,&quot;button_width_tablet&quot;:&quot;100&quot;,&quot;button_width&quot;:&quot;100&quot;,&quot;step_type&quot;:&quot;number_text&quot;,&quot;step_icon_shape&quot;:&quot;circle&quot;}\" data-widget_type=\"form.default\">\n\t\t\t\t<div class=\"elementor-widget-container\">\n\t\t\t\t\t        <input type=\"hidden\" class=\"conditional_logic_data_js hidden\" data-form-id=\"New Form\" value=\"[]\" \/>\r\n\t\t<form class=\"elementor-form\" method=\"post\" id=\"Kontakt_Formular\" name=\"New Form\">\n\t\t\t<input type=\"hidden\" name=\"post_id\" value=\"33003\"\/>\n\t\t\t<input type=\"hidden\" name=\"form_id\" value=\"042b1e5\"\/>\n\t\t\t<input type=\"hidden\" name=\"referer_title\" value=\"Anonymer Hinweis - OSYPKA\" \/>\n\n\t\t\t\t\t\t\t<input type=\"hidden\" name=\"queried_id\" value=\"33003\"\/>\n\t\t\t\n\t\t\t<div class=\"elementor-form-fields-wrapper elementor-labels-above\">\n\t\t\t\t\t\t\t\t<div class=\"elementor-field-type-select elementor-field-group elementor-column elementor-field-group-field_45bca87 elementor-col-100\">\n\t\t\t\t\t\t\t\t\t\t\t\t<label for=\"form-field-field_45bca87\" class=\"elementor-field-label\">\n\t\t\t\t\t\t\t\tStandort\t\t\t\t\t\t\t<\/label>\n\t\t\t\t\t\t\t\t<div class=\"elementor-field elementor-select-wrapper remove-before \">\n\t\t\t<div class=\"select-caret-down-wrapper\">\n\t\t\t\t<i aria-hidden=\"true\" class=\"eicon-caret-down\"><\/i>\t\t\t<\/div>\n\t\t\t<select name=\"form_fields[field_45bca87]\" id=\"form-field-field_45bca87\" class=\"elementor-field-textual elementor-size-sm\">\n\t\t\t\t\t\t\t\t\t<option value=\"none\">...<\/option>\n\t\t\t\t\t\t\t\t\t<option value=\"f_deutschland\">Deutschland<\/option>\n\t\t\t\t\t\t\t\t\t<option value=\"f_usa\">USA<\/option>\n\t\t\t\t\t\t\t\t\t<option value=\"f_ttschechien\">Tschechien<\/option>\n\t\t\t\t\t\t\t<\/select>\n\t\t<\/div>\n\t\t\t\t\t\t<\/div>\n\t\t\t\t\t\t\t\t<div class=\"elementor-field-type-textarea elementor-field-group elementor-column elementor-field-group-message elementor-col-100 elementor-field-required\">\n\t\t\t\t\t\t\t\t\t\t\t\t<label for=\"form-field-message\" class=\"elementor-field-label\">\n\t\t\t\t\t\t\t\tNachricht\t\t\t\t\t\t\t<\/label>\n\t\t\t\t\t\t<textarea class=\"elementor-field-textual elementor-field  elementor-size-sm\" name=\"form_fields[message]\" id=\"form-field-message\" rows=\"6\" placeholder=\"Nachricht\" required=\"required\"><\/textarea>\t\t\t\t<\/div>\n\t\t\t\t\t\t\t\t<div class=\"elementor-field-group elementor-column elementor-field-type-submit elementor-col-100 e-form__buttons elementor-md-100\">\n\t\t\t\t\t<button class=\"elementor-button elementor-size-sm\" type=\"submit\">\n\t\t\t\t\t\t<span class=\"elementor-button-content-wrapper\">\n\t\t\t\t\t\t\t\t\t\t\t\t\t\t\t<span class=\"elementor-button-icon\">\n\t\t\t\t\t\t\t\t\t<i aria-hidden=\"true\" class=\"fas fa-arrow-circle-right\"><\/i>\t\t\t\t\t\t\t\t\t\t\t\t\t\t\t\t\t<\/span>\n\t\t\t\t\t\t\t\t\t\t\t\t\t\t\t\t\t\t\t\t\t\t<span class=\"elementor-button-text\">Nachricht senden<\/span>\n\t\t\t\t\t\t\t\t\t\t\t\t\t<\/span>\n\t\t\t\t\t<\/button>\n\t\t\t\t<\/div>\n\t\t\t<\/div>\n\t\t<\/form>\n\t\t\t\t\t\t<\/div>\n\t\t\t\t<\/div>\n\t\t\t\t\t<\/div>\n\t\t<\/div>\n\t\t\t\t\t<\/div>\n\t\t<\/section>\n\t\t\t\t<\/div>\n\t\t","protected":false},"excerpt":{"rendered":"<p>Anonymn\u00ed nar\u00e1\u017eka<\/p>","protected":false},"author":1,"featured_media":0,"parent":0,"menu_order":0,"comment_status":"closed","ping_status":"closed","template":"","meta":{"_acf_changed":false,"site-sidebar-layout":"no-sidebar","site-content-layout":"page-builder","ast-site-content-layout":"default","site-content-style":"default","site-sidebar-style":"default","ast-global-header-display":"","ast-banner-title-visibility":"","ast-main-header-display":"","ast-hfb-above-header-display":"","ast-hfb-below-header-display":"","ast-hfb-mobile-header-display":"","site-post-title":"disabled","ast-breadcrumbs-content":"","ast-featured-img":"disabled","footer-sml-layout":"","ast-disable-related-posts":"","theme-transparent-header-meta":"default","adv-header-id-meta":"","stick-header-meta":"","header-above-stick-meta":"","header-main-stick-meta":"","header-below-stick-meta":"","astra-migrate-meta-layouts":"default","ast-page-background-enabled":"default","ast-page-background-meta":{"desktop":{"background-color":"","background-image":"","background-repeat":"repeat","background-position":"center center","background-size":"auto","background-attachment":"scroll","background-type":"","background-media":"","overlay-type":"","overlay-color":"","overlay-opacity":"","overlay-gradient":""},"tablet":{"background-color":"","background-image":"","background-repeat":"repeat","background-position":"center center","background-size":"auto","background-attachment":"scroll","background-type":"","background-media":"","overlay-type":"","overlay-color":"","overlay-opacity":"","overlay-gradient":""},"mobile":{"background-color":"","background-image":"","background-repeat":"repeat","background-position":"center center","background-size":"auto","background-attachment":"scroll","background-type":"","background-media":"","overlay-type":"","overlay-color":"","overlay-opacity":"","overlay-gradient":""}},"ast-content-background-meta":{"desktop":{"background-color":"var(--ast-global-color-5)","background-image":"","background-repeat":"repeat","background-position":"center center","background-size":"auto","background-attachment":"scroll","background-type":"","background-media":"","overlay-type":"","overlay-color":"","overlay-opacity":"","overlay-gradient":""},"tablet":{"background-color":"var(--ast-global-color-5)","background-image":"","background-repeat":"repeat","background-position":"center center","background-size":"auto","background-attachment":"scroll","background-type":"","background-media":"","overlay-type":"","overlay-color":"","overlay-opacity":"","overlay-gradient":""},"mobile":{"background-color":"var(--ast-global-color-5)","background-image":"","background-repeat":"repeat","background-position":"center center","background-size":"auto","background-attachment":"scroll","background-type":"","background-media":"","overlay-type":"","overlay-color":"","overlay-opacity":"","overlay-gradient":""}},"footnotes":""},"class_list":["post-33003","page","type-page","status-publish","hentry"],"acf":[],"yoast_head":"<!-- This site is optimized with the Yoast SEO plugin v27.0 - https:\/\/yoast.com\/product\/yoast-seo-wordpress\/ -->\n<title>Anonymer Hinweis - OSYPKA<\/title>\n<meta name=\"robots\" content=\"index, follow, max-snippet:-1, max-image-preview:large, max-video-preview:-1\" \/>\n<link rel=\"canonical\" href=\"https:\/\/osypka.de\/cs\/anonymer-hinweis\/\" \/>\n<meta property=\"og:locale\" content=\"cs_CZ\" \/>\n<meta property=\"og:type\" content=\"article\" \/>\n<meta property=\"og:title\" content=\"Anonymer Hinweis - OSYPKA\" \/>\n<meta property=\"og:description\" content=\"Anonymer Hinweis\" \/>\n<meta property=\"og:url\" content=\"https:\/\/osypka.de\/cs\/anonymer-hinweis\/\" \/>\n<meta property=\"og:site_name\" content=\"OSYPKA\" \/>\n<meta property=\"article:modified_time\" content=\"2024-04-09T13:15:11+00:00\" \/>\n<meta name=\"twitter:card\" content=\"summary_large_image\" \/>\n<meta name=\"twitter:label1\" content=\"Odhadovan\u00e1 doba \u010dten\u00ed\" \/>\n\t<meta name=\"twitter:data1\" content=\"1 minuta\" \/>\n<script type=\"application\/ld+json\" class=\"yoast-schema-graph\">{\"@context\":\"https:\/\/schema.org\",\"@graph\":[{\"@type\":\"WebPage\",\"@id\":\"https:\/\/osypka.de\/anonymer-hinweis\/\",\"url\":\"https:\/\/osypka.de\/anonymer-hinweis\/\",\"name\":\"Anonymer Hinweis - OSYPKA\",\"isPartOf\":{\"@id\":\"https:\/\/osypka.de\/#website\"},\"datePublished\":\"2024-03-10T16:03:17+00:00\",\"dateModified\":\"2024-04-09T13:15:11+00:00\",\"breadcrumb\":{\"@id\":\"https:\/\/osypka.de\/anonymer-hinweis\/#breadcrumb\"},\"inLanguage\":\"cs\",\"potentialAction\":[{\"@type\":\"ReadAction\",\"target\":[\"https:\/\/osypka.de\/anonymer-hinweis\/\"]}]},{\"@type\":\"BreadcrumbList\",\"@id\":\"https:\/\/osypka.de\/anonymer-hinweis\/#breadcrumb\",\"itemListElement\":[{\"@type\":\"ListItem\",\"position\":1,\"name\":\"Home\",\"item\":\"https:\/\/osypka.de\/\"},{\"@type\":\"ListItem\",\"position\":2,\"name\":\"Anonymer Hinweis\"}]},{\"@type\":\"WebSite\",\"@id\":\"https:\/\/osypka.de\/#website\",\"url\":\"https:\/\/osypka.de\/\",\"name\":\"OSYPKA\",\"description\":\"Technology for an active life\",\"publisher\":{\"@id\":\"https:\/\/osypka.de\/#organization\"},\"potentialAction\":[{\"@type\":\"SearchAction\",\"target\":{\"@type\":\"EntryPoint\",\"urlTemplate\":\"https:\/\/osypka.de\/?s={search_term_string}\"},\"query-input\":{\"@type\":\"PropertyValueSpecification\",\"valueRequired\":true,\"valueName\":\"search_term_string\"}}],\"inLanguage\":\"cs\"},{\"@type\":\"Organization\",\"@id\":\"https:\/\/osypka.de\/#organization\",\"name\":\"OSYPKA\",\"url\":\"https:\/\/osypka.de\/\",\"logo\":{\"@type\":\"ImageObject\",\"inLanguage\":\"cs\",\"@id\":\"https:\/\/osypka.de\/#\/schema\/logo\/image\/\",\"url\":\"https:\/\/osypka.de\/wp-content\/uploads\/2020\/10\/OSYPKA_Logo.png\",\"contentUrl\":\"https:\/\/osypka.de\/wp-content\/uploads\/2020\/10\/OSYPKA_Logo.png\",\"width\":939,\"height\":235,\"caption\":\"OSYPKA\"},\"image\":{\"@id\":\"https:\/\/osypka.de\/#\/schema\/logo\/image\/\"}}]}<\/script>\n<!-- \/ Yoast SEO plugin. -->","yoast_head_json":{"title":"Anonymer Hinweis - OSYPKA","robots":{"index":"index","follow":"follow","max-snippet":"max-snippet:-1","max-image-preview":"max-image-preview:large","max-video-preview":"max-video-preview:-1"},"canonical":"https:\/\/osypka.de\/cs\/anonymer-hinweis\/","og_locale":"cs_CZ","og_type":"article","og_title":"Anonymer Hinweis - OSYPKA","og_description":"Anonymer Hinweis","og_url":"https:\/\/osypka.de\/cs\/anonymer-hinweis\/","og_site_name":"OSYPKA","article_modified_time":"2024-04-09T13:15:11+00:00","twitter_card":"summary_large_image","twitter_misc":{"Odhadovan\u00e1 doba \u010dten\u00ed":"1 minuta"},"schema":{"@context":"https:\/\/schema.org","@graph":[{"@type":"WebPage","@id":"https:\/\/osypka.de\/anonymer-hinweis\/","url":"https:\/\/osypka.de\/anonymer-hinweis\/","name":"Anonymer Hinweis - OSYPKA","isPartOf":{"@id":"https:\/\/osypka.de\/#website"},"datePublished":"2024-03-10T16:03:17+00:00","dateModified":"2024-04-09T13:15:11+00:00","breadcrumb":{"@id":"https:\/\/osypka.de\/anonymer-hinweis\/#breadcrumb"},"inLanguage":"cs","potentialAction":[{"@type":"ReadAction","target":["https:\/\/osypka.de\/anonymer-hinweis\/"]}]},{"@type":"BreadcrumbList","@id":"https:\/\/osypka.de\/anonymer-hinweis\/#breadcrumb","itemListElement":[{"@type":"ListItem","position":1,"name":"Home","item":"https:\/\/osypka.de\/"},{"@type":"ListItem","position":2,"name":"Anonymer Hinweis"}]},{"@type":"WebSite","@id":"https:\/\/osypka.de\/#website","url":"https:\/\/osypka.de\/","name":"OSYPKA","description":"Technologie pro aktivn\u00ed \u017eivot","publisher":{"@id":"https:\/\/osypka.de\/#organization"},"potentialAction":[{"@type":"SearchAction","target":{"@type":"EntryPoint","urlTemplate":"https:\/\/osypka.de\/?s={search_term_string}"},"query-input":{"@type":"PropertyValueSpecification","valueRequired":true,"valueName":"search_term_string"}}],"inLanguage":"cs"},{"@type":"Organization","@id":"https:\/\/osypka.de\/#organization","name":"OSYPKA","url":"https:\/\/osypka.de\/","logo":{"@type":"ImageObject","inLanguage":"cs","@id":"https:\/\/osypka.de\/#\/schema\/logo\/image\/","url":"https:\/\/osypka.de\/wp-content\/uploads\/2020\/10\/OSYPKA_Logo.png","contentUrl":"https:\/\/osypka.de\/wp-content\/uploads\/2020\/10\/OSYPKA_Logo.png","width":939,"height":235,"caption":"OSYPKA"},"image":{"@id":"https:\/\/osypka.de\/#\/schema\/logo\/image\/"}}]}},"publishpress_future_action":{"enabled":false,"date":"2026-04-14 17:29:51","action":"delete","newStatus":"draft","terms":[],"taxonomy":"","extraData":[]},"publishpress_future_workflow_manual_trigger":{"enabledWorkflows":[]},"_links":{"self":[{"href":"https:\/\/osypka.de\/cs\/wp-json\/wp\/v2\/pages\/33003","targetHints":{"allow":["GET"]}}],"collection":[{"href":"https:\/\/osypka.de\/cs\/wp-json\/wp\/v2\/pages"}],"about":[{"href":"https:\/\/osypka.de\/cs\/wp-json\/wp\/v2\/types\/page"}],"author":[{"embeddable":true,"href":"https:\/\/osypka.de\/cs\/wp-json\/wp\/v2\/users\/1"}],"replies":[{"embeddable":true,"href":"https:\/\/osypka.de\/cs\/wp-json\/wp\/v2\/comments?post=33003"}],"version-history":[{"count":16,"href":"https:\/\/osypka.de\/cs\/wp-json\/wp\/v2\/pages\/33003\/revisions"}],"predecessor-version":[{"id":34962,"href":"https:\/\/osypka.de\/cs\/wp-json\/wp\/v2\/pages\/33003\/revisions\/34962"}],"wp:attachment":[{"href":"https:\/\/osypka.de\/cs\/wp-json\/wp\/v2\/media?parent=33003"}],"curies":[{"name":"wp","href":"https:\/\/api.w.org\/{rel}","templated":true}]}}