{"id":24769,"date":"2023-06-07T13:27:18","date_gmt":"2023-06-07T11:27:18","guid":{"rendered":"https:\/\/osypka.de\/?page_id=24769"},"modified":"2024-04-22T14:16:59","modified_gmt":"2024-04-22T12:16:59","slug":"interventionelle-kardiologie","status":"publish","type":"page","link":"https:\/\/osypka.de\/en\/produkte\/interventionelle-kardiologie\/","title":{"rendered":"Interventional cardiology"},"content":{"rendered":"<div data-elementor-type=\"wp-page\" data-elementor-id=\"24769\" class=\"elementor elementor-24769\" data-elementor-post-type=\"page\">\n\t\t\t\t\t\t<section class=\"elementor-section elementor-top-section elementor-element elementor-element-6523ecdb elementor-section-boxed elementor-section-height-default elementor-section-height-default\" data-id=\"6523ecdb\" data-element_type=\"section\" data-e-type=\"section\" data-settings=\"{&quot;background_background&quot;:&quot;classic&quot;}\">\n\t\t\t\t\t\t<div class=\"elementor-container elementor-column-gap-default\">\n\t\t\t\t\t<div class=\"elementor-column elementor-col-100 elementor-top-column elementor-element elementor-element-63e17431\" data-id=\"63e17431\" data-element_type=\"column\" data-e-type=\"column\">\n\t\t\t<div class=\"elementor-widget-wrap elementor-element-populated\">\n\t\t\t\t\t\t<div class=\"elementor-element elementor-element-42f7731d elementor-widget elementor-widget-heading\" data-id=\"42f7731d\" data-element_type=\"widget\" data-e-type=\"widget\" data-widget_type=\"heading.default\">\n\t\t\t\t<div class=\"elementor-widget-container\">\n\t\t\t\t\t<h2 class=\"elementor-heading-title elementor-size-default\">Interventionelle<br> Kardiologie <\/h2>\t\t\t\t<\/div>\n\t\t\t\t<\/div>\n\t\t\t\t\t<\/div>\n\t\t<\/div>\n\t\t\t\t\t<\/div>\n\t\t<\/section>\n\t\t\t\t<section class=\"elementor-section elementor-top-section elementor-element elementor-element-8bef37b elementor-section-boxed elementor-section-height-default elementor-section-height-default\" data-id=\"8bef37b\" data-element_type=\"section\" data-e-type=\"section\">\n\t\t\t\t\t\t<div class=\"elementor-container elementor-column-gap-default\">\n\t\t\t\t\t<div class=\"elementor-column elementor-col-50 elementor-top-column elementor-element elementor-element-0b00133\" data-id=\"0b00133\" data-element_type=\"column\" data-e-type=\"column\">\n\t\t\t<div class=\"elementor-widget-wrap elementor-element-populated\">\n\t\t\t\t\t\t<div class=\"elementor-element elementor-element-b5a2046 elementor-widget elementor-widget-heading\" data-id=\"b5a2046\" data-element_type=\"widget\" data-e-type=\"widget\" data-widget_type=\"heading.default\">\n\t\t\t\t<div class=\"elementor-widget-container\">\n\t\t\t\t\t<h3 class=\"elementor-heading-title elementor-size-default\">OSYPKA \u2013 Pioniere der Hochfrequenzablation seit 30 Jahren!\n\n<\/h3>\t\t\t\t<\/div>\n\t\t\t\t<\/div>\n\t\t\t\t<div class=\"elementor-element elementor-element-8bfa3e6 elementor-widget elementor-widget-text-editor\" data-id=\"8bfa3e6\" data-element_type=\"widget\" data-e-type=\"widget\" data-widget_type=\"text-editor.default\">\n\t\t\t\t<div class=\"elementor-widget-container\">\n\t\t\t\t\t\t\t\t\tVon der Idee bis zur klinischen Anwendung entwickeln und produzieren wir das gesamte Produkt nach den Vorgaben und Forderungen der klinischen Anwender oder suchen neue L\u00f6sungen f\u00fcr ungekl\u00e4rte Fragen.\n\nOSYPKA offeriert ein bew\u00e4hrtes Produktportfolio an Hochdruck-Valvuloplastie Ballon-Kathetern sowie an Schlingen- und Fangkathetern, und aussergew\u00f6hnliche L\u00f6sungen und Innovationen \u2013 wie z.B. neuartige Stents f\u00fcr Patienten mit angeborenen Herzfehlern.\t\t\t\t\t\t\t\t<\/div>\n\t\t\t\t<\/div>\n\t\t\t\t\t<\/div>\n\t\t<\/div>\n\t\t\t\t<div class=\"elementor-column elementor-col-50 elementor-top-column elementor-element elementor-element-87a87e3\" data-id=\"87a87e3\" data-element_type=\"column\" data-e-type=\"column\">\n\t\t\t<div class=\"elementor-widget-wrap elementor-element-populated\">\n\t\t\t\t\t\t<div class=\"elementor-element elementor-element-d19ae84 elementor-widget elementor-widget-image\" data-id=\"d19ae84\" data-element_type=\"widget\" data-e-type=\"widget\" data-widget_type=\"image.default\">\n\t\t\t\t<div class=\"elementor-widget-container\">\n\t\t\t\t\t\t\t\t\t\t\t\t\t\t\t<img fetchpriority=\"high\" decoding=\"async\" width=\"907\" height=\"1024\" src=\"https:\/\/osypka.de\/wp-content\/uploads\/2023\/05\/Osypka_Platzhalter_2-907x1024.png\" class=\"attachment-large size-large wp-image-24555\" alt=\"Interventionelle Kardiologie\" srcset=\"https:\/\/osypka.de\/wp-content\/uploads\/2023\/05\/Osypka_Platzhalter_2-907x1024.png 907w, https:\/\/osypka.de\/wp-content\/uploads\/2023\/05\/Osypka_Platzhalter_2-266x300.png 266w, https:\/\/osypka.de\/wp-content\/uploads\/2023\/05\/Osypka_Platzhalter_2-768x867.png 768w, https:\/\/osypka.de\/wp-content\/uploads\/2023\/05\/Osypka_Platzhalter_2-1360x1536.png 1360w, https:\/\/osypka.de\/wp-content\/uploads\/2023\/05\/Osypka_Platzhalter_2-1814x2048.png 1814w, https:\/\/osypka.de\/wp-content\/uploads\/2023\/05\/Osypka_Platzhalter_2.png 2000w\" sizes=\"(max-width: 907px) 100vw, 907px\" \/>\t\t\t\t\t\t\t\t\t\t\t\t\t\t\t<\/div>\n\t\t\t\t<\/div>\n\t\t\t\t\t<\/div>\n\t\t<\/div>\n\t\t\t\t\t<\/div>\n\t\t<\/section>\n\t\t\t\t<section class=\"elementor-section elementor-top-section elementor-element elementor-element-1735bb8 elementor-section-boxed elementor-section-height-default elementor-section-height-default\" data-id=\"1735bb8\" data-element_type=\"section\" data-e-type=\"section\" data-settings=\"{&quot;background_background&quot;:&quot;classic&quot;}\">\n\t\t\t\t\t\t<div class=\"elementor-container elementor-column-gap-default\">\n\t\t\t\t\t<div class=\"elementor-column elementor-col-100 elementor-top-column elementor-element elementor-element-bf3d5d9\" data-id=\"bf3d5d9\" data-element_type=\"column\" data-e-type=\"column\">\n\t\t\t<div class=\"elementor-widget-wrap elementor-element-populated\">\n\t\t\t\t\t\t<div class=\"elementor-element elementor-element-9b1f566 elementor-widget elementor-widget-heading\" data-id=\"9b1f566\" data-element_type=\"widget\" data-e-type=\"widget\" data-widget_type=\"heading.default\">\n\t\t\t\t<div class=\"elementor-widget-container\">\n\t\t\t\t\t<h2 class=\"elementor-heading-title elementor-size-default\">Product portfolio<\/h2>\t\t\t\t<\/div>\n\t\t\t\t<\/div>\n\t\t\t\t<div class=\"elementor-element elementor-element-35dbd7a elementor-widget elementor-widget-heading\" data-id=\"35dbd7a\" data-element_type=\"widget\" data-e-type=\"widget\" data-widget_type=\"heading.default\">\n\t\t\t\t<div class=\"elementor-widget-container\">\n\t\t\t\t\t<h2 class=\"elementor-heading-title elementor-size-default\">Interventional cardiology<\/h2>\t\t\t\t<\/div>\n\t\t\t\t<\/div>\n\t\t\t\t\t<\/div>\n\t\t<\/div>\n\t\t\t\t\t<\/div>\n\t\t<\/section>\n\t\t\t\t<section class=\"elementor-section elementor-top-section elementor-element elementor-element-bb680ae elementor-section-boxed elementor-section-height-default elementor-section-height-default\" data-id=\"bb680ae\" data-element_type=\"section\" data-e-type=\"section\" data-settings=\"{&quot;background_background&quot;:&quot;classic&quot;}\">\n\t\t\t\t\t\t<div class=\"elementor-container elementor-column-gap-default\">\n\t\t\t\t\t<div class=\"elementor-column elementor-col-33 elementor-top-column elementor-element elementor-element-ef95740\" data-id=\"ef95740\" data-element_type=\"column\" data-e-type=\"column\" data-settings=\"{&quot;background_background&quot;:&quot;classic&quot;}\">\n\t\t\t<div class=\"elementor-widget-wrap elementor-element-populated\">\n\t\t\t\t\t\t<div class=\"elementor-element elementor-element-b737bb5 elementor-widget elementor-widget-image\" data-id=\"b737bb5\" data-element_type=\"widget\" data-e-type=\"widget\" data-widget_type=\"image.default\">\n\t\t\t\t<div class=\"elementor-widget-container\">\n\t\t\t\t\t\t\t\t\t\t\t\t\t\t\t\t<a href=\"https:\/\/osypka.de\/en\/interventionelle-kardiologie\/valvuloplastie-ballonkatheter\/\">\n\t\t\t\t\t\t\t<img decoding=\"async\" src=\"https:\/\/osypka.de\/wp-content\/uploads\/2023\/06\/Middle-Vacs_1.png\" title=\"\" alt=\"Interventionelle Kardiologie\" loading=\"lazy\" \/>\t\t\t\t\t\t\t\t<\/a>\n\t\t\t\t\t\t\t\t\t\t\t\t\t\t\t<\/div>\n\t\t\t\t<\/div>\n\t\t\t\t<div class=\"elementor-element elementor-element-f470dfe elementor-widget elementor-widget-heading\" data-id=\"f470dfe\" data-element_type=\"widget\" data-e-type=\"widget\" data-widget_type=\"heading.default\">\n\t\t\t\t<div class=\"elementor-widget-container\">\n\t\t\t\t\t<h4 class=\"elementor-heading-title elementor-size-default\"><a href=\"https:\/\/osypka.de\/en\/interventionelle-kardiologie\/valvuloplastie-ballonkatheter\/\">Valvuloplastie Ballonkatheter<\/a><\/h4>\t\t\t\t<\/div>\n\t\t\t\t<\/div>\n\t\t\t\t\t<\/div>\n\t\t<\/div>\n\t\t\t\t<div class=\"elementor-column elementor-col-33 elementor-top-column elementor-element elementor-element-1bf384c\" data-id=\"1bf384c\" data-element_type=\"column\" data-e-type=\"column\">\n\t\t\t<div class=\"elementor-widget-wrap\">\n\t\t\t\t\t\t\t<\/div>\n\t\t<\/div>\n\t\t\t\t<div class=\"elementor-column elementor-col-33 elementor-top-column elementor-element elementor-element-0289416\" data-id=\"0289416\" data-element_type=\"column\" data-e-type=\"column\">\n\t\t\t<div class=\"elementor-widget-wrap\">\n\t\t\t\t\t\t\t<\/div>\n\t\t<\/div>\n\t\t\t\t\t<\/div>\n\t\t<\/section>\n\t\t\t\t<\/div>","protected":false},"excerpt":{"rendered":"<p>Interventionelle Kardiologie OSYPKA \u2013 Pioniere der Hochfrequenzablation seit 30 Jahren! Von der Idee bis zur klinischen Anwendung entwickeln und produzieren wir das gesamte Produkt nach den Vorgaben und Forderungen der klinischen Anwender oder suchen neue L\u00f6sungen f\u00fcr ungekl\u00e4rte Fragen. OSYPKA offeriert ein bew\u00e4hrtes Produktportfolio an Hochdruck-Valvuloplastie Ballon-Kathetern sowie an Schlingen- und Fangkathetern, und aussergew\u00f6hnliche L\u00f6sungen [&hellip;]<\/p>\n","protected":false},"author":1,"featured_media":24555,"parent":25588,"menu_order":0,"comment_status":"closed","ping_status":"closed","template":"","meta":{"_acf_changed":false,"site-sidebar-layout":"no-sidebar","site-content-layout":"page-builder","ast-site-content-layout":"full-width-container","site-content-style":"unboxed","site-sidebar-style":"unboxed","ast-global-header-display":"","ast-banner-title-visibility":"","ast-main-header-display":"","ast-hfb-above-header-display":"","ast-hfb-below-header-display":"","ast-hfb-mobile-header-display":"","site-post-title":"disabled","ast-breadcrumbs-content":"","ast-featured-img":"disabled","footer-sml-layout":"","ast-disable-related-posts":"","theme-transparent-header-meta":"default","adv-header-id-meta":"","stick-header-meta":"","header-above-stick-meta":"","header-main-stick-meta":"","header-below-stick-meta":"","astra-migrate-meta-layouts":"set","ast-page-background-enabled":"default","ast-page-background-meta":{"desktop":{"background-color":"","background-image":"","background-repeat":"repeat","background-position":"center center","background-size":"auto","background-attachment":"scroll","background-type":"","background-media":"","overlay-type":"","overlay-color":"","overlay-opacity":"","overlay-gradient":""},"tablet":{"background-color":"","background-image":"","background-repeat":"repeat","background-position":"center center","background-size":"auto","background-attachment":"scroll","background-type":"","background-media":"","overlay-type":"","overlay-color":"","overlay-opacity":"","overlay-gradient":""},"mobile":{"background-color":"","background-image":"","background-repeat":"repeat","background-position":"center center","background-size":"auto","background-attachment":"scroll","background-type":"","background-media":"","overlay-type":"","overlay-color":"","overlay-opacity":"","overlay-gradient":""}},"ast-content-background-meta":{"desktop":{"background-color":"var(--ast-global-color-5)","background-image":"","background-repeat":"repeat","background-position":"center center","background-size":"auto","background-attachment":"scroll","background-type":"","background-media":"","overlay-type":"","overlay-color":"","overlay-opacity":"","overlay-gradient":""},"tablet":{"background-color":"var(--ast-global-color-5)","background-image":"","background-repeat":"repeat","background-position":"center center","background-size":"auto","background-attachment":"scroll","background-type":"","background-media":"","overlay-type":"","overlay-color":"","overlay-opacity":"","overlay-gradient":""},"mobile":{"background-color":"var(--ast-global-color-5)","background-image":"","background-repeat":"repeat","background-position":"center center","background-size":"auto","background-attachment":"scroll","background-type":"","background-media":"","overlay-type":"","overlay-color":"","overlay-opacity":"","overlay-gradient":""}},"footnotes":""},"class_list":["post-24769","page","type-page","status-publish","has-post-thumbnail","hentry"],"acf":[],"yoast_head":"<!-- This site is optimized with the Yoast SEO plugin v27.0 - https:\/\/yoast.com\/product\/yoast-seo-wordpress\/ -->\n<title>Interventionelle Kardiologie - OSYPKA<\/title>\n<meta name=\"description\" content=\"Interventionelle Kardiologie \u2013 Von der Idee \u2013 Anwendung entwickeln, produzieren wir das gesamte Produkt nach den Vorgaben und Forderungen.\" \/>\n<meta name=\"robots\" content=\"index, follow, max-snippet:-1, max-image-preview:large, max-video-preview:-1\" \/>\n<link rel=\"canonical\" href=\"https:\/\/osypka.de\/en\/produkte\/interventionelle-kardiologie\/\" \/>\n<meta property=\"og:locale\" content=\"en_US\" \/>\n<meta property=\"og:type\" content=\"article\" \/>\n<meta property=\"og:title\" content=\"Interventionelle Kardiologie - OSYPKA\" \/>\n<meta property=\"og:description\" content=\"Interventionelle Kardiologie \u2013 Von der Idee \u2013 Anwendung entwickeln, produzieren wir das gesamte Produkt nach den Vorgaben und Forderungen.\" \/>\n<meta property=\"og:url\" content=\"https:\/\/osypka.de\/en\/produkte\/interventionelle-kardiologie\/\" \/>\n<meta property=\"og:site_name\" content=\"OSYPKA\" \/>\n<meta property=\"article:modified_time\" content=\"2024-04-22T12:16:59+00:00\" \/>\n<meta property=\"og:image\" content=\"https:\/\/osypka.de\/wp-content\/uploads\/2023\/05\/Osypka_Platzhalter_2.png\" \/>\n\t<meta property=\"og:image:width\" content=\"2000\" \/>\n\t<meta property=\"og:image:height\" content=\"2258\" \/>\n\t<meta property=\"og:image:type\" content=\"image\/png\" \/>\n<meta name=\"twitter:card\" content=\"summary_large_image\" \/>\n<meta name=\"twitter:label1\" content=\"Est. reading time\" \/>\n\t<meta name=\"twitter:data1\" content=\"1 minute\" \/>\n<script type=\"application\/ld+json\" class=\"yoast-schema-graph\">{\"@context\":\"https:\/\/schema.org\",\"@graph\":[{\"@type\":\"WebPage\",\"@id\":\"https:\/\/osypka.de\/produkte\/interventionelle-kardiologie\/\",\"url\":\"https:\/\/osypka.de\/produkte\/interventionelle-kardiologie\/\",\"name\":\"Interventionelle Kardiologie - OSYPKA\",\"isPartOf\":{\"@id\":\"https:\/\/osypka.de\/#website\"},\"primaryImageOfPage\":{\"@id\":\"https:\/\/osypka.de\/produkte\/interventionelle-kardiologie\/#primaryimage\"},\"image\":{\"@id\":\"https:\/\/osypka.de\/produkte\/interventionelle-kardiologie\/#primaryimage\"},\"thumbnailUrl\":\"https:\/\/osypka.de\/wp-content\/uploads\/2023\/05\/Osypka_Platzhalter_2.png\",\"datePublished\":\"2023-06-07T11:27:18+00:00\",\"dateModified\":\"2024-04-22T12:16:59+00:00\",\"description\":\"Interventionelle Kardiologie \u2013 Von der Idee \u2013 Anwendung entwickeln, produzieren wir das gesamte Produkt nach den Vorgaben und Forderungen.\",\"breadcrumb\":{\"@id\":\"https:\/\/osypka.de\/produkte\/interventionelle-kardiologie\/#breadcrumb\"},\"inLanguage\":\"en-US\",\"potentialAction\":[{\"@type\":\"ReadAction\",\"target\":[\"https:\/\/osypka.de\/produkte\/interventionelle-kardiologie\/\"]}]},{\"@type\":\"ImageObject\",\"inLanguage\":\"en-US\",\"@id\":\"https:\/\/osypka.de\/produkte\/interventionelle-kardiologie\/#primaryimage\",\"url\":\"https:\/\/osypka.de\/wp-content\/uploads\/2023\/05\/Osypka_Platzhalter_2.png\",\"contentUrl\":\"https:\/\/osypka.de\/wp-content\/uploads\/2023\/05\/Osypka_Platzhalter_2.png\",\"width\":2000,\"height\":2258,\"caption\":\"Interventionelle Kardiologie\"},{\"@type\":\"BreadcrumbList\",\"@id\":\"https:\/\/osypka.de\/produkte\/interventionelle-kardiologie\/#breadcrumb\",\"itemListElement\":[{\"@type\":\"ListItem\",\"position\":1,\"name\":\"Home\",\"item\":\"https:\/\/osypka.de\/\"},{\"@type\":\"ListItem\",\"position\":2,\"name\":\"Produkte\",\"item\":\"https:\/\/osypka.de\/produkte\/\"},{\"@type\":\"ListItem\",\"position\":3,\"name\":\"Interventionelle Kardiologie\"}]},{\"@type\":\"WebSite\",\"@id\":\"https:\/\/osypka.de\/#website\",\"url\":\"https:\/\/osypka.de\/\",\"name\":\"OSYPKA\",\"description\":\"Technology for an active life\",\"publisher\":{\"@id\":\"https:\/\/osypka.de\/#organization\"},\"potentialAction\":[{\"@type\":\"SearchAction\",\"target\":{\"@type\":\"EntryPoint\",\"urlTemplate\":\"https:\/\/osypka.de\/?s={search_term_string}\"},\"query-input\":{\"@type\":\"PropertyValueSpecification\",\"valueRequired\":true,\"valueName\":\"search_term_string\"}}],\"inLanguage\":\"en-US\"},{\"@type\":\"Organization\",\"@id\":\"https:\/\/osypka.de\/#organization\",\"name\":\"OSYPKA\",\"url\":\"https:\/\/osypka.de\/\",\"logo\":{\"@type\":\"ImageObject\",\"inLanguage\":\"en-US\",\"@id\":\"https:\/\/osypka.de\/#\/schema\/logo\/image\/\",\"url\":\"https:\/\/osypka.de\/wp-content\/uploads\/2020\/10\/OSYPKA_Logo.png\",\"contentUrl\":\"https:\/\/osypka.de\/wp-content\/uploads\/2020\/10\/OSYPKA_Logo.png\",\"width\":939,\"height\":235,\"caption\":\"OSYPKA\"},\"image\":{\"@id\":\"https:\/\/osypka.de\/#\/schema\/logo\/image\/\"}}]}<\/script>\n<!-- \/ Yoast SEO plugin. -->","yoast_head_json":{"title":"Interventionelle Kardiologie - OSYPKA","description":"Interventionelle Kardiologie \u2013 Von der Idee \u2013 Anwendung entwickeln, produzieren wir das gesamte Produkt nach den Vorgaben und Forderungen.","robots":{"index":"index","follow":"follow","max-snippet":"max-snippet:-1","max-image-preview":"max-image-preview:large","max-video-preview":"max-video-preview:-1"},"canonical":"https:\/\/osypka.de\/en\/produkte\/interventionelle-kardiologie\/","og_locale":"en_US","og_type":"article","og_title":"Interventionelle Kardiologie - OSYPKA","og_description":"Interventionelle Kardiologie \u2013 Von der Idee \u2013 Anwendung entwickeln, produzieren wir das gesamte Produkt nach den Vorgaben und Forderungen.","og_url":"https:\/\/osypka.de\/en\/produkte\/interventionelle-kardiologie\/","og_site_name":"OSYPKA","article_modified_time":"2024-04-22T12:16:59+00:00","og_image":[{"width":2000,"height":2258,"url":"https:\/\/osypka.de\/wp-content\/uploads\/2023\/05\/Osypka_Platzhalter_2.png","type":"image\/png"}],"twitter_card":"summary_large_image","twitter_misc":{"Est. reading time":"1 minute"},"schema":{"@context":"https:\/\/schema.org","@graph":[{"@type":"WebPage","@id":"https:\/\/osypka.de\/produkte\/interventionelle-kardiologie\/","url":"https:\/\/osypka.de\/produkte\/interventionelle-kardiologie\/","name":"Interventionelle Kardiologie - OSYPKA","isPartOf":{"@id":"https:\/\/osypka.de\/#website"},"primaryImageOfPage":{"@id":"https:\/\/osypka.de\/produkte\/interventionelle-kardiologie\/#primaryimage"},"image":{"@id":"https:\/\/osypka.de\/produkte\/interventionelle-kardiologie\/#primaryimage"},"thumbnailUrl":"https:\/\/osypka.de\/wp-content\/uploads\/2023\/05\/Osypka_Platzhalter_2.png","datePublished":"2023-06-07T11:27:18+00:00","dateModified":"2024-04-22T12:16:59+00:00","description":"Interventionelle Kardiologie \u2013 Von der Idee \u2013 Anwendung entwickeln, produzieren wir das gesamte Produkt nach den Vorgaben und Forderungen.","breadcrumb":{"@id":"https:\/\/osypka.de\/produkte\/interventionelle-kardiologie\/#breadcrumb"},"inLanguage":"en-US","potentialAction":[{"@type":"ReadAction","target":["https:\/\/osypka.de\/produkte\/interventionelle-kardiologie\/"]}]},{"@type":"ImageObject","inLanguage":"en-US","@id":"https:\/\/osypka.de\/produkte\/interventionelle-kardiologie\/#primaryimage","url":"https:\/\/osypka.de\/wp-content\/uploads\/2023\/05\/Osypka_Platzhalter_2.png","contentUrl":"https:\/\/osypka.de\/wp-content\/uploads\/2023\/05\/Osypka_Platzhalter_2.png","width":2000,"height":2258,"caption":"Interventionelle Kardiologie"},{"@type":"BreadcrumbList","@id":"https:\/\/osypka.de\/produkte\/interventionelle-kardiologie\/#breadcrumb","itemListElement":[{"@type":"ListItem","position":1,"name":"Home","item":"https:\/\/osypka.de\/"},{"@type":"ListItem","position":2,"name":"Produkte","item":"https:\/\/osypka.de\/produkte\/"},{"@type":"ListItem","position":3,"name":"Interventionelle Kardiologie"}]},{"@type":"WebSite","@id":"https:\/\/osypka.de\/#website","url":"https:\/\/osypka.de\/","name":"OSYPKA","description":"Technology for an active life","publisher":{"@id":"https:\/\/osypka.de\/#organization"},"potentialAction":[{"@type":"SearchAction","target":{"@type":"EntryPoint","urlTemplate":"https:\/\/osypka.de\/?s={search_term_string}"},"query-input":{"@type":"PropertyValueSpecification","valueRequired":true,"valueName":"search_term_string"}}],"inLanguage":"en-US"},{"@type":"Organization","@id":"https:\/\/osypka.de\/#organization","name":"OSYPKA","url":"https:\/\/osypka.de\/","logo":{"@type":"ImageObject","inLanguage":"en-US","@id":"https:\/\/osypka.de\/#\/schema\/logo\/image\/","url":"https:\/\/osypka.de\/wp-content\/uploads\/2020\/10\/OSYPKA_Logo.png","contentUrl":"https:\/\/osypka.de\/wp-content\/uploads\/2020\/10\/OSYPKA_Logo.png","width":939,"height":235,"caption":"OSYPKA"},"image":{"@id":"https:\/\/osypka.de\/#\/schema\/logo\/image\/"}}]}},"publishpress_future_action":{"enabled":false,"date":"2026-04-14 13:35:43","action":"delete","newStatus":"draft","terms":[],"taxonomy":"","extraData":[]},"publishpress_future_workflow_manual_trigger":{"enabledWorkflows":[]},"_links":{"self":[{"href":"https:\/\/osypka.de\/en\/wp-json\/wp\/v2\/pages\/24769","targetHints":{"allow":["GET"]}}],"collection":[{"href":"https:\/\/osypka.de\/en\/wp-json\/wp\/v2\/pages"}],"about":[{"href":"https:\/\/osypka.de\/en\/wp-json\/wp\/v2\/types\/page"}],"author":[{"embeddable":true,"href":"https:\/\/osypka.de\/en\/wp-json\/wp\/v2\/users\/1"}],"replies":[{"embeddable":true,"href":"https:\/\/osypka.de\/en\/wp-json\/wp\/v2\/comments?post=24769"}],"version-history":[{"count":7,"href":"https:\/\/osypka.de\/en\/wp-json\/wp\/v2\/pages\/24769\/revisions"}],"predecessor-version":[{"id":35288,"href":"https:\/\/osypka.de\/en\/wp-json\/wp\/v2\/pages\/24769\/revisions\/35288"}],"up":[{"embeddable":true,"href":"https:\/\/osypka.de\/en\/wp-json\/wp\/v2\/pages\/25588"}],"wp:featuredmedia":[{"embeddable":true,"href":"https:\/\/osypka.de\/en\/wp-json\/wp\/v2\/media\/24555"}],"wp:attachment":[{"href":"https:\/\/osypka.de\/en\/wp-json\/wp\/v2\/media?parent=24769"}],"curies":[{"name":"wp","href":"https:\/\/api.w.org\/{rel}","templated":true}]}}