{"id":25021,"date":"2023-06-12T09:41:16","date_gmt":"2023-06-12T07:41:16","guid":{"rendered":"https:\/\/osypka.de\/?page_id=25021"},"modified":"2024-04-22T14:21:15","modified_gmt":"2024-04-22T12:21:15","slug":"transvenoese-temporaere-elektroden","status":"publish","type":"page","link":"https:\/\/osypka.de\/en\/produkte\/pacing\/transvenoese-temporaere-elektroden\/","title":{"rendered":"Transven\u00f6se Tempor\u00e4re Elektroden"},"content":{"rendered":"<div data-elementor-type=\"wp-page\" data-elementor-id=\"25021\" class=\"elementor elementor-25021\" data-elementor-post-type=\"page\">\n\t\t\t\t\t\t<section class=\"elementor-section elementor-top-section elementor-element elementor-element-89dcaf6 elementor-reverse-mobile elementor-section-boxed elementor-section-height-default elementor-section-height-default\" data-id=\"89dcaf6\" data-element_type=\"section\" data-e-type=\"section\">\n\t\t\t\t\t\t<div class=\"elementor-container elementor-column-gap-default\">\n\t\t\t\t\t<div class=\"elementor-column elementor-col-100 elementor-top-column elementor-element elementor-element-34d8206\" data-id=\"34d8206\" data-element_type=\"column\" data-e-type=\"column\">\n\t\t\t<div class=\"elementor-widget-wrap elementor-element-populated\">\n\t\t\t\t\t\t<div class=\"elementor-element elementor-element-7b3a378 elementor-widget elementor-widget-heading\" data-id=\"7b3a378\" data-element_type=\"widget\" data-e-type=\"widget\" data-widget_type=\"heading.default\">\n\t\t\t\t<div class=\"elementor-widget-container\">\n\t\t\t\t\t<h1 class=\"elementor-heading-title elementor-size-default\">Transven\u00f6se Tempor\u00e4re Elektroden\n\n<\/h1>\t\t\t\t<\/div>\n\t\t\t\t<\/div>\n\t\t\t\t<div class=\"elementor-element elementor-element-5cf3962 elementor-widget elementor-widget-text-editor\" data-id=\"5cf3962\" data-element_type=\"widget\" data-e-type=\"widget\" data-widget_type=\"text-editor.default\">\n\t\t\t\t<div class=\"elementor-widget-container\">\n\t\t\t\t\t\t\t\t\t<p>OSYPKA offers an extensive product range for all needs of transient transvenous stimulation of the heart in adult and pediatric cardiology.<br \/>Die Katheter sind mit unterschiedlichen Steifigkeiten versehen. Ideale Platzierung und Steuerbarkeit ist bei einigen Modellen mit Hilfe eines Stiletts m\u00f6glich.<br \/>Sie sind je nach Modell besonders geeignet f\u00fcr:<\/p><p>\u00a0<\/p><ul><li>Pr\u00e4- und postoperative Stimulation<\/li><li>Interimsunterst\u00fctzung bei HSM-Implantation\/-Wechsel<\/li><li>Rapid Pacing bei TAVI, Valvuloplastie<\/li><li>Langzeit-Stimulation (bis max. 30 Tage) von Patienten mit z.B. HSM-Taschen-Infektion<\/li><li>Mapping bei elektrophysiologischen Untersuchungen<\/li><li>Referenz-Elektrode f\u00fcr 3D Darstellungen<\/li><li>Notfallstimulation<\/li><\/ul><p>Die Katheter sind entweder direkt oder \u00fcber OSYPKA Verl\u00e4ngerungskabel an externe Herzschrittmacher (z.B. PACE101H (Einkammer), PACE203H (Zweikammer) und PACE300 (Dreikammer; f\u00fcr die biventrikul\u00e4re Stimulation\/CRT) konnektierbar.<\/p>\t\t\t\t\t\t\t\t<\/div>\n\t\t\t\t<\/div>\n\t\t\t\t\t<\/div>\n\t\t<\/div>\n\t\t\t\t\t<\/div>\n\t\t<\/section>\n\t\t\t\t<section class=\"elementor-section elementor-top-section elementor-element elementor-element-83ac040 elementor-section-boxed elementor-section-height-default elementor-section-height-default\" data-id=\"83ac040\" data-element_type=\"section\" data-e-type=\"section\" data-settings=\"{&quot;background_background&quot;:&quot;classic&quot;}\">\n\t\t\t\t\t\t<div class=\"elementor-container elementor-column-gap-default\">\n\t\t\t\t\t<div class=\"elementor-column elementor-col-33 elementor-top-column elementor-element elementor-element-6843007\" data-id=\"6843007\" data-element_type=\"column\" data-e-type=\"column\" data-settings=\"{&quot;background_background&quot;:&quot;classic&quot;}\">\n\t\t\t<div class=\"elementor-widget-wrap elementor-element-populated\">\n\t\t\t\t\t\t<div class=\"elementor-element elementor-element-a2fc569 elementor-widget elementor-widget-image\" data-id=\"a2fc569\" data-element_type=\"widget\" data-e-type=\"widget\" data-widget_type=\"image.default\">\n\t\t\t\t<div class=\"elementor-widget-container\">\n\t\t\t\t\t\t\t\t\t\t\t\t\t\t\t<img decoding=\"async\" src=\"https:\/\/osypka.de\/wp-content\/uploads\/2023\/06\/Middle-Passagere-Elektroden-TB_2.png\" title=\"\" alt=\"Transven\u00f6se Tempor\u00e4re Elektroden\" loading=\"lazy\" \/>\t\t\t\t\t\t\t\t\t\t\t\t\t\t\t<\/div>\n\t\t\t\t<\/div>\n\t\t\t\t<div class=\"elementor-element elementor-element-f67de84 elementor-widget elementor-widget-text-editor\" data-id=\"f67de84\" data-element_type=\"widget\" data-e-type=\"widget\" data-widget_type=\"text-editor.default\">\n\t\t\t\t<div class=\"elementor-widget-container\">\n\t\t\t\t\t\t\t\t\t<p><b>TB<\/b><\/p>\n<p><b>&nbsp;<\/b><\/p>\n<p>Temporary \u201cAll- Rounder \u201d electrode with fixed connector. Straight or J-curve for placement in the atrial septum.<\/p>\t\t\t\t\t\t\t\t<\/div>\n\t\t\t\t<\/div>\n\t\t\t\t<div class=\"elementor-element elementor-element-b175074 elementor-align-center product-page-download-button elementor-widget elementor-widget-button\" data-id=\"b175074\" data-element_type=\"widget\" data-e-type=\"widget\" data-widget_type=\"button.default\">\n\t\t\t\t<div class=\"elementor-widget-container\">\n\t\t\t\t\t\t\t\t\t<div class=\"elementor-button-wrapper\">\n\t\t\t\t\t<a class=\"elementor-button elementor-button-link elementor-size-sm\" href=\"https:\/\/osypka.de\/en\/tb-fx_tb-fx-jschutzk\/\" target=\"_blank\">\n\t\t\t\t\t\t<span class=\"elementor-button-content-wrapper\">\n\t\t\t\t\t\t<span class=\"elementor-button-icon\">\n\t\t\t\t<i aria-hidden=\"true\" class=\"fas fa-download\"><\/i>\t\t\t<\/span>\n\t\t\t\t\t\t\t\t\t<span class=\"elementor-button-text\">Download brochure<\/span>\n\t\t\t\t\t<\/span>\n\t\t\t\t\t<\/a>\n\t\t\t\t<\/div>\n\t\t\t\t\t\t\t\t<\/div>\n\t\t\t\t<\/div>\n\t\t\t\t\t<\/div>\n\t\t<\/div>\n\t\t\t\t<div class=\"elementor-column elementor-col-33 elementor-top-column elementor-element elementor-element-44d70c1\" data-id=\"44d70c1\" data-element_type=\"column\" data-e-type=\"column\" data-settings=\"{&quot;background_background&quot;:&quot;classic&quot;}\">\n\t\t\t<div class=\"elementor-widget-wrap elementor-element-populated\">\n\t\t\t\t\t\t<div class=\"elementor-element elementor-element-960a5d2 elementor-widget elementor-widget-image\" data-id=\"960a5d2\" data-element_type=\"widget\" data-e-type=\"widget\" data-widget_type=\"image.default\">\n\t\t\t\t<div class=\"elementor-widget-container\">\n\t\t\t\t\t\t\t\t\t\t\t\t\t\t\t<img decoding=\"async\" src=\"https:\/\/osypka.de\/wp-content\/uploads\/2023\/06\/Middle-Passagere-Elektroden-Helios_1.png\" title=\"\" alt=\"Transven\u00f6se Tempor\u00e4re Elektroden\" loading=\"lazy\" \/>\t\t\t\t\t\t\t\t\t\t\t\t\t\t\t<\/div>\n\t\t\t\t<\/div>\n\t\t\t\t<div class=\"elementor-element elementor-element-0936df3 elementor-widget elementor-widget-text-editor\" data-id=\"0936df3\" data-element_type=\"widget\" data-e-type=\"widget\" data-widget_type=\"text-editor.default\">\n\t\t\t\t<div class=\"elementor-widget-container\">\n\t\t\t\t\t\t\t\t\t<p><strong>HELIOS<sup>TM<\/sup><\/strong><\/p><p><b>\u00a0<\/b><\/p><p><span style=\"font-style: inherit; font-weight: inherit; font-family: var( --e-global-typography-text-font-family ), Sans-serif; background-color: var( --e-global-color-fe22fc3 ); color: var( --e-global-color-text );\">Besonders geeignet f\u00fcr Notf\u00e4lle wie Bradyarrhythmien und Erkrankungen des Erregungsleitungssystems. Der HELIOSTM Katheter kann ohne R\u00f6ntgenkontrolle positioniert werden.<\/span><\/p>\t\t\t\t\t\t\t\t<\/div>\n\t\t\t\t<\/div>\n\t\t\t\t<div class=\"elementor-element elementor-element-76b6a02 elementor-align-center product-page-download-button elementor-widget elementor-widget-button\" data-id=\"76b6a02\" data-element_type=\"widget\" data-e-type=\"widget\" data-widget_type=\"button.default\">\n\t\t\t\t<div class=\"elementor-widget-container\">\n\t\t\t\t\t\t\t\t\t<div class=\"elementor-button-wrapper\">\n\t\t\t\t\t<a class=\"elementor-button elementor-button-link elementor-size-sm\" href=\"https:\/\/osypka.de\/en\/tb-fx_tb-fx-jschutzk\/\" target=\"_blank\">\n\t\t\t\t\t\t<span class=\"elementor-button-content-wrapper\">\n\t\t\t\t\t\t<span class=\"elementor-button-icon\">\n\t\t\t\t<i aria-hidden=\"true\" class=\"fas fa-download\"><\/i>\t\t\t<\/span>\n\t\t\t\t\t\t\t\t\t<span class=\"elementor-button-text\">Download brochure<\/span>\n\t\t\t\t\t<\/span>\n\t\t\t\t\t<\/a>\n\t\t\t\t<\/div>\n\t\t\t\t\t\t\t\t<\/div>\n\t\t\t\t<\/div>\n\t\t\t\t\t<\/div>\n\t\t<\/div>\n\t\t\t\t<div class=\"elementor-column elementor-col-33 elementor-top-column elementor-element elementor-element-27c4fb9\" data-id=\"27c4fb9\" data-element_type=\"column\" data-e-type=\"column\" data-settings=\"{&quot;background_background&quot;:&quot;classic&quot;}\">\n\t\t\t<div class=\"elementor-widget-wrap elementor-element-populated\">\n\t\t\t\t\t\t<div class=\"elementor-element elementor-element-70f2fd1 elementor-widget elementor-widget-image\" data-id=\"70f2fd1\" data-element_type=\"widget\" data-e-type=\"widget\" data-widget_type=\"image.default\">\n\t\t\t\t<div class=\"elementor-widget-container\">\n\t\t\t\t\t\t\t\t\t\t\t\t\t\t\t<img fetchpriority=\"high\" decoding=\"async\" width=\"502\" height=\"355\" src=\"https:\/\/osypka.de\/wp-content\/uploads\/2023\/06\/Middle-Passagere-Elektroden-Auftrag.png\" class=\"attachment-large size-large wp-image-25051\" alt=\"Transven\u00f6se Tempor\u00e4re Elektroden\" srcset=\"https:\/\/osypka.de\/wp-content\/uploads\/2023\/06\/Middle-Passagere-Elektroden-Auftrag.png 502w, https:\/\/osypka.de\/wp-content\/uploads\/2023\/06\/Middle-Passagere-Elektroden-Auftrag-300x212.png 300w\" sizes=\"(max-width: 502px) 100vw, 502px\" \/>\t\t\t\t\t\t\t\t\t\t\t\t\t\t\t<\/div>\n\t\t\t\t<\/div>\n\t\t\t\t<div class=\"elementor-element elementor-element-8c927db elementor-widget elementor-widget-text-editor\" data-id=\"8c927db\" data-element_type=\"widget\" data-e-type=\"widget\" data-widget_type=\"text-editor.default\">\n\t\t\t\t<div class=\"elementor-widget-container\">\n\t\t\t\t\t\t\t\t\t\nOSYPKA stellt seit 40 Jahren zuverl\u00e4ssige und innovative passagere Stimulationselektroden her.\n\n\u200bBitte kontaktieren Sie uns bei Interesse an weiteren Informationen zu unserer Auftragsfertigung von innovativen Stimulationskathetern.\t\t\t\t\t\t\t\t<\/div>\n\t\t\t\t<\/div>\n\t\t\t\t\t<\/div>\n\t\t<\/div>\n\t\t\t\t\t<\/div>\n\t\t<\/section>\n\t\t\t\t<\/div>","protected":false},"excerpt":{"rendered":"<p>Transven\u00f6se Tempor\u00e4re Elektroden OSYPKA bietet eine umfangreiche Produktpalette an f\u00fcr alle Bed\u00fcrfnisse der passageren transven\u00f6sen Stimulation des Herzens in der Erwachsenen- und Kinderkardiologie.Die Katheter sind mit unterschiedlichen Steifigkeiten versehen. Ideale Platzierung und Steuerbarkeit ist bei einigen Modellen mit Hilfe eines Stiletts m\u00f6glich.Sie sind je nach Modell besonders geeignet f\u00fcr: \u00a0 Pr\u00e4- und postoperative Stimulation Interimsunterst\u00fctzung [&hellip;]<\/p>\n","protected":false},"author":1,"featured_media":32092,"parent":24817,"menu_order":0,"comment_status":"closed","ping_status":"closed","template":"","meta":{"_acf_changed":false,"site-sidebar-layout":"no-sidebar","site-content-layout":"page-builder","ast-site-content-layout":"full-width-container","site-content-style":"unboxed","site-sidebar-style":"unboxed","ast-global-header-display":"","ast-banner-title-visibility":"","ast-main-header-display":"","ast-hfb-above-header-display":"","ast-hfb-below-header-display":"","ast-hfb-mobile-header-display":"","site-post-title":"disabled","ast-breadcrumbs-content":"","ast-featured-img":"disabled","footer-sml-layout":"","ast-disable-related-posts":"","theme-transparent-header-meta":"default","adv-header-id-meta":"","stick-header-meta":"","header-above-stick-meta":"","header-main-stick-meta":"","header-below-stick-meta":"","astra-migrate-meta-layouts":"set","ast-page-background-enabled":"default","ast-page-background-meta":{"desktop":{"background-color":"","background-image":"","background-repeat":"repeat","background-position":"center center","background-size":"auto","background-attachment":"scroll","background-type":"","background-media":"","overlay-type":"","overlay-color":"","overlay-opacity":"","overlay-gradient":""},"tablet":{"background-color":"","background-image":"","background-repeat":"repeat","background-position":"center center","background-size":"auto","background-attachment":"scroll","background-type":"","background-media":"","overlay-type":"","overlay-color":"","overlay-opacity":"","overlay-gradient":""},"mobile":{"background-color":"","background-image":"","background-repeat":"repeat","background-position":"center center","background-size":"auto","background-attachment":"scroll","background-type":"","background-media":"","overlay-type":"","overlay-color":"","overlay-opacity":"","overlay-gradient":""}},"ast-content-background-meta":{"desktop":{"background-color":"var(--ast-global-color-5)","background-image":"","background-repeat":"repeat","background-position":"center center","background-size":"auto","background-attachment":"scroll","background-type":"","background-media":"","overlay-type":"","overlay-color":"","overlay-opacity":"","overlay-gradient":""},"tablet":{"background-color":"var(--ast-global-color-5)","background-image":"","background-repeat":"repeat","background-position":"center center","background-size":"auto","background-attachment":"scroll","background-type":"","background-media":"","overlay-type":"","overlay-color":"","overlay-opacity":"","overlay-gradient":""},"mobile":{"background-color":"var(--ast-global-color-5)","background-image":"","background-repeat":"repeat","background-position":"center center","background-size":"auto","background-attachment":"scroll","background-type":"","background-media":"","overlay-type":"","overlay-color":"","overlay-opacity":"","overlay-gradient":""}},"footnotes":""},"class_list":["post-25021","page","type-page","status-publish","has-post-thumbnail","hentry"],"acf":[],"yoast_head":"<!-- This site is optimized with the Yoast SEO plugin v27.0 - https:\/\/yoast.com\/product\/yoast-seo-wordpress\/ -->\n<title>Transven\u00f6se Tempor\u00e4re Elektroden - OSYPKA<\/title>\n<meta name=\"description\" content=\"Transven\u00f6se Tempor\u00e4re Elektroden \u2013 F\u00fcr Bed\u00fcrfnisse der passageren transven\u00f6sen Stimulation des Herzens in der Erwachsenen- Kinderkardiologie.\" \/>\n<meta name=\"robots\" content=\"index, follow, max-snippet:-1, max-image-preview:large, max-video-preview:-1\" \/>\n<link rel=\"canonical\" href=\"https:\/\/osypka.de\/en\/produkte\/pacing\/transvenoese-temporaere-elektroden\/\" \/>\n<meta property=\"og:locale\" content=\"en_US\" \/>\n<meta property=\"og:type\" content=\"article\" \/>\n<meta property=\"og:title\" content=\"Transven\u00f6se Tempor\u00e4re Elektroden - OSYPKA\" \/>\n<meta property=\"og:description\" content=\"Transven\u00f6se Tempor\u00e4re Elektroden \u2013 F\u00fcr Bed\u00fcrfnisse der passageren transven\u00f6sen Stimulation des Herzens in der Erwachsenen- Kinderkardiologie.\" \/>\n<meta property=\"og:url\" content=\"https:\/\/osypka.de\/en\/produkte\/pacing\/transvenoese-temporaere-elektroden\/\" \/>\n<meta property=\"og:site_name\" content=\"OSYPKA\" \/>\n<meta property=\"article:modified_time\" content=\"2024-04-22T12:21:15+00:00\" \/>\n<meta property=\"og:image\" content=\"https:\/\/osypka.de\/wp-content\/uploads\/2024\/01\/OSYPKA_CZ_Standort.jpg\" \/>\n\t<meta property=\"og:image:width\" content=\"2000\" \/>\n\t<meta property=\"og:image:height\" content=\"390\" \/>\n\t<meta property=\"og:image:type\" content=\"image\/jpeg\" \/>\n<meta name=\"twitter:card\" content=\"summary_large_image\" \/>\n<meta name=\"twitter:label1\" content=\"Est. reading time\" \/>\n\t<meta name=\"twitter:data1\" content=\"2 minutes\" \/>\n<script type=\"application\/ld+json\" class=\"yoast-schema-graph\">{\"@context\":\"https:\/\/schema.org\",\"@graph\":[{\"@type\":\"WebPage\",\"@id\":\"https:\/\/osypka.de\/produkte\/pacing\/transvenoese-temporaere-elektroden\/\",\"url\":\"https:\/\/osypka.de\/produkte\/pacing\/transvenoese-temporaere-elektroden\/\",\"name\":\"Transven\u00f6se Tempor\u00e4re Elektroden - OSYPKA\",\"isPartOf\":{\"@id\":\"https:\/\/osypka.de\/#website\"},\"primaryImageOfPage\":{\"@id\":\"https:\/\/osypka.de\/produkte\/pacing\/transvenoese-temporaere-elektroden\/#primaryimage\"},\"image\":{\"@id\":\"https:\/\/osypka.de\/produkte\/pacing\/transvenoese-temporaere-elektroden\/#primaryimage\"},\"thumbnailUrl\":\"https:\/\/osypka.de\/wp-content\/uploads\/2024\/01\/OSYPKA_CZ_Standort.jpg\",\"datePublished\":\"2023-06-12T07:41:16+00:00\",\"dateModified\":\"2024-04-22T12:21:15+00:00\",\"description\":\"Transven\u00f6se Tempor\u00e4re Elektroden \u2013 F\u00fcr Bed\u00fcrfnisse der passageren transven\u00f6sen Stimulation des Herzens in der Erwachsenen- Kinderkardiologie.\",\"breadcrumb\":{\"@id\":\"https:\/\/osypka.de\/produkte\/pacing\/transvenoese-temporaere-elektroden\/#breadcrumb\"},\"inLanguage\":\"en-US\",\"potentialAction\":[{\"@type\":\"ReadAction\",\"target\":[\"https:\/\/osypka.de\/produkte\/pacing\/transvenoese-temporaere-elektroden\/\"]}]},{\"@type\":\"ImageObject\",\"inLanguage\":\"en-US\",\"@id\":\"https:\/\/osypka.de\/produkte\/pacing\/transvenoese-temporaere-elektroden\/#primaryimage\",\"url\":\"https:\/\/osypka.de\/wp-content\/uploads\/2024\/01\/OSYPKA_CZ_Standort.jpg\",\"contentUrl\":\"https:\/\/osypka.de\/wp-content\/uploads\/2024\/01\/OSYPKA_CZ_Standort.jpg\",\"width\":2000,\"height\":390,\"caption\":\"Transven\u00f6se Tempor\u00e4re Elektroden\"},{\"@type\":\"BreadcrumbList\",\"@id\":\"https:\/\/osypka.de\/produkte\/pacing\/transvenoese-temporaere-elektroden\/#breadcrumb\",\"itemListElement\":[{\"@type\":\"ListItem\",\"position\":1,\"name\":\"Home\",\"item\":\"https:\/\/osypka.de\/\"},{\"@type\":\"ListItem\",\"position\":2,\"name\":\"Produkte\",\"item\":\"https:\/\/osypka.de\/produkte\/\"},{\"@type\":\"ListItem\",\"position\":3,\"name\":\"Pacing\",\"item\":\"https:\/\/osypka.de\/produkte\/pacing\/\"},{\"@type\":\"ListItem\",\"position\":4,\"name\":\"Transven\u00f6se Tempor\u00e4re Elektroden\"}]},{\"@type\":\"WebSite\",\"@id\":\"https:\/\/osypka.de\/#website\",\"url\":\"https:\/\/osypka.de\/\",\"name\":\"OSYPKA\",\"description\":\"Technology for an active life\",\"publisher\":{\"@id\":\"https:\/\/osypka.de\/#organization\"},\"potentialAction\":[{\"@type\":\"SearchAction\",\"target\":{\"@type\":\"EntryPoint\",\"urlTemplate\":\"https:\/\/osypka.de\/?s={search_term_string}\"},\"query-input\":{\"@type\":\"PropertyValueSpecification\",\"valueRequired\":true,\"valueName\":\"search_term_string\"}}],\"inLanguage\":\"en-US\"},{\"@type\":\"Organization\",\"@id\":\"https:\/\/osypka.de\/#organization\",\"name\":\"OSYPKA\",\"url\":\"https:\/\/osypka.de\/\",\"logo\":{\"@type\":\"ImageObject\",\"inLanguage\":\"en-US\",\"@id\":\"https:\/\/osypka.de\/#\/schema\/logo\/image\/\",\"url\":\"https:\/\/osypka.de\/wp-content\/uploads\/2020\/10\/OSYPKA_Logo.png\",\"contentUrl\":\"https:\/\/osypka.de\/wp-content\/uploads\/2020\/10\/OSYPKA_Logo.png\",\"width\":939,\"height\":235,\"caption\":\"OSYPKA\"},\"image\":{\"@id\":\"https:\/\/osypka.de\/#\/schema\/logo\/image\/\"}}]}<\/script>\n<!-- \/ Yoast SEO plugin. -->","yoast_head_json":{"title":"Transven\u00f6se Tempor\u00e4re Elektroden - OSYPKA","description":"Transven\u00f6se Tempor\u00e4re Elektroden \u2013 F\u00fcr Bed\u00fcrfnisse der passageren transven\u00f6sen Stimulation des Herzens in der Erwachsenen- Kinderkardiologie.","robots":{"index":"index","follow":"follow","max-snippet":"max-snippet:-1","max-image-preview":"max-image-preview:large","max-video-preview":"max-video-preview:-1"},"canonical":"https:\/\/osypka.de\/en\/produkte\/pacing\/transvenoese-temporaere-elektroden\/","og_locale":"en_US","og_type":"article","og_title":"Transven\u00f6se Tempor\u00e4re Elektroden - OSYPKA","og_description":"Transven\u00f6se Tempor\u00e4re Elektroden \u2013 F\u00fcr Bed\u00fcrfnisse der passageren transven\u00f6sen Stimulation des Herzens in der Erwachsenen- Kinderkardiologie.","og_url":"https:\/\/osypka.de\/en\/produkte\/pacing\/transvenoese-temporaere-elektroden\/","og_site_name":"OSYPKA","article_modified_time":"2024-04-22T12:21:15+00:00","og_image":[{"width":2000,"height":390,"url":"https:\/\/osypka.de\/wp-content\/uploads\/2024\/01\/OSYPKA_CZ_Standort.jpg","type":"image\/jpeg"}],"twitter_card":"summary_large_image","twitter_misc":{"Est. reading time":"2 minutes"},"schema":{"@context":"https:\/\/schema.org","@graph":[{"@type":"WebPage","@id":"https:\/\/osypka.de\/produkte\/pacing\/transvenoese-temporaere-elektroden\/","url":"https:\/\/osypka.de\/produkte\/pacing\/transvenoese-temporaere-elektroden\/","name":"Transven\u00f6se Tempor\u00e4re Elektroden - OSYPKA","isPartOf":{"@id":"https:\/\/osypka.de\/#website"},"primaryImageOfPage":{"@id":"https:\/\/osypka.de\/produkte\/pacing\/transvenoese-temporaere-elektroden\/#primaryimage"},"image":{"@id":"https:\/\/osypka.de\/produkte\/pacing\/transvenoese-temporaere-elektroden\/#primaryimage"},"thumbnailUrl":"https:\/\/osypka.de\/wp-content\/uploads\/2024\/01\/OSYPKA_CZ_Standort.jpg","datePublished":"2023-06-12T07:41:16+00:00","dateModified":"2024-04-22T12:21:15+00:00","description":"Transven\u00f6se Tempor\u00e4re Elektroden \u2013 F\u00fcr Bed\u00fcrfnisse der passageren transven\u00f6sen Stimulation des Herzens in der Erwachsenen- Kinderkardiologie.","breadcrumb":{"@id":"https:\/\/osypka.de\/produkte\/pacing\/transvenoese-temporaere-elektroden\/#breadcrumb"},"inLanguage":"en-US","potentialAction":[{"@type":"ReadAction","target":["https:\/\/osypka.de\/produkte\/pacing\/transvenoese-temporaere-elektroden\/"]}]},{"@type":"ImageObject","inLanguage":"en-US","@id":"https:\/\/osypka.de\/produkte\/pacing\/transvenoese-temporaere-elektroden\/#primaryimage","url":"https:\/\/osypka.de\/wp-content\/uploads\/2024\/01\/OSYPKA_CZ_Standort.jpg","contentUrl":"https:\/\/osypka.de\/wp-content\/uploads\/2024\/01\/OSYPKA_CZ_Standort.jpg","width":2000,"height":390,"caption":"Transven\u00f6se Tempor\u00e4re Elektroden"},{"@type":"BreadcrumbList","@id":"https:\/\/osypka.de\/produkte\/pacing\/transvenoese-temporaere-elektroden\/#breadcrumb","itemListElement":[{"@type":"ListItem","position":1,"name":"Home","item":"https:\/\/osypka.de\/"},{"@type":"ListItem","position":2,"name":"Produkte","item":"https:\/\/osypka.de\/produkte\/"},{"@type":"ListItem","position":3,"name":"Pacing","item":"https:\/\/osypka.de\/produkte\/pacing\/"},{"@type":"ListItem","position":4,"name":"Transven\u00f6se Tempor\u00e4re Elektroden"}]},{"@type":"WebSite","@id":"https:\/\/osypka.de\/#website","url":"https:\/\/osypka.de\/","name":"OSYPKA","description":"Technology for an active life","publisher":{"@id":"https:\/\/osypka.de\/#organization"},"potentialAction":[{"@type":"SearchAction","target":{"@type":"EntryPoint","urlTemplate":"https:\/\/osypka.de\/?s={search_term_string}"},"query-input":{"@type":"PropertyValueSpecification","valueRequired":true,"valueName":"search_term_string"}}],"inLanguage":"en-US"},{"@type":"Organization","@id":"https:\/\/osypka.de\/#organization","name":"OSYPKA","url":"https:\/\/osypka.de\/","logo":{"@type":"ImageObject","inLanguage":"en-US","@id":"https:\/\/osypka.de\/#\/schema\/logo\/image\/","url":"https:\/\/osypka.de\/wp-content\/uploads\/2020\/10\/OSYPKA_Logo.png","contentUrl":"https:\/\/osypka.de\/wp-content\/uploads\/2020\/10\/OSYPKA_Logo.png","width":939,"height":235,"caption":"OSYPKA"},"image":{"@id":"https:\/\/osypka.de\/#\/schema\/logo\/image\/"}}]}},"publishpress_future_action":{"enabled":false,"date":"2026-04-15 15:09:41","action":"delete","newStatus":"draft","terms":[],"taxonomy":"","extraData":[]},"publishpress_future_workflow_manual_trigger":{"enabledWorkflows":[]},"_links":{"self":[{"href":"https:\/\/osypka.de\/en\/wp-json\/wp\/v2\/pages\/25021","targetHints":{"allow":["GET"]}}],"collection":[{"href":"https:\/\/osypka.de\/en\/wp-json\/wp\/v2\/pages"}],"about":[{"href":"https:\/\/osypka.de\/en\/wp-json\/wp\/v2\/types\/page"}],"author":[{"embeddable":true,"href":"https:\/\/osypka.de\/en\/wp-json\/wp\/v2\/users\/1"}],"replies":[{"embeddable":true,"href":"https:\/\/osypka.de\/en\/wp-json\/wp\/v2\/comments?post=25021"}],"version-history":[{"count":4,"href":"https:\/\/osypka.de\/en\/wp-json\/wp\/v2\/pages\/25021\/revisions"}],"predecessor-version":[{"id":35296,"href":"https:\/\/osypka.de\/en\/wp-json\/wp\/v2\/pages\/25021\/revisions\/35296"}],"up":[{"embeddable":true,"href":"https:\/\/osypka.de\/en\/wp-json\/wp\/v2\/pages\/24817"}],"wp:featuredmedia":[{"embeddable":true,"href":"https:\/\/osypka.de\/en\/wp-json\/wp\/v2\/media\/32092"}],"wp:attachment":[{"href":"https:\/\/osypka.de\/en\/wp-json\/wp\/v2\/media?parent=25021"}],"curies":[{"name":"wp","href":"https:\/\/api.w.org\/{rel}","templated":true}]}}