{"id":26162,"date":"2023-07-14T11:41:35","date_gmt":"2023-07-14T09:41:35","guid":{"rendered":"https:\/\/osypka.de\/?page_id=26162"},"modified":"2025-10-08T15:14:29","modified_gmt":"2025-10-08T13:14:29","slug":"impressum","status":"publish","type":"page","link":"https:\/\/osypka.de\/en\/impressum\/","title":{"rendered":"Impressum"},"content":{"rendered":"<div data-elementor-type=\"wp-page\" data-elementor-id=\"26162\" class=\"elementor elementor-26162\" data-elementor-post-type=\"page\">\n\t\t\t\t\t\t<section class=\"elementor-section elementor-top-section elementor-element elementor-element-3a82732 elementor-section-boxed elementor-section-height-default elementor-section-height-default\" data-id=\"3a82732\" data-element_type=\"section\" data-e-type=\"section\">\n\t\t\t\t\t\t<div class=\"elementor-container elementor-column-gap-default\">\n\t\t\t\t\t<div class=\"elementor-column elementor-col-100 elementor-top-column elementor-element elementor-element-773d6bf\" data-id=\"773d6bf\" data-element_type=\"column\" data-e-type=\"column\">\n\t\t\t<div class=\"elementor-widget-wrap elementor-element-populated\">\n\t\t\t\t\t\t<div class=\"elementor-element elementor-element-b222e08 elementor-widget elementor-widget-text-editor\" data-id=\"b222e08\" data-element_type=\"widget\" data-e-type=\"widget\" data-widget_type=\"text-editor.default\">\n\t\t\t\t<div class=\"elementor-widget-container\">\n\t\t\t\t\t\t\t\t\t<p>OSYPKA GmbH<br \/>Earl-H.-Wood-Str. 1<br \/>D-79618 Rheinfelden-Herten<br \/>Germany<\/p><p>Tel. +49 7623 7405-0<br \/>Fax +49 7623 7405-213<br \/>E-Mail: <a style=\"box-sizing: inherit; font-family: var( --e-global-typography-text-font-family ), Sans-serif; font-size: var( --e-global-typography-text-font-size ); font-weight: var( --e-global-typography-text-font-weight ); line-height: var( --e-global-typography-text-line-height ); letter-spacing: var( --e-global-typography-text-letter-spacing ); word-spacing: var( --e-global-typography-text-word-spacing );\" href=\"mailto:mail@osypka.de\">mail@osypka.de<\/a><\/p><p><strong><span style=\"box-sizing: inherit;\">\u00a0<\/span><\/strong><\/p><p><strong><span style=\"box-sizing: inherit;\">Managing Director<\/span><span style=\"font-size: 20px; letter-spacing: 0.2px;\">:<\/span><\/strong><\/p><p>Achim Kitschmann<\/p><p>Torsten Ilka<\/p><p><strong><span style=\"box-sizing: inherit;\">\u00a0<\/span><\/strong><strong><span style=\"letter-spacing: 0.2px; background-color: var(--ast-global-color-5); color: var( --e-global-color-text ); font-family: var( --e-global-typography-text-font-family ), Sans-serif; word-spacing: var( --e-global-typography-text-word-spacing ); box-sizing: inherit;\">\u00a0<\/span><\/strong><\/p><p><strong><span style=\"letter-spacing: 0.2px; background-color: var(--ast-global-color-5); color: var( --e-global-color-text ); font-family: var( --e-global-typography-text-font-family ), Sans-serif; word-spacing: var( --e-global-typography-text-word-spacing ); box-sizing: inherit;\">Registered office<\/span><span style=\"letter-spacing: 0.2px; background-color: var(--ast-global-color-5); color: var( --e-global-color-text ); font-family: var( --e-global-typography-text-font-family ), Sans-serif; word-spacing: var( --e-global-typography-text-word-spacing );\">:<\/span><\/strong><\/p><p>Rheinfelden<br \/>Registergericht Freiburg, HRB 734080<\/p><p><strong><span style=\"box-sizing: inherit;\">\u00a0<\/span><\/strong><\/p><p><strong><span style=\"box-sizing: inherit;\">Sales tax ID number:<\/span><\/strong><\/p><p>DE 177655505<\/p><p><strong><span style=\"box-sizing: inherit;\">\u00a0<\/span><\/strong><\/p><p><strong><span style=\"box-sizing: inherit;\">Disclaimer<\/span>:<\/strong><\/p><p>OSYPKA GmbH compiles the content of this website with great care and ensures that it is updated regularly. OSYPKA GmbH does not guarantee that the information on this website is up to date, accurate, or complete. OSYPKA GmbH accepts no responsibility for the content of third-party websites linked to this website. By clicking on the link, you leave the information provided by OSYPKA GmbH. Different regulations may therefore apply to third-party offers, in particular with regard to data protection. Furthermore, OSYPKA GmbH excludes its liability for services, in particular for the download of files provided by OSYPKA GmbH on the OSYPKA GmbH website, for slightly negligent breaches of duty.<\/p><p><strong><span style=\"box-sizing: inherit;\">\u00a0<\/span><\/strong><\/p><p><strong><span style=\"box-sizing: inherit;\">Privacy policy<\/span>:<\/strong><\/p><p>All personal data collected on the website will be stored and processed exclusively for the purpose of providing you with individual support, sending you product information, or submitting service offers. OSYPKA GmbH guarantees that your data will be treated confidentially in accordance with the applicable data protection regulations.<\/p><p><a href=\"https:\/\/osypka.de\/en\/datenschutzerklaerung\/\">Please also note our privacy policy.<\/a><\/p><p><strong><span style=\"box-sizing: inherit;\">\u00a0<\/span><\/strong><\/p><p><strong><span style=\"box-sizing: inherit;\">Copyright<\/span>:<\/strong><\/p><p>All rights reserved. Text, images, graphics, and animations on the Osypka website are protected by copyright and other protective laws. Some pages also contain images that are subject to third-party copyrights. The content of this website may not be copied, distributed, modified, or made accessible to third parties for commercial purposes.<\/p>\t\t\t\t\t\t\t\t<\/div>\n\t\t\t\t<\/div>\n\t\t\t\t\t<\/div>\n\t\t<\/div>\n\t\t\t\t\t<\/div>\n\t\t<\/section>\n\t\t\t\t<\/div>","protected":false},"excerpt":{"rendered":"<p>OSYPKA GmbHEarl-H.-Wood-Str. 1D-79618 Rheinfelden-HertenDeutschland Tel. +49 7623 7405-0Fax +49 7623 7405-213E-Mail: mail@osypka.de \u00a0 Gesch\u00e4ftsf\u00fchrer: Achim Kitschmann Torsten Ilka \u00a0\u00a0 Sitz: RheinfeldenRegistergericht Freiburg, HRB 734080 \u00a0 Umsatzsteuer-IdNr.: DE 177655505 \u00a0 Haftungsausschluss: Die OSYPKA GmbH stellt die Inhalte dieser Internetseiten mit gro\u00dfer Sorgfalt zusammen und sorgt f\u00fcr deren regelm\u00e4\u00dfige Aktualisierung. Die OSYPKA GmbH \u00fcbernimmt keine Gew\u00e4hr f\u00fcr [&hellip;]<\/p>\n","protected":false},"author":1,"featured_media":0,"parent":0,"menu_order":0,"comment_status":"closed","ping_status":"closed","template":"","meta":{"_acf_changed":false,"site-sidebar-layout":"default","site-content-layout":"default","ast-site-content-layout":"default","site-content-style":"default","site-sidebar-style":"default","ast-global-header-display":"","ast-banner-title-visibility":"","ast-main-header-display":"","ast-hfb-above-header-display":"","ast-hfb-below-header-display":"","ast-hfb-mobile-header-display":"","site-post-title":"","ast-breadcrumbs-content":"","ast-featured-img":"","footer-sml-layout":"","ast-disable-related-posts":"","theme-transparent-header-meta":"default","adv-header-id-meta":"","stick-header-meta":"","header-above-stick-meta":"","header-main-stick-meta":"","header-below-stick-meta":"","astra-migrate-meta-layouts":"default","ast-page-background-enabled":"default","ast-page-background-meta":{"desktop":{"background-color":"","background-image":"","background-repeat":"repeat","background-position":"center center","background-size":"auto","background-attachment":"scroll","background-type":"","background-media":"","overlay-type":"","overlay-color":"","overlay-opacity":"","overlay-gradient":""},"tablet":{"background-color":"","background-image":"","background-repeat":"repeat","background-position":"center center","background-size":"auto","background-attachment":"scroll","background-type":"","background-media":"","overlay-type":"","overlay-color":"","overlay-opacity":"","overlay-gradient":""},"mobile":{"background-color":"","background-image":"","background-repeat":"repeat","background-position":"center center","background-size":"auto","background-attachment":"scroll","background-type":"","background-media":"","overlay-type":"","overlay-color":"","overlay-opacity":"","overlay-gradient":""}},"ast-content-background-meta":{"desktop":{"background-color":"var(--ast-global-color-5)","background-image":"","background-repeat":"repeat","background-position":"center center","background-size":"auto","background-attachment":"scroll","background-type":"","background-media":"","overlay-type":"","overlay-color":"","overlay-opacity":"","overlay-gradient":""},"tablet":{"background-color":"var(--ast-global-color-5)","background-image":"","background-repeat":"repeat","background-position":"center center","background-size":"auto","background-attachment":"scroll","background-type":"","background-media":"","overlay-type":"","overlay-color":"","overlay-opacity":"","overlay-gradient":""},"mobile":{"background-color":"var(--ast-global-color-5)","background-image":"","background-repeat":"repeat","background-position":"center center","background-size":"auto","background-attachment":"scroll","background-type":"","background-media":"","overlay-type":"","overlay-color":"","overlay-opacity":"","overlay-gradient":""}},"footnotes":""},"class_list":["post-26162","page","type-page","status-publish","hentry"],"acf":[],"yoast_head":"<!-- This site is optimized with the Yoast SEO plugin v27.0 - https:\/\/yoast.com\/product\/yoast-seo-wordpress\/ -->\n<title>Impressum - OSYPKA<\/title>\n<meta name=\"robots\" content=\"index, follow, max-snippet:-1, max-image-preview:large, max-video-preview:-1\" \/>\n<link rel=\"canonical\" href=\"https:\/\/osypka.de\/en\/impressum\/\" \/>\n<meta property=\"og:locale\" content=\"en_US\" \/>\n<meta property=\"og:type\" content=\"article\" \/>\n<meta property=\"og:title\" content=\"Impressum - OSYPKA\" \/>\n<meta property=\"og:description\" content=\"OSYPKA GmbHEarl-H.-Wood-Str. 1D-79618 Rheinfelden-HertenDeutschland Tel. +49 7623 7405-0Fax +49 7623 7405-213E-Mail: mail@osypka.de \u00a0 Gesch\u00e4ftsf\u00fchrer: Achim Kitschmann Torsten Ilka \u00a0\u00a0 Sitz: RheinfeldenRegistergericht Freiburg, HRB 734080 \u00a0 Umsatzsteuer-IdNr.: DE 177655505 \u00a0 Haftungsausschluss: Die OSYPKA GmbH stellt die Inhalte dieser Internetseiten mit gro\u00dfer Sorgfalt zusammen und sorgt f\u00fcr deren regelm\u00e4\u00dfige Aktualisierung. Die OSYPKA GmbH \u00fcbernimmt keine Gew\u00e4hr f\u00fcr [&hellip;]\" \/>\n<meta property=\"og:url\" content=\"https:\/\/osypka.de\/en\/impressum\/\" \/>\n<meta property=\"og:site_name\" content=\"OSYPKA\" \/>\n<meta property=\"article:modified_time\" content=\"2025-10-08T13:14:29+00:00\" \/>\n<meta name=\"twitter:card\" content=\"summary_large_image\" \/>\n<meta name=\"twitter:label1\" content=\"Est. reading time\" \/>\n\t<meta name=\"twitter:data1\" content=\"2 minutes\" \/>\n<script type=\"application\/ld+json\" class=\"yoast-schema-graph\">{\"@context\":\"https:\/\/schema.org\",\"@graph\":[{\"@type\":\"WebPage\",\"@id\":\"https:\/\/osypka.de\/impressum\/\",\"url\":\"https:\/\/osypka.de\/impressum\/\",\"name\":\"Impressum - OSYPKA\",\"isPartOf\":{\"@id\":\"https:\/\/osypka.de\/#website\"},\"datePublished\":\"2023-07-14T09:41:35+00:00\",\"dateModified\":\"2025-10-08T13:14:29+00:00\",\"breadcrumb\":{\"@id\":\"https:\/\/osypka.de\/impressum\/#breadcrumb\"},\"inLanguage\":\"en-US\",\"potentialAction\":[{\"@type\":\"ReadAction\",\"target\":[\"https:\/\/osypka.de\/impressum\/\"]}]},{\"@type\":\"BreadcrumbList\",\"@id\":\"https:\/\/osypka.de\/impressum\/#breadcrumb\",\"itemListElement\":[{\"@type\":\"ListItem\",\"position\":1,\"name\":\"Home\",\"item\":\"https:\/\/osypka.de\/\"},{\"@type\":\"ListItem\",\"position\":2,\"name\":\"Impressum\"}]},{\"@type\":\"WebSite\",\"@id\":\"https:\/\/osypka.de\/#website\",\"url\":\"https:\/\/osypka.de\/\",\"name\":\"OSYPKA\",\"description\":\"Technology for an active life\",\"publisher\":{\"@id\":\"https:\/\/osypka.de\/#organization\"},\"potentialAction\":[{\"@type\":\"SearchAction\",\"target\":{\"@type\":\"EntryPoint\",\"urlTemplate\":\"https:\/\/osypka.de\/?s={search_term_string}\"},\"query-input\":{\"@type\":\"PropertyValueSpecification\",\"valueRequired\":true,\"valueName\":\"search_term_string\"}}],\"inLanguage\":\"en-US\"},{\"@type\":\"Organization\",\"@id\":\"https:\/\/osypka.de\/#organization\",\"name\":\"OSYPKA\",\"url\":\"https:\/\/osypka.de\/\",\"logo\":{\"@type\":\"ImageObject\",\"inLanguage\":\"en-US\",\"@id\":\"https:\/\/osypka.de\/#\/schema\/logo\/image\/\",\"url\":\"https:\/\/osypka.de\/wp-content\/uploads\/2020\/10\/OSYPKA_Logo.png\",\"contentUrl\":\"https:\/\/osypka.de\/wp-content\/uploads\/2020\/10\/OSYPKA_Logo.png\",\"width\":939,\"height\":235,\"caption\":\"OSYPKA\"},\"image\":{\"@id\":\"https:\/\/osypka.de\/#\/schema\/logo\/image\/\"}}]}<\/script>\n<!-- \/ Yoast SEO plugin. -->","yoast_head_json":{"title":"Impressum - OSYPKA","robots":{"index":"index","follow":"follow","max-snippet":"max-snippet:-1","max-image-preview":"max-image-preview:large","max-video-preview":"max-video-preview:-1"},"canonical":"https:\/\/osypka.de\/en\/impressum\/","og_locale":"en_US","og_type":"article","og_title":"Impressum - OSYPKA","og_description":"OSYPKA GmbHEarl-H.-Wood-Str. 1D-79618 Rheinfelden-HertenDeutschland Tel. +49 7623 7405-0Fax +49 7623 7405-213E-Mail: mail@osypka.de \u00a0 Gesch\u00e4ftsf\u00fchrer: Achim Kitschmann Torsten Ilka \u00a0\u00a0 Sitz: RheinfeldenRegistergericht Freiburg, HRB 734080 \u00a0 Umsatzsteuer-IdNr.: DE 177655505 \u00a0 Haftungsausschluss: Die OSYPKA GmbH stellt die Inhalte dieser Internetseiten mit gro\u00dfer Sorgfalt zusammen und sorgt f\u00fcr deren regelm\u00e4\u00dfige Aktualisierung. Die OSYPKA GmbH \u00fcbernimmt keine Gew\u00e4hr f\u00fcr [&hellip;]","og_url":"https:\/\/osypka.de\/en\/impressum\/","og_site_name":"OSYPKA","article_modified_time":"2025-10-08T13:14:29+00:00","twitter_card":"summary_large_image","twitter_misc":{"Est. reading time":"2 minutes"},"schema":{"@context":"https:\/\/schema.org","@graph":[{"@type":"WebPage","@id":"https:\/\/osypka.de\/impressum\/","url":"https:\/\/osypka.de\/impressum\/","name":"Impressum - OSYPKA","isPartOf":{"@id":"https:\/\/osypka.de\/#website"},"datePublished":"2023-07-14T09:41:35+00:00","dateModified":"2025-10-08T13:14:29+00:00","breadcrumb":{"@id":"https:\/\/osypka.de\/impressum\/#breadcrumb"},"inLanguage":"en-US","potentialAction":[{"@type":"ReadAction","target":["https:\/\/osypka.de\/impressum\/"]}]},{"@type":"BreadcrumbList","@id":"https:\/\/osypka.de\/impressum\/#breadcrumb","itemListElement":[{"@type":"ListItem","position":1,"name":"Home","item":"https:\/\/osypka.de\/"},{"@type":"ListItem","position":2,"name":"Impressum"}]},{"@type":"WebSite","@id":"https:\/\/osypka.de\/#website","url":"https:\/\/osypka.de\/","name":"OSYPKA","description":"Technology for an active life","publisher":{"@id":"https:\/\/osypka.de\/#organization"},"potentialAction":[{"@type":"SearchAction","target":{"@type":"EntryPoint","urlTemplate":"https:\/\/osypka.de\/?s={search_term_string}"},"query-input":{"@type":"PropertyValueSpecification","valueRequired":true,"valueName":"search_term_string"}}],"inLanguage":"en-US"},{"@type":"Organization","@id":"https:\/\/osypka.de\/#organization","name":"OSYPKA","url":"https:\/\/osypka.de\/","logo":{"@type":"ImageObject","inLanguage":"en-US","@id":"https:\/\/osypka.de\/#\/schema\/logo\/image\/","url":"https:\/\/osypka.de\/wp-content\/uploads\/2020\/10\/OSYPKA_Logo.png","contentUrl":"https:\/\/osypka.de\/wp-content\/uploads\/2020\/10\/OSYPKA_Logo.png","width":939,"height":235,"caption":"OSYPKA"},"image":{"@id":"https:\/\/osypka.de\/#\/schema\/logo\/image\/"}}]}},"publishpress_future_action":{"enabled":false,"date":"2026-04-29 14:34:08","action":"delete","newStatus":"draft","terms":[],"taxonomy":"","extraData":[]},"publishpress_future_workflow_manual_trigger":{"enabledWorkflows":[]},"_links":{"self":[{"href":"https:\/\/osypka.de\/en\/wp-json\/wp\/v2\/pages\/26162","targetHints":{"allow":["GET"]}}],"collection":[{"href":"https:\/\/osypka.de\/en\/wp-json\/wp\/v2\/pages"}],"about":[{"href":"https:\/\/osypka.de\/en\/wp-json\/wp\/v2\/types\/page"}],"author":[{"embeddable":true,"href":"https:\/\/osypka.de\/en\/wp-json\/wp\/v2\/users\/1"}],"replies":[{"embeddable":true,"href":"https:\/\/osypka.de\/en\/wp-json\/wp\/v2\/comments?post=26162"}],"version-history":[{"count":27,"href":"https:\/\/osypka.de\/en\/wp-json\/wp\/v2\/pages\/26162\/revisions"}],"predecessor-version":[{"id":37792,"href":"https:\/\/osypka.de\/en\/wp-json\/wp\/v2\/pages\/26162\/revisions\/37792"}],"wp:attachment":[{"href":"https:\/\/osypka.de\/en\/wp-json\/wp\/v2\/media?parent=26162"}],"curies":[{"name":"wp","href":"https:\/\/api.w.org\/{rel}","templated":true}]}}