{"id":27574,"date":"2023-10-09T14:37:30","date_gmt":"2023-10-09T12:37:30","guid":{"rendered":"https:\/\/osypka.de\/?page_id=27574"},"modified":"2024-04-22T14:12:33","modified_gmt":"2024-04-22T12:12:33","slug":"atrial-fibrillation-vorhofflimmern","status":"publish","type":"page","link":"https:\/\/osypka.de\/en\/produkte\/atrial-fibrillation-vorhofflimmern\/","title":{"rendered":"Atrial Fibrillation \/ Vorhofflimmern"},"content":{"rendered":"<div data-elementor-type=\"wp-page\" data-elementor-id=\"27574\" class=\"elementor elementor-27574\" data-elementor-post-type=\"page\">\n\t\t\t\t\t\t<section class=\"elementor-section elementor-top-section elementor-element elementor-element-321d56fd elementor-section-boxed elementor-section-height-default elementor-section-height-default\" data-id=\"321d56fd\" data-element_type=\"section\" data-e-type=\"section\" data-settings=\"{&quot;background_background&quot;:&quot;classic&quot;}\">\n\t\t\t\t\t\t\t<div class=\"elementor-background-overlay\"><\/div>\n\t\t\t\t\t\t\t<div class=\"elementor-container elementor-column-gap-default\">\n\t\t\t\t\t<div class=\"elementor-column elementor-col-100 elementor-top-column elementor-element elementor-element-5afececa\" data-id=\"5afececa\" data-element_type=\"column\" data-e-type=\"column\">\n\t\t\t<div class=\"elementor-widget-wrap elementor-element-populated\">\n\t\t\t\t\t\t<div class=\"elementor-element elementor-element-7ed46a63 elementor-widget elementor-widget-heading\" data-id=\"7ed46a63\" data-element_type=\"widget\" data-e-type=\"widget\" data-widget_type=\"heading.default\">\n\t\t\t\t<div class=\"elementor-widget-container\">\n\t\t\t\t\t<h2 class=\"elementor-heading-title elementor-size-default\">Vorhofflimmern<\/h2>\t\t\t\t<\/div>\n\t\t\t\t<\/div>\n\t\t\t\t\t<\/div>\n\t\t<\/div>\n\t\t\t\t\t<\/div>\n\t\t<\/section>\n\t\t\t\t<section class=\"elementor-section elementor-top-section elementor-element elementor-element-4223250 elementor-section-boxed elementor-section-height-default elementor-section-height-default\" data-id=\"4223250\" data-element_type=\"section\" data-e-type=\"section\">\n\t\t\t\t\t\t<div class=\"elementor-container elementor-column-gap-default\">\n\t\t\t\t\t<div class=\"elementor-column elementor-col-100 elementor-top-column elementor-element elementor-element-5c2ed39\" data-id=\"5c2ed39\" data-element_type=\"column\" data-e-type=\"column\">\n\t\t\t<div class=\"elementor-widget-wrap elementor-element-populated\">\n\t\t\t\t\t\t<div class=\"elementor-element elementor-element-2f24906 elementor-align-left elementor-widget elementor-widget-breadcrumbs\" data-id=\"2f24906\" data-element_type=\"widget\" data-e-type=\"widget\" data-widget_type=\"breadcrumbs.default\">\n\t\t\t\t<div class=\"elementor-widget-container\">\n\t\t\t\t\t<p id=\"breadcrumbs\"><span><span><a href=\"https:\/\/osypka.de\/en\/\">Home<\/a><\/span><\/span><\/p>\t\t\t\t<\/div>\n\t\t\t\t<\/div>\n\t\t\t\t\t<\/div>\n\t\t<\/div>\n\t\t\t\t\t<\/div>\n\t\t<\/section>\n\t\t\t\t<section class=\"elementor-section elementor-top-section elementor-element elementor-element-575690b elementor-section-boxed elementor-section-height-default elementor-section-height-default\" data-id=\"575690b\" data-element_type=\"section\" data-e-type=\"section\">\n\t\t\t\t\t\t<div class=\"elementor-container elementor-column-gap-default\">\n\t\t\t\t\t<div class=\"elementor-column elementor-col-50 elementor-top-column elementor-element elementor-element-a023479\" data-id=\"a023479\" data-element_type=\"column\" data-e-type=\"column\">\n\t\t\t<div class=\"elementor-widget-wrap elementor-element-populated\">\n\t\t\t\t\t\t<div class=\"elementor-element elementor-element-6b634a1 elementor-widget elementor-widget-text-editor\" data-id=\"6b634a1\" data-element_type=\"widget\" data-e-type=\"widget\" data-widget_type=\"text-editor.default\">\n\t\t\t\t<div class=\"elementor-widget-container\">\n\t\t\t\t\t\t\t\t\t<p><span class=\"TextRun SCXW76230341 BCX4\" lang=\"DE-DE\" xml:lang=\"DE-DE\" data-contrast=\"auto\"><span class=\"NormalTextRun SCXW76230341 BCX4\">Mit dem innovativen <\/span><\/span><span class=\"TextRun SCXW76230341 BCX4\" lang=\"DE-DE\" xml:lang=\"DE-DE\" data-contrast=\"auto\"><span class=\"NormalTextRun SCXW76230341 BCX4\">DefiPace<\/span><span class=\"NormalTextRun SCXW76230341 BCX4\"> System<\/span><\/span><span class=\"TextRun SCXW76230341 BCX4\" lang=\"DE-DE\" xml:lang=\"DE-DE\" data-contrast=\"auto\"><span class=\"NormalTextRun SCXW76230341 BCX4\"> bietet OSYPKA einen externen Dreikammer-Herzschrittmacher mit bi-<\/span><span class=\"NormalTextRun SCXW76230341 BCX4\">atrialer<\/span><span class=\"NormalTextRun SCXW76230341 BCX4\"> Stimulation zur Unterst\u00fctzung der Vorhofkontraktion, Over-Drive Stimulation als Pr\u00e4vention von <\/span><span class=\"NormalTextRun SCXW76230341 BCX4\">Vorhoffflattern<\/span><span class=\"NormalTextRun SCXW76230341 BCX4\"> und -flimmern und einer <\/span><span class=\"NormalTextRun SCXW76230341 BCX4\">epikardialen<\/span><span class=\"NormalTextRun SCXW76230341 BCX4\">, <\/span><span class=\"NormalTextRun SCXW76230341 BCX4\">interatrialen<\/span> <span class=\"NormalTextRun SCXW76230341 BCX4\">low-energy<\/span><span class=\"NormalTextRun SCXW76230341 BCX4\"> Kardioversion zur Terminierung von POAF und den dazu passenden, speziell f\u00fcr Vorh\u00f6fe und Kardioversion konzipierten tempor\u00e4ren <\/span><span class=\"NormalTextRun SCXW76230341 BCX4\">epikardialen<\/span> <span class=\"NormalTextRun SCXW76230341 BCX4\">atrialen<\/span><span class=\"NormalTextRun SCXW76230341 BCX4\"> Myokardelektroden (TMA).<\/span><\/span><span class=\"EOP SCXW76230341 BCX4\" data-ccp-props=\"{&quot;201341983&quot;:0,&quot;335559739&quot;:160,&quot;335559740&quot;:259}\">\u00a0<\/span><\/p>\t\t\t\t\t\t\t\t<\/div>\n\t\t\t\t<\/div>\n\t\t\t\t\t<\/div>\n\t\t<\/div>\n\t\t\t\t<div class=\"elementor-column elementor-col-50 elementor-top-column elementor-element elementor-element-a43f801\" data-id=\"a43f801\" data-element_type=\"column\" data-e-type=\"column\">\n\t\t\t<div class=\"elementor-widget-wrap elementor-element-populated\">\n\t\t\t\t\t\t<div class=\"elementor-element elementor-element-e365dc5 elementor-widget elementor-widget-image\" data-id=\"e365dc5\" data-element_type=\"widget\" data-e-type=\"widget\" data-widget_type=\"image.default\">\n\t\t\t\t<div class=\"elementor-widget-container\">\n\t\t\t\t\t\t\t\t\t\t\t\t\t\t\t<img fetchpriority=\"high\" decoding=\"async\" width=\"907\" height=\"1024\" src=\"https:\/\/osypka.de\/wp-content\/uploads\/2023\/11\/OSYPKA-Vorhofflimmern\u200b-1-907x1024.png\" class=\"attachment-large size-large wp-image-30466\" alt=\"Atrial Fibrillation \/ Vorhofflimmern\" srcset=\"https:\/\/osypka.de\/wp-content\/uploads\/2023\/11\/OSYPKA-Vorhofflimmern\u200b-1-907x1024.png 907w, https:\/\/osypka.de\/wp-content\/uploads\/2023\/11\/OSYPKA-Vorhofflimmern\u200b-1-266x300.png 266w, https:\/\/osypka.de\/wp-content\/uploads\/2023\/11\/OSYPKA-Vorhofflimmern\u200b-1-768x868.png 768w, https:\/\/osypka.de\/wp-content\/uploads\/2023\/11\/OSYPKA-Vorhofflimmern\u200b-1-11x12.png 11w, https:\/\/osypka.de\/wp-content\/uploads\/2023\/11\/OSYPKA-Vorhofflimmern\u200b-1.png 1142w\" sizes=\"(max-width: 907px) 100vw, 907px\" \/>\t\t\t\t\t\t\t\t\t\t\t\t\t\t\t<\/div>\n\t\t\t\t<\/div>\n\t\t\t\t\t<\/div>\n\t\t<\/div>\n\t\t\t\t\t<\/div>\n\t\t<\/section>\n\t\t\t\t<section class=\"elementor-section elementor-top-section elementor-element elementor-element-8445d12 elementor-section-boxed elementor-section-height-default elementor-section-height-default\" data-id=\"8445d12\" data-element_type=\"section\" data-e-type=\"section\" data-settings=\"{&quot;background_background&quot;:&quot;classic&quot;}\">\n\t\t\t\t\t\t<div class=\"elementor-container elementor-column-gap-default\">\n\t\t\t\t\t<div class=\"elementor-column elementor-col-100 elementor-top-column elementor-element elementor-element-0cc2c81\" data-id=\"0cc2c81\" data-element_type=\"column\" data-e-type=\"column\">\n\t\t\t<div class=\"elementor-widget-wrap elementor-element-populated\">\n\t\t\t\t\t\t<div class=\"elementor-element elementor-element-8050ec1 elementor-widget elementor-widget-heading\" data-id=\"8050ec1\" data-element_type=\"widget\" data-e-type=\"widget\" data-widget_type=\"heading.default\">\n\t\t\t\t<div class=\"elementor-widget-container\">\n\t\t\t\t\t<h2 class=\"elementor-heading-title elementor-size-default\">Product portfolio<\/h2>\t\t\t\t<\/div>\n\t\t\t\t<\/div>\n\t\t\t\t<div class=\"elementor-element elementor-element-fb2422e elementor-widget elementor-widget-heading\" data-id=\"fb2422e\" data-element_type=\"widget\" data-e-type=\"widget\" data-widget_type=\"heading.default\">\n\t\t\t\t<div class=\"elementor-widget-container\">\n\t\t\t\t\t<h2 class=\"elementor-heading-title elementor-size-default\">Vorhofflimmern<\/h2>\t\t\t\t<\/div>\n\t\t\t\t<\/div>\n\t\t\t\t\t<\/div>\n\t\t<\/div>\n\t\t\t\t\t<\/div>\n\t\t<\/section>\n\t\t\t\t<section class=\"elementor-section elementor-top-section elementor-element elementor-element-02b3d1d elementor-section-boxed elementor-section-height-default elementor-section-height-default\" data-id=\"02b3d1d\" data-element_type=\"section\" data-e-type=\"section\" data-settings=\"{&quot;background_background&quot;:&quot;classic&quot;}\">\n\t\t\t\t\t\t<div class=\"elementor-container elementor-column-gap-default\">\n\t\t\t\t\t<div class=\"elementor-column elementor-col-33 elementor-top-column elementor-element elementor-element-ae430bc\" data-id=\"ae430bc\" data-element_type=\"column\" data-e-type=\"column\" data-settings=\"{&quot;background_background&quot;:&quot;classic&quot;}\">\n\t\t\t<div class=\"elementor-widget-wrap elementor-element-populated\">\n\t\t\t\t\t\t<div class=\"elementor-element elementor-element-1a8b036 elementor-widget elementor-widget-image\" data-id=\"1a8b036\" data-element_type=\"widget\" data-e-type=\"widget\" data-widget_type=\"image.default\">\n\t\t\t\t<div class=\"elementor-widget-container\">\n\t\t\t\t\t\t\t\t\t\t\t\t\t\t\t\t<a href=\"https:\/\/osypka.de\/en\/produkte\/atrial-fibrillation-vorhofflimmern\/defipace\/\">\n\t\t\t\t\t\t\t<img decoding=\"async\" width=\"1024\" height=\"768\" src=\"https:\/\/osypka.de\/wp-content\/uploads\/2023\/10\/DefiPace_Bild_2-1-1024x768.png\" class=\"attachment-large size-large wp-image-28800\" alt=\"Atrial Fibrillation \/ Vorhofflimmern\" srcset=\"https:\/\/osypka.de\/wp-content\/uploads\/2023\/10\/DefiPace_Bild_2-1-1024x768.png 1024w, https:\/\/osypka.de\/wp-content\/uploads\/2023\/10\/DefiPace_Bild_2-1-300x225.png 300w, https:\/\/osypka.de\/wp-content\/uploads\/2023\/10\/DefiPace_Bild_2-1-768x576.png 768w, https:\/\/osypka.de\/wp-content\/uploads\/2023\/10\/DefiPace_Bild_2-1-1536x1152.png 1536w, https:\/\/osypka.de\/wp-content\/uploads\/2023\/10\/DefiPace_Bild_2-1.png 2000w\" sizes=\"(max-width: 1024px) 100vw, 1024px\" \/>\t\t\t\t\t\t\t\t<\/a>\n\t\t\t\t\t\t\t\t\t\t\t\t\t\t\t<\/div>\n\t\t\t\t<\/div>\n\t\t\t\t<div class=\"elementor-element elementor-element-e7120ca elementor-widget elementor-widget-heading\" data-id=\"e7120ca\" data-element_type=\"widget\" data-e-type=\"widget\" data-widget_type=\"heading.default\">\n\t\t\t\t<div class=\"elementor-widget-container\">\n\t\t\t\t\t<h4 class=\"elementor-heading-title elementor-size-default\"><a href=\"https:\/\/osypka.de\/en\/produkte\/atrial-fibrillation-vorhofflimmern\/defipace\/\">DefiPace\n<\/a><\/h4>\t\t\t\t<\/div>\n\t\t\t\t<\/div>\n\t\t\t\t\t<\/div>\n\t\t<\/div>\n\t\t\t\t<div class=\"elementor-column elementor-col-33 elementor-top-column elementor-element elementor-element-c7b5688\" data-id=\"c7b5688\" data-element_type=\"column\" data-e-type=\"column\">\n\t\t\t<div class=\"elementor-widget-wrap\">\n\t\t\t\t\t\t\t<\/div>\n\t\t<\/div>\n\t\t\t\t<div class=\"elementor-column elementor-col-33 elementor-top-column elementor-element elementor-element-128a6bd\" data-id=\"128a6bd\" data-element_type=\"column\" data-e-type=\"column\">\n\t\t\t<div class=\"elementor-widget-wrap\">\n\t\t\t\t\t\t\t<\/div>\n\t\t<\/div>\n\t\t\t\t\t<\/div>\n\t\t<\/section>\n\t\t\t\t<section class=\"elementor-section elementor-top-section elementor-element elementor-element-10a105b elementor-section-boxed elementor-section-height-default elementor-section-height-default\" data-id=\"10a105b\" data-element_type=\"section\" data-e-type=\"section\" data-settings=\"{&quot;background_background&quot;:&quot;classic&quot;}\">\n\t\t\t\t\t\t<div class=\"elementor-container elementor-column-gap-default\">\n\t\t\t\t\t<div class=\"elementor-column elementor-col-33 elementor-top-column elementor-element elementor-element-3ffbdb5\" data-id=\"3ffbdb5\" data-element_type=\"column\" data-e-type=\"column\">\n\t\t\t<div class=\"elementor-widget-wrap\">\n\t\t\t\t\t\t\t<\/div>\n\t\t<\/div>\n\t\t\t\t<div class=\"elementor-column elementor-col-33 elementor-top-column elementor-element elementor-element-25414bf\" data-id=\"25414bf\" data-element_type=\"column\" data-e-type=\"column\">\n\t\t\t<div class=\"elementor-widget-wrap\">\n\t\t\t\t\t\t\t<\/div>\n\t\t<\/div>\n\t\t\t\t<div class=\"elementor-column elementor-col-33 elementor-top-column elementor-element elementor-element-f956820\" data-id=\"f956820\" data-element_type=\"column\" data-e-type=\"column\">\n\t\t\t<div class=\"elementor-widget-wrap\">\n\t\t\t\t\t\t\t<\/div>\n\t\t<\/div>\n\t\t\t\t\t<\/div>\n\t\t<\/section>\n\t\t\t\t<\/div>","protected":false},"excerpt":{"rendered":"<p>Vorhofflimmern Mit dem innovativen DefiPace System bietet OSYPKA einen externen Dreikammer-Herzschrittmacher mit bi-atrialer Stimulation zur Unterst\u00fctzung der Vorhofkontraktion, Over-Drive Stimulation als Pr\u00e4vention von Vorhoffflattern und -flimmern und einer epikardialen, interatrialen low-energy Kardioversion zur Terminierung von POAF und den dazu passenden, speziell f\u00fcr Vorh\u00f6fe und Kardioversion konzipierten tempor\u00e4ren epikardialen atrialen Myokardelektroden (TMA).\u00a0 Produktportfolio Vorhofflimmern DefiPace<\/p>","protected":false},"author":1,"featured_media":30466,"parent":25588,"menu_order":0,"comment_status":"closed","ping_status":"closed","template":"","meta":{"_acf_changed":false,"site-sidebar-layout":"no-sidebar","site-content-layout":"page-builder","ast-site-content-layout":"full-width-container","site-content-style":"unboxed","site-sidebar-style":"unboxed","ast-global-header-display":"","ast-banner-title-visibility":"","ast-main-header-display":"","ast-hfb-above-header-display":"","ast-hfb-below-header-display":"","ast-hfb-mobile-header-display":"","site-post-title":"disabled","ast-breadcrumbs-content":"","ast-featured-img":"disabled","footer-sml-layout":"","ast-disable-related-posts":"","theme-transparent-header-meta":"default","adv-header-id-meta":"","stick-header-meta":"","header-above-stick-meta":"","header-main-stick-meta":"","header-below-stick-meta":"","astra-migrate-meta-layouts":"set","ast-page-background-enabled":"default","ast-page-background-meta":{"desktop":{"background-color":"","background-image":"","background-repeat":"repeat","background-position":"center center","background-size":"auto","background-attachment":"scroll","background-type":"","background-media":"","overlay-type":"","overlay-color":"","overlay-opacity":"","overlay-gradient":""},"tablet":{"background-color":"","background-image":"","background-repeat":"repeat","background-position":"center center","background-size":"auto","background-attachment":"scroll","background-type":"","background-media":"","overlay-type":"","overlay-color":"","overlay-opacity":"","overlay-gradient":""},"mobile":{"background-color":"","background-image":"","background-repeat":"repeat","background-position":"center center","background-size":"auto","background-attachment":"scroll","background-type":"","background-media":"","overlay-type":"","overlay-color":"","overlay-opacity":"","overlay-gradient":""}},"ast-content-background-meta":{"desktop":{"background-color":"var(--ast-global-color-5)","background-image":"","background-repeat":"repeat","background-position":"center center","background-size":"auto","background-attachment":"scroll","background-type":"","background-media":"","overlay-type":"","overlay-color":"","overlay-opacity":"","overlay-gradient":""},"tablet":{"background-color":"var(--ast-global-color-5)","background-image":"","background-repeat":"repeat","background-position":"center center","background-size":"auto","background-attachment":"scroll","background-type":"","background-media":"","overlay-type":"","overlay-color":"","overlay-opacity":"","overlay-gradient":""},"mobile":{"background-color":"var(--ast-global-color-5)","background-image":"","background-repeat":"repeat","background-position":"center center","background-size":"auto","background-attachment":"scroll","background-type":"","background-media":"","overlay-type":"","overlay-color":"","overlay-opacity":"","overlay-gradient":""}},"footnotes":""},"class_list":["post-27574","page","type-page","status-publish","has-post-thumbnail","hentry"],"acf":[],"yoast_head":"<!-- This site is optimized with the Yoast SEO plugin v27.0 - https:\/\/yoast.com\/product\/yoast-seo-wordpress\/ -->\n<title>Atrial Fibrillation \/ Vorhofflimmern - OSYPKA<\/title>\n<meta name=\"description\" content=\"Atrial Fibrillation \/ Vorhofflimmern \u2013 OSYPKA&#039;s DefiPace System ist ein innovativer externer Dreikammer-Herzschrittmacher.\" \/>\n<meta name=\"robots\" content=\"index, follow, max-snippet:-1, max-image-preview:large, max-video-preview:-1\" \/>\n<link rel=\"canonical\" href=\"https:\/\/osypka.de\/en\/produkte\/atrial-fibrillation-vorhofflimmern\/\" \/>\n<meta property=\"og:locale\" content=\"en_US\" \/>\n<meta property=\"og:type\" content=\"article\" \/>\n<meta property=\"og:title\" content=\"Atrial Fibrillation \/ Vorhofflimmern - OSYPKA\" \/>\n<meta property=\"og:description\" content=\"Atrial Fibrillation \/ Vorhofflimmern \u2013 OSYPKA&#039;s DefiPace System ist ein innovativer externer Dreikammer-Herzschrittmacher.\" \/>\n<meta property=\"og:url\" content=\"https:\/\/osypka.de\/en\/produkte\/atrial-fibrillation-vorhofflimmern\/\" \/>\n<meta property=\"og:site_name\" content=\"OSYPKA\" \/>\n<meta property=\"article:modified_time\" content=\"2024-04-22T12:12:33+00:00\" \/>\n<meta property=\"og:image\" content=\"https:\/\/osypka.de\/wp-content\/uploads\/2023\/11\/OSYPKA-Vorhofflimmern\u200b-1.png\" \/>\n\t<meta property=\"og:image:width\" content=\"1142\" \/>\n\t<meta property=\"og:image:height\" content=\"1290\" \/>\n\t<meta property=\"og:image:type\" content=\"image\/png\" \/>\n<meta name=\"twitter:card\" content=\"summary_large_image\" \/>\n<meta name=\"twitter:label1\" content=\"Est. reading time\" \/>\n\t<meta name=\"twitter:data1\" content=\"1 minute\" \/>\n<script type=\"application\/ld+json\" class=\"yoast-schema-graph\">{\"@context\":\"https:\/\/schema.org\",\"@graph\":[{\"@type\":\"WebPage\",\"@id\":\"https:\/\/osypka.de\/produkte\/atrial-fibrillation-vorhofflimmern\/\",\"url\":\"https:\/\/osypka.de\/produkte\/atrial-fibrillation-vorhofflimmern\/\",\"name\":\"Atrial Fibrillation \/ Vorhofflimmern - OSYPKA\",\"isPartOf\":{\"@id\":\"https:\/\/osypka.de\/#website\"},\"primaryImageOfPage\":{\"@id\":\"https:\/\/osypka.de\/produkte\/atrial-fibrillation-vorhofflimmern\/#primaryimage\"},\"image\":{\"@id\":\"https:\/\/osypka.de\/produkte\/atrial-fibrillation-vorhofflimmern\/#primaryimage\"},\"thumbnailUrl\":\"https:\/\/osypka.de\/wp-content\/uploads\/2023\/11\/OSYPKA-Vorhofflimmern\u200b-1.png\",\"datePublished\":\"2023-10-09T12:37:30+00:00\",\"dateModified\":\"2024-04-22T12:12:33+00:00\",\"description\":\"Atrial Fibrillation \/ Vorhofflimmern \u2013 OSYPKA's DefiPace System ist ein innovativer externer Dreikammer-Herzschrittmacher.\",\"breadcrumb\":{\"@id\":\"https:\/\/osypka.de\/produkte\/atrial-fibrillation-vorhofflimmern\/#breadcrumb\"},\"inLanguage\":\"en-US\",\"potentialAction\":[{\"@type\":\"ReadAction\",\"target\":[\"https:\/\/osypka.de\/produkte\/atrial-fibrillation-vorhofflimmern\/\"]}]},{\"@type\":\"ImageObject\",\"inLanguage\":\"en-US\",\"@id\":\"https:\/\/osypka.de\/produkte\/atrial-fibrillation-vorhofflimmern\/#primaryimage\",\"url\":\"https:\/\/osypka.de\/wp-content\/uploads\/2023\/11\/OSYPKA-Vorhofflimmern\u200b-1.png\",\"contentUrl\":\"https:\/\/osypka.de\/wp-content\/uploads\/2023\/11\/OSYPKA-Vorhofflimmern\u200b-1.png\",\"width\":1142,\"height\":1290,\"caption\":\"Atrial Fibrillation \/ Vorhofflimmern\"},{\"@type\":\"BreadcrumbList\",\"@id\":\"https:\/\/osypka.de\/produkte\/atrial-fibrillation-vorhofflimmern\/#breadcrumb\",\"itemListElement\":[{\"@type\":\"ListItem\",\"position\":1,\"name\":\"Home\",\"item\":\"https:\/\/osypka.de\/\"},{\"@type\":\"ListItem\",\"position\":2,\"name\":\"Produkte\",\"item\":\"https:\/\/osypka.de\/produkte\/\"},{\"@type\":\"ListItem\",\"position\":3,\"name\":\"Atrial Fibrillation \/ Vorhofflimmern\"}]},{\"@type\":\"WebSite\",\"@id\":\"https:\/\/osypka.de\/#website\",\"url\":\"https:\/\/osypka.de\/\",\"name\":\"OSYPKA\",\"description\":\"Technology for an active life\",\"publisher\":{\"@id\":\"https:\/\/osypka.de\/#organization\"},\"potentialAction\":[{\"@type\":\"SearchAction\",\"target\":{\"@type\":\"EntryPoint\",\"urlTemplate\":\"https:\/\/osypka.de\/?s={search_term_string}\"},\"query-input\":{\"@type\":\"PropertyValueSpecification\",\"valueRequired\":true,\"valueName\":\"search_term_string\"}}],\"inLanguage\":\"en-US\"},{\"@type\":\"Organization\",\"@id\":\"https:\/\/osypka.de\/#organization\",\"name\":\"OSYPKA\",\"url\":\"https:\/\/osypka.de\/\",\"logo\":{\"@type\":\"ImageObject\",\"inLanguage\":\"en-US\",\"@id\":\"https:\/\/osypka.de\/#\/schema\/logo\/image\/\",\"url\":\"https:\/\/osypka.de\/wp-content\/uploads\/2020\/10\/OSYPKA_Logo.png\",\"contentUrl\":\"https:\/\/osypka.de\/wp-content\/uploads\/2020\/10\/OSYPKA_Logo.png\",\"width\":939,\"height\":235,\"caption\":\"OSYPKA\"},\"image\":{\"@id\":\"https:\/\/osypka.de\/#\/schema\/logo\/image\/\"}}]}<\/script>\n<!-- \/ Yoast SEO plugin. -->","yoast_head_json":{"title":"Atrial Fibrillation \/ Vorhofflimmern - OSYPKA","description":"Atrial Fibrillation \/ Vorhofflimmern \u2013 OSYPKA's DefiPace System ist ein innovativer externer Dreikammer-Herzschrittmacher.","robots":{"index":"index","follow":"follow","max-snippet":"max-snippet:-1","max-image-preview":"max-image-preview:large","max-video-preview":"max-video-preview:-1"},"canonical":"https:\/\/osypka.de\/en\/produkte\/atrial-fibrillation-vorhofflimmern\/","og_locale":"en_US","og_type":"article","og_title":"Atrial Fibrillation \/ Vorhofflimmern - OSYPKA","og_description":"Atrial Fibrillation \/ Vorhofflimmern \u2013 OSYPKA's DefiPace System ist ein innovativer externer Dreikammer-Herzschrittmacher.","og_url":"https:\/\/osypka.de\/en\/produkte\/atrial-fibrillation-vorhofflimmern\/","og_site_name":"OSYPKA","article_modified_time":"2024-04-22T12:12:33+00:00","og_image":[{"width":1142,"height":1290,"url":"https:\/\/osypka.de\/wp-content\/uploads\/2023\/11\/OSYPKA-Vorhofflimmern\u200b-1.png","type":"image\/png"}],"twitter_card":"summary_large_image","twitter_misc":{"Est. reading time":"1 minute"},"schema":{"@context":"https:\/\/schema.org","@graph":[{"@type":"WebPage","@id":"https:\/\/osypka.de\/produkte\/atrial-fibrillation-vorhofflimmern\/","url":"https:\/\/osypka.de\/produkte\/atrial-fibrillation-vorhofflimmern\/","name":"Atrial Fibrillation \/ Vorhofflimmern - OSYPKA","isPartOf":{"@id":"https:\/\/osypka.de\/#website"},"primaryImageOfPage":{"@id":"https:\/\/osypka.de\/produkte\/atrial-fibrillation-vorhofflimmern\/#primaryimage"},"image":{"@id":"https:\/\/osypka.de\/produkte\/atrial-fibrillation-vorhofflimmern\/#primaryimage"},"thumbnailUrl":"https:\/\/osypka.de\/wp-content\/uploads\/2023\/11\/OSYPKA-Vorhofflimmern\u200b-1.png","datePublished":"2023-10-09T12:37:30+00:00","dateModified":"2024-04-22T12:12:33+00:00","description":"Atrial Fibrillation \/ Vorhofflimmern \u2013 OSYPKA's DefiPace System ist ein innovativer externer Dreikammer-Herzschrittmacher.","breadcrumb":{"@id":"https:\/\/osypka.de\/produkte\/atrial-fibrillation-vorhofflimmern\/#breadcrumb"},"inLanguage":"en-US","potentialAction":[{"@type":"ReadAction","target":["https:\/\/osypka.de\/produkte\/atrial-fibrillation-vorhofflimmern\/"]}]},{"@type":"ImageObject","inLanguage":"en-US","@id":"https:\/\/osypka.de\/produkte\/atrial-fibrillation-vorhofflimmern\/#primaryimage","url":"https:\/\/osypka.de\/wp-content\/uploads\/2023\/11\/OSYPKA-Vorhofflimmern\u200b-1.png","contentUrl":"https:\/\/osypka.de\/wp-content\/uploads\/2023\/11\/OSYPKA-Vorhofflimmern\u200b-1.png","width":1142,"height":1290,"caption":"Atrial Fibrillation \/ Vorhofflimmern"},{"@type":"BreadcrumbList","@id":"https:\/\/osypka.de\/produkte\/atrial-fibrillation-vorhofflimmern\/#breadcrumb","itemListElement":[{"@type":"ListItem","position":1,"name":"Home","item":"https:\/\/osypka.de\/"},{"@type":"ListItem","position":2,"name":"Produkte","item":"https:\/\/osypka.de\/produkte\/"},{"@type":"ListItem","position":3,"name":"Atrial Fibrillation \/ Vorhofflimmern"}]},{"@type":"WebSite","@id":"https:\/\/osypka.de\/#website","url":"https:\/\/osypka.de\/","name":"OSYPKA","description":"Technology for an active life","publisher":{"@id":"https:\/\/osypka.de\/#organization"},"potentialAction":[{"@type":"SearchAction","target":{"@type":"EntryPoint","urlTemplate":"https:\/\/osypka.de\/?s={search_term_string}"},"query-input":{"@type":"PropertyValueSpecification","valueRequired":true,"valueName":"search_term_string"}}],"inLanguage":"en-US"},{"@type":"Organization","@id":"https:\/\/osypka.de\/#organization","name":"OSYPKA","url":"https:\/\/osypka.de\/","logo":{"@type":"ImageObject","inLanguage":"en-US","@id":"https:\/\/osypka.de\/#\/schema\/logo\/image\/","url":"https:\/\/osypka.de\/wp-content\/uploads\/2020\/10\/OSYPKA_Logo.png","contentUrl":"https:\/\/osypka.de\/wp-content\/uploads\/2020\/10\/OSYPKA_Logo.png","width":939,"height":235,"caption":"OSYPKA"},"image":{"@id":"https:\/\/osypka.de\/#\/schema\/logo\/image\/"}}]}},"publishpress_future_action":{"enabled":false,"date":"2026-04-18 11:51:43","action":"delete","newStatus":"draft","terms":[],"taxonomy":"","extraData":[]},"publishpress_future_workflow_manual_trigger":{"enabledWorkflows":[]},"_links":{"self":[{"href":"https:\/\/osypka.de\/en\/wp-json\/wp\/v2\/pages\/27574","targetHints":{"allow":["GET"]}}],"collection":[{"href":"https:\/\/osypka.de\/en\/wp-json\/wp\/v2\/pages"}],"about":[{"href":"https:\/\/osypka.de\/en\/wp-json\/wp\/v2\/types\/page"}],"author":[{"embeddable":true,"href":"https:\/\/osypka.de\/en\/wp-json\/wp\/v2\/users\/1"}],"replies":[{"embeddable":true,"href":"https:\/\/osypka.de\/en\/wp-json\/wp\/v2\/comments?post=27574"}],"version-history":[{"count":16,"href":"https:\/\/osypka.de\/en\/wp-json\/wp\/v2\/pages\/27574\/revisions"}],"predecessor-version":[{"id":35274,"href":"https:\/\/osypka.de\/en\/wp-json\/wp\/v2\/pages\/27574\/revisions\/35274"}],"up":[{"embeddable":true,"href":"https:\/\/osypka.de\/en\/wp-json\/wp\/v2\/pages\/25588"}],"wp:featuredmedia":[{"embeddable":true,"href":"https:\/\/osypka.de\/en\/wp-json\/wp\/v2\/media\/30466"}],"wp:attachment":[{"href":"https:\/\/osypka.de\/en\/wp-json\/wp\/v2\/media?parent=27574"}],"curies":[{"name":"wp","href":"https:\/\/api.w.org\/{rel}","templated":true}]}}