{"id":31306,"date":"2024-01-03T15:32:19","date_gmt":"2024-01-03T14:32:19","guid":{"rendered":"https:\/\/osypka.de\/?page_id=31306"},"modified":"2025-10-08T16:16:28","modified_gmt":"2025-10-08T14:16:28","slug":"poi","status":"publish","type":"page","link":"https:\/\/osypka.de\/en\/poi\/","title":{"rendered":"Research"},"content":{"rendered":"<div data-elementor-type=\"wp-page\" data-elementor-id=\"31306\" class=\"elementor elementor-31306\" data-elementor-post-type=\"page\">\n\t\t\t\t\t\t<section class=\"elementor-section elementor-top-section elementor-element elementor-element-d3a952e elementor-section-boxed elementor-section-height-default elementor-section-height-default\" data-id=\"d3a952e\" data-element_type=\"section\" data-e-type=\"section\" data-settings=\"{&quot;background_background&quot;:&quot;classic&quot;}\">\n\t\t\t\t\t\t<div class=\"elementor-container elementor-column-gap-default\">\n\t\t\t\t\t<div class=\"elementor-column elementor-col-100 elementor-top-column elementor-element elementor-element-d0bff3b\" data-id=\"d0bff3b\" data-element_type=\"column\" data-e-type=\"column\">\n\t\t\t<div class=\"elementor-widget-wrap elementor-element-populated\">\n\t\t\t\t\t\t<div class=\"elementor-element elementor-element-f208d3e elementor-widget elementor-widget-heading\" data-id=\"f208d3e\" data-element_type=\"widget\" data-e-type=\"widget\" data-widget_type=\"heading.default\">\n\t\t\t\t<div class=\"elementor-widget-container\">\n\t\t\t\t\t<h2 class=\"elementor-heading-title elementor-size-default\">Research<\/h2>\t\t\t\t<\/div>\n\t\t\t\t<\/div>\n\t\t\t\t\t<\/div>\n\t\t<\/div>\n\t\t\t\t\t<\/div>\n\t\t<\/section>\n\t\t\t\t<section class=\"elementor-section elementor-top-section elementor-element elementor-element-937032d elementor-section-boxed elementor-section-height-default elementor-section-height-default\" data-id=\"937032d\" data-element_type=\"section\" data-e-type=\"section\">\n\t\t\t\t\t\t<div class=\"elementor-container elementor-column-gap-default\">\n\t\t\t\t\t<div class=\"elementor-column elementor-col-100 elementor-top-column elementor-element elementor-element-c68dd4b\" data-id=\"c68dd4b\" data-element_type=\"column\" data-e-type=\"column\">\n\t\t\t<div class=\"elementor-widget-wrap elementor-element-populated\">\n\t\t\t\t\t\t<div class=\"elementor-element elementor-element-16149a8 elementor-widget elementor-widget-image\" data-id=\"16149a8\" data-element_type=\"widget\" data-e-type=\"widget\" data-widget_type=\"image.default\">\n\t\t\t\t<div class=\"elementor-widget-container\">\n\t\t\t\t\t\t\t\t\t\t\t\t\t\t\t<img fetchpriority=\"high\" decoding=\"async\" width=\"950\" height=\"206\" src=\"https:\/\/osypka.de\/wp-content\/uploads\/2023\/06\/csm_Logo_POIM_blau_deutsch_a70cbfe94e.jpg\" class=\"attachment-large size-large wp-image-24739\" alt=\"Forschung\" srcset=\"https:\/\/osypka.de\/wp-content\/uploads\/2023\/06\/csm_Logo_POIM_blau_deutsch_a70cbfe94e.jpg 950w, https:\/\/osypka.de\/wp-content\/uploads\/2023\/06\/csm_Logo_POIM_blau_deutsch_a70cbfe94e-300x65.jpg 300w, https:\/\/osypka.de\/wp-content\/uploads\/2023\/06\/csm_Logo_POIM_blau_deutsch_a70cbfe94e-768x167.jpg 768w\" sizes=\"(max-width: 950px) 100vw, 950px\" \/>\t\t\t\t\t\t\t\t\t\t\t\t\t\t\t<\/div>\n\t\t\t\t<\/div>\n\t\t\t\t<div class=\"elementor-element elementor-element-5ce1db1 elementor-widget elementor-widget-text-editor\" data-id=\"5ce1db1\" data-element_type=\"widget\" data-e-type=\"widget\" data-widget_type=\"text-editor.default\">\n\t\t\t\t<div class=\"elementor-widget-container\">\n\t\t\t\t\t\t\t\t\tMedical technology is becoming increasingly important both economically and for healthcare. The Peter Osypka Institute for Medical Technology at Offenburg University is dedicated to the research and development of products with a medical purpose that are intended for use in humans. Projects are often carried out in collaboration with regional and national companies.\n\n\t\t\t\t\t\t\t\t<\/div>\n\t\t\t\t<\/div>\n\t\t\t\t<div class=\"elementor-element elementor-element-70ac887 elementor-widget elementor-widget-text-editor\" data-id=\"70ac887\" data-element_type=\"widget\" data-e-type=\"widget\" data-widget_type=\"text-editor.default\">\n\t\t\t\t<div class=\"elementor-widget-container\">\n\t\t\t\t\t\t\t\t\t<p><b>Working groups:<\/b><\/p><ul><li>Surgical navigation and augmented reality (Prof. Harald Hoppe)<\/li><li>Electrical stimulation and ablation (Dipl.-Ing. (FH) Tobias Haber)<\/li><li>Cardiovascular medical technology and rhythmology (Prof. Matthias Heinke)<\/li><li>NeuroAcoustics (Prof. Stefan Zirn)<\/li><li>NeuroScience (Prof. Andreas Otte)<\/li><\/ul>\t\t\t\t\t\t\t\t<\/div>\n\t\t\t\t<\/div>\n\t\t\t\t<div class=\"elementor-element elementor-element-2c8a900 elementor-widget elementor-widget-text-editor\" data-id=\"2c8a900\" data-element_type=\"widget\" data-e-type=\"widget\" data-widget_type=\"text-editor.default\">\n\t\t\t\t<div class=\"elementor-widget-container\">\n\t\t\t\t\t\t\t\t\t<p><b>History<\/b><\/p><p>With the endowed professorship for biomedical engineering established in 2008, Prof. Dr. Peter Osypka, the founder of high-frequency catheter ablation, as a generous sponsor and partner of Offenburg University. He created the basis for the development of the medical technology course. On his initiative, the Peter Osypka Institute for Pacing and Ablation was founded in June 2011. Its leadership was taken over by Prof. Dr. rer. nat. habil. Bruno Ismer. With his extraordinary commitment, his many years of experience in university cardiology as well as the provision of numerous high-quality medical devices and his contacts with industrial and clinical partners, he has brought research to life and shaped an emphasis on practical training.<\/p><p>The institute's tasks focused on the development of methods and medical technology for the diagnosis and treatment of heart diseases, particularly in the areas of clinical electrophysiology, electrical stimulation and ablation. Examples of this include the development of a special external pacemaker for the treatment of life-threatening heart palpitations in babies, pilot studies for a novel catheter set for ablation therapy for ventricular palpitations, and a computerized demonstration board for the didactic teaching of the spread of excitation in the heart in the event of arrhythmias and during pacemaker therapy.<\/p><p>The institute's expertise in these areas was used by doctors, medical staff and employees of medical technology companies in numerous further training events. In addition to theory, these always offered intensive practical training under the motto \u201c Studying through experimentation \u201d . The teaching concept for pacemaker and defibrillator therapy as well as high-frequency catheter ablation practiced here was awarded a fellowship for \u201c Innovations in University Teaching \u201d by the Baden-W\u00fcrttemberg Foundation .<\/p><p>In order to create adequate working conditions at the institute, Osypka GmbH donated the construction of a research building on the university campus in 2012. In the new building, which was handed over in 2017, separate spatial concepts for specialized learning environments were implemented in the four laboratories, which enabled multifunctional use for the institute's research and teaching. By 2020, three former medical technology master's graduates from the university or institute employees used this environment to complete their doctoral theses. The close collaborations with our clinical, academic and industrial partners were also essential. They guaranteed the current transfer of knowledge and technology from research to teaching. The close collaboration with Prof. Melichercik from the nearby MediClin Heart Center in Lahr\/Baden, with Prof. Haas from the Ludwig Maximilian University Hospital in Munich and with Prof. Bitzer from the Freiburg University of Education proved particularly valuable.<\/p><p>Further information can be found on the POIM homepage<br \/><a href=\"https:\/\/poim.hs-offenburg.de\/\" target=\"_blank\" rel=\"noopener\">www.poim.hs-offenburg.de<\/a><\/p>\t\t\t\t\t\t\t\t<\/div>\n\t\t\t\t<\/div>\n\t\t\t\t\t<\/div>\n\t\t<\/div>\n\t\t\t\t\t<\/div>\n\t\t<\/section>\n\t\t\t\t<\/div>","protected":false},"excerpt":{"rendered":"<p>Forschung Die Medizintechnik hat sowohl wirtschaftlich als auch f\u00fcr die Gesundheitsversorgung eine immer weiter steigende Bedeutung. Das Peter-Osypka-Institut f\u00fcr Medizintechnik der Hochschule Offenburg ist der Forschung und Entwicklung von Produkten mit medizinischer Zweckbestimmung, die f\u00fcr die Anwendung beim Menschen bestimmt sind, gewidmet. H\u00e4ufig werden Projekte in Zusammenarbeit mit regionalen und \u00fcberregionalen Unternehmen durchgef\u00fchrt. Arbeitsgruppen: Chirurgische [&hellip;]<\/p>\n","protected":false},"author":1,"featured_media":24739,"parent":0,"menu_order":0,"comment_status":"closed","ping_status":"closed","template":"","meta":{"_acf_changed":false,"site-sidebar-layout":"no-sidebar","site-content-layout":"page-builder","ast-site-content-layout":"full-width-container","site-content-style":"unboxed","site-sidebar-style":"unboxed","ast-global-header-display":"","ast-banner-title-visibility":"","ast-main-header-display":"","ast-hfb-above-header-display":"","ast-hfb-below-header-display":"","ast-hfb-mobile-header-display":"","site-post-title":"disabled","ast-breadcrumbs-content":"","ast-featured-img":"disabled","footer-sml-layout":"","ast-disable-related-posts":"","theme-transparent-header-meta":"default","adv-header-id-meta":"","stick-header-meta":"","header-above-stick-meta":"","header-main-stick-meta":"","header-below-stick-meta":"","astra-migrate-meta-layouts":"set","ast-page-background-enabled":"default","ast-page-background-meta":{"desktop":{"background-color":"","background-image":"","background-repeat":"repeat","background-position":"center center","background-size":"auto","background-attachment":"scroll","background-type":"","background-media":"","overlay-type":"","overlay-color":"","overlay-opacity":"","overlay-gradient":""},"tablet":{"background-color":"","background-image":"","background-repeat":"repeat","background-position":"center center","background-size":"auto","background-attachment":"scroll","background-type":"","background-media":"","overlay-type":"","overlay-color":"","overlay-opacity":"","overlay-gradient":""},"mobile":{"background-color":"","background-image":"","background-repeat":"repeat","background-position":"center center","background-size":"auto","background-attachment":"scroll","background-type":"","background-media":"","overlay-type":"","overlay-color":"","overlay-opacity":"","overlay-gradient":""}},"ast-content-background-meta":{"desktop":{"background-color":"var(--ast-global-color-5)","background-image":"","background-repeat":"repeat","background-position":"center center","background-size":"auto","background-attachment":"scroll","background-type":"","background-media":"","overlay-type":"","overlay-color":"","overlay-opacity":"","overlay-gradient":""},"tablet":{"background-color":"var(--ast-global-color-5)","background-image":"","background-repeat":"repeat","background-position":"center center","background-size":"auto","background-attachment":"scroll","background-type":"","background-media":"","overlay-type":"","overlay-color":"","overlay-opacity":"","overlay-gradient":""},"mobile":{"background-color":"var(--ast-global-color-5)","background-image":"","background-repeat":"repeat","background-position":"center center","background-size":"auto","background-attachment":"scroll","background-type":"","background-media":"","overlay-type":"","overlay-color":"","overlay-opacity":"","overlay-gradient":""}},"footnotes":""},"class_list":["post-31306","page","type-page","status-publish","has-post-thumbnail","hentry"],"acf":[],"yoast_head":"<!-- This site is optimized with the Yoast SEO plugin v27.0 - https:\/\/yoast.com\/product\/yoast-seo-wordpress\/ -->\n<title>Forschung - OSYPKA<\/title>\n<meta name=\"description\" content=\"Forschung - Das Peter-Osypka-Institut f\u00fcr Medizintechnik der Hochschule Offenburg ist der Forschung und Entwicklung von Produkten\" \/>\n<meta name=\"robots\" content=\"index, follow, max-snippet:-1, max-image-preview:large, max-video-preview:-1\" \/>\n<link rel=\"canonical\" href=\"https:\/\/osypka.de\/en\/poi\/\" \/>\n<meta property=\"og:locale\" content=\"en_US\" \/>\n<meta property=\"og:type\" content=\"article\" \/>\n<meta property=\"og:title\" content=\"Forschung - OSYPKA\" \/>\n<meta property=\"og:description\" content=\"Forschung - Das Peter-Osypka-Institut f\u00fcr Medizintechnik der Hochschule Offenburg ist der Forschung und Entwicklung von Produkten\" \/>\n<meta property=\"og:url\" content=\"https:\/\/osypka.de\/en\/poi\/\" \/>\n<meta property=\"og:site_name\" content=\"OSYPKA\" \/>\n<meta property=\"article:modified_time\" content=\"2025-10-08T14:16:28+00:00\" \/>\n<meta property=\"og:image\" content=\"https:\/\/osypka.de\/wp-content\/uploads\/2023\/06\/csm_Logo_POIM_blau_deutsch_a70cbfe94e.jpg\" \/>\n\t<meta property=\"og:image:width\" content=\"950\" \/>\n\t<meta property=\"og:image:height\" content=\"206\" \/>\n\t<meta property=\"og:image:type\" content=\"image\/jpeg\" \/>\n<meta name=\"twitter:card\" content=\"summary_large_image\" \/>\n<meta name=\"twitter:label1\" content=\"Est. reading time\" \/>\n\t<meta name=\"twitter:data1\" content=\"3 minutes\" \/>\n<script type=\"application\/ld+json\" class=\"yoast-schema-graph\">{\"@context\":\"https:\/\/schema.org\",\"@graph\":[{\"@type\":\"WebPage\",\"@id\":\"https:\/\/osypka.de\/poi\/\",\"url\":\"https:\/\/osypka.de\/poi\/\",\"name\":\"Forschung - OSYPKA\",\"isPartOf\":{\"@id\":\"https:\/\/osypka.de\/#website\"},\"primaryImageOfPage\":{\"@id\":\"https:\/\/osypka.de\/poi\/#primaryimage\"},\"image\":{\"@id\":\"https:\/\/osypka.de\/poi\/#primaryimage\"},\"thumbnailUrl\":\"https:\/\/osypka.de\/wp-content\/uploads\/2023\/06\/csm_Logo_POIM_blau_deutsch_a70cbfe94e.jpg\",\"datePublished\":\"2024-01-03T14:32:19+00:00\",\"dateModified\":\"2025-10-08T14:16:28+00:00\",\"description\":\"Forschung - Das Peter-Osypka-Institut f\u00fcr Medizintechnik der Hochschule Offenburg ist der Forschung und Entwicklung von Produkten\",\"breadcrumb\":{\"@id\":\"https:\/\/osypka.de\/poi\/#breadcrumb\"},\"inLanguage\":\"en-US\",\"potentialAction\":[{\"@type\":\"ReadAction\",\"target\":[\"https:\/\/osypka.de\/poi\/\"]}]},{\"@type\":\"ImageObject\",\"inLanguage\":\"en-US\",\"@id\":\"https:\/\/osypka.de\/poi\/#primaryimage\",\"url\":\"https:\/\/osypka.de\/wp-content\/uploads\/2023\/06\/csm_Logo_POIM_blau_deutsch_a70cbfe94e.jpg\",\"contentUrl\":\"https:\/\/osypka.de\/wp-content\/uploads\/2023\/06\/csm_Logo_POIM_blau_deutsch_a70cbfe94e.jpg\",\"width\":950,\"height\":206,\"caption\":\"Forschung\"},{\"@type\":\"BreadcrumbList\",\"@id\":\"https:\/\/osypka.de\/poi\/#breadcrumb\",\"itemListElement\":[{\"@type\":\"ListItem\",\"position\":1,\"name\":\"Home\",\"item\":\"https:\/\/osypka.de\/\"},{\"@type\":\"ListItem\",\"position\":2,\"name\":\"Forschung\"}]},{\"@type\":\"WebSite\",\"@id\":\"https:\/\/osypka.de\/#website\",\"url\":\"https:\/\/osypka.de\/\",\"name\":\"OSYPKA\",\"description\":\"Technology for an active life\",\"publisher\":{\"@id\":\"https:\/\/osypka.de\/#organization\"},\"potentialAction\":[{\"@type\":\"SearchAction\",\"target\":{\"@type\":\"EntryPoint\",\"urlTemplate\":\"https:\/\/osypka.de\/?s={search_term_string}\"},\"query-input\":{\"@type\":\"PropertyValueSpecification\",\"valueRequired\":true,\"valueName\":\"search_term_string\"}}],\"inLanguage\":\"en-US\"},{\"@type\":\"Organization\",\"@id\":\"https:\/\/osypka.de\/#organization\",\"name\":\"OSYPKA\",\"url\":\"https:\/\/osypka.de\/\",\"logo\":{\"@type\":\"ImageObject\",\"inLanguage\":\"en-US\",\"@id\":\"https:\/\/osypka.de\/#\/schema\/logo\/image\/\",\"url\":\"https:\/\/osypka.de\/wp-content\/uploads\/2020\/10\/OSYPKA_Logo.png\",\"contentUrl\":\"https:\/\/osypka.de\/wp-content\/uploads\/2020\/10\/OSYPKA_Logo.png\",\"width\":939,\"height\":235,\"caption\":\"OSYPKA\"},\"image\":{\"@id\":\"https:\/\/osypka.de\/#\/schema\/logo\/image\/\"}}]}<\/script>\n<!-- \/ Yoast SEO plugin. -->","yoast_head_json":{"title":"Forschung - OSYPKA","description":"Forschung - Das Peter-Osypka-Institut f\u00fcr Medizintechnik der Hochschule Offenburg ist der Forschung und Entwicklung von Produkten","robots":{"index":"index","follow":"follow","max-snippet":"max-snippet:-1","max-image-preview":"max-image-preview:large","max-video-preview":"max-video-preview:-1"},"canonical":"https:\/\/osypka.de\/en\/poi\/","og_locale":"en_US","og_type":"article","og_title":"Forschung - OSYPKA","og_description":"Forschung - Das Peter-Osypka-Institut f\u00fcr Medizintechnik der Hochschule Offenburg ist der Forschung und Entwicklung von Produkten","og_url":"https:\/\/osypka.de\/en\/poi\/","og_site_name":"OSYPKA","article_modified_time":"2025-10-08T14:16:28+00:00","og_image":[{"width":950,"height":206,"url":"https:\/\/osypka.de\/wp-content\/uploads\/2023\/06\/csm_Logo_POIM_blau_deutsch_a70cbfe94e.jpg","type":"image\/jpeg"}],"twitter_card":"summary_large_image","twitter_misc":{"Est. reading time":"3 minutes"},"schema":{"@context":"https:\/\/schema.org","@graph":[{"@type":"WebPage","@id":"https:\/\/osypka.de\/poi\/","url":"https:\/\/osypka.de\/poi\/","name":"Forschung - OSYPKA","isPartOf":{"@id":"https:\/\/osypka.de\/#website"},"primaryImageOfPage":{"@id":"https:\/\/osypka.de\/poi\/#primaryimage"},"image":{"@id":"https:\/\/osypka.de\/poi\/#primaryimage"},"thumbnailUrl":"https:\/\/osypka.de\/wp-content\/uploads\/2023\/06\/csm_Logo_POIM_blau_deutsch_a70cbfe94e.jpg","datePublished":"2024-01-03T14:32:19+00:00","dateModified":"2025-10-08T14:16:28+00:00","description":"Forschung - Das Peter-Osypka-Institut f\u00fcr Medizintechnik der Hochschule Offenburg ist der Forschung und Entwicklung von Produkten","breadcrumb":{"@id":"https:\/\/osypka.de\/poi\/#breadcrumb"},"inLanguage":"en-US","potentialAction":[{"@type":"ReadAction","target":["https:\/\/osypka.de\/poi\/"]}]},{"@type":"ImageObject","inLanguage":"en-US","@id":"https:\/\/osypka.de\/poi\/#primaryimage","url":"https:\/\/osypka.de\/wp-content\/uploads\/2023\/06\/csm_Logo_POIM_blau_deutsch_a70cbfe94e.jpg","contentUrl":"https:\/\/osypka.de\/wp-content\/uploads\/2023\/06\/csm_Logo_POIM_blau_deutsch_a70cbfe94e.jpg","width":950,"height":206,"caption":"Forschung"},{"@type":"BreadcrumbList","@id":"https:\/\/osypka.de\/poi\/#breadcrumb","itemListElement":[{"@type":"ListItem","position":1,"name":"Home","item":"https:\/\/osypka.de\/"},{"@type":"ListItem","position":2,"name":"Forschung"}]},{"@type":"WebSite","@id":"https:\/\/osypka.de\/#website","url":"https:\/\/osypka.de\/","name":"OSYPKA","description":"Technology for an active life","publisher":{"@id":"https:\/\/osypka.de\/#organization"},"potentialAction":[{"@type":"SearchAction","target":{"@type":"EntryPoint","urlTemplate":"https:\/\/osypka.de\/?s={search_term_string}"},"query-input":{"@type":"PropertyValueSpecification","valueRequired":true,"valueName":"search_term_string"}}],"inLanguage":"en-US"},{"@type":"Organization","@id":"https:\/\/osypka.de\/#organization","name":"OSYPKA","url":"https:\/\/osypka.de\/","logo":{"@type":"ImageObject","inLanguage":"en-US","@id":"https:\/\/osypka.de\/#\/schema\/logo\/image\/","url":"https:\/\/osypka.de\/wp-content\/uploads\/2020\/10\/OSYPKA_Logo.png","contentUrl":"https:\/\/osypka.de\/wp-content\/uploads\/2020\/10\/OSYPKA_Logo.png","width":939,"height":235,"caption":"OSYPKA"},"image":{"@id":"https:\/\/osypka.de\/#\/schema\/logo\/image\/"}}]}},"publishpress_future_action":{"enabled":false,"date":"2026-04-21 18:32:38","action":"delete","newStatus":"draft","terms":[],"taxonomy":"","extraData":[]},"publishpress_future_workflow_manual_trigger":{"enabledWorkflows":[]},"_links":{"self":[{"href":"https:\/\/osypka.de\/en\/wp-json\/wp\/v2\/pages\/31306","targetHints":{"allow":["GET"]}}],"collection":[{"href":"https:\/\/osypka.de\/en\/wp-json\/wp\/v2\/pages"}],"about":[{"href":"https:\/\/osypka.de\/en\/wp-json\/wp\/v2\/types\/page"}],"author":[{"embeddable":true,"href":"https:\/\/osypka.de\/en\/wp-json\/wp\/v2\/users\/1"}],"replies":[{"embeddable":true,"href":"https:\/\/osypka.de\/en\/wp-json\/wp\/v2\/comments?post=31306"}],"version-history":[{"count":26,"href":"https:\/\/osypka.de\/en\/wp-json\/wp\/v2\/pages\/31306\/revisions"}],"predecessor-version":[{"id":37826,"href":"https:\/\/osypka.de\/en\/wp-json\/wp\/v2\/pages\/31306\/revisions\/37826"}],"wp:featuredmedia":[{"embeddable":true,"href":"https:\/\/osypka.de\/en\/wp-json\/wp\/v2\/media\/24739"}],"wp:attachment":[{"href":"https:\/\/osypka.de\/en\/wp-json\/wp\/v2\/media?parent=31306"}],"curies":[{"name":"wp","href":"https:\/\/api.w.org\/{rel}","templated":true}]}}