{"id":31328,"date":"2024-01-03T15:36:00","date_gmt":"2024-01-03T14:36:00","guid":{"rendered":"https:\/\/osypka.de\/?page_id=31328"},"modified":"2025-10-08T16:13:23","modified_gmt":"2025-10-08T14:13:23","slug":"soziales-engagement","status":"publish","type":"page","link":"https:\/\/osypka.de\/en\/soziales-engagement\/","title":{"rendered":"Social commitment"},"content":{"rendered":"<div data-elementor-type=\"wp-page\" data-elementor-id=\"31328\" class=\"elementor elementor-31328\" data-elementor-post-type=\"page\">\n\t\t\t\t\t\t<section class=\"elementor-section elementor-top-section elementor-element elementor-element-d3a952e elementor-section-boxed elementor-section-height-default elementor-section-height-default\" data-id=\"d3a952e\" data-element_type=\"section\" data-e-type=\"section\" data-settings=\"{&quot;background_background&quot;:&quot;classic&quot;}\">\n\t\t\t\t\t\t<div class=\"elementor-container elementor-column-gap-default\">\n\t\t\t\t\t<div class=\"elementor-column elementor-col-100 elementor-top-column elementor-element elementor-element-d0bff3b\" data-id=\"d0bff3b\" data-element_type=\"column\" data-e-type=\"column\">\n\t\t\t<div class=\"elementor-widget-wrap elementor-element-populated\">\n\t\t\t\t\t\t<div class=\"elementor-element elementor-element-f208d3e elementor-widget elementor-widget-heading\" data-id=\"f208d3e\" data-element_type=\"widget\" data-e-type=\"widget\" data-widget_type=\"heading.default\">\n\t\t\t\t<div class=\"elementor-widget-container\">\n\t\t\t\t\t<h2 class=\"elementor-heading-title elementor-size-default\">Social commitment <\/h2>\t\t\t\t<\/div>\n\t\t\t\t<\/div>\n\t\t\t\t\t<\/div>\n\t\t<\/div>\n\t\t\t\t\t<\/div>\n\t\t<\/section>\n\t\t\t\t<section class=\"elementor-section elementor-top-section elementor-element elementor-element-9ee6071 elementor-section-boxed elementor-section-height-default elementor-section-height-default\" data-id=\"9ee6071\" data-element_type=\"section\" data-e-type=\"section\" data-settings=\"{&quot;background_background&quot;:&quot;classic&quot;}\">\n\t\t\t\t\t\t<div class=\"elementor-container elementor-column-gap-default\">\n\t\t\t\t\t<div class=\"elementor-column elementor-col-100 elementor-top-column elementor-element elementor-element-59c239c\" data-id=\"59c239c\" data-element_type=\"column\" data-e-type=\"column\">\n\t\t\t<div class=\"elementor-widget-wrap elementor-element-populated\">\n\t\t\t\t\t\t<div class=\"elementor-element elementor-element-de6e643 elementor-widget elementor-widget-image\" data-id=\"de6e643\" data-element_type=\"widget\" data-e-type=\"widget\" data-widget_type=\"image.default\">\n\t\t\t\t<div class=\"elementor-widget-container\">\n\t\t\t\t\t\t\t\t\t\t\t\t\t\t\t<img decoding=\"async\" width=\"339\" height=\"82\" src=\"https:\/\/osypka.de\/wp-content\/uploads\/2023\/06\/Logo-Schriftzug-Stiftung-Osypka.png\" class=\"attachment-large size-large wp-image-24737\" alt=\"Soziales Engagement\" srcset=\"https:\/\/osypka.de\/wp-content\/uploads\/2023\/06\/Logo-Schriftzug-Stiftung-Osypka.png 339w, https:\/\/osypka.de\/wp-content\/uploads\/2023\/06\/Logo-Schriftzug-Stiftung-Osypka-300x73.png 300w\" sizes=\"(max-width: 339px) 100vw, 339px\" \/>\t\t\t\t\t\t\t\t\t\t\t\t\t\t\t<\/div>\n\t\t\t\t<\/div>\n\t\t\t\t<div class=\"elementor-element elementor-element-40688d8 elementor-widget elementor-widget-text-editor\" data-id=\"40688d8\" data-element_type=\"widget\" data-e-type=\"widget\" data-widget_type=\"text-editor.default\">\n\t\t\t\t<div class=\"elementor-widget-container\">\n\t\t\t\t\t\t\t\t\t<p><strong>Peter Osypka Foundation Grenzach-Wyhlen. A foundation under civil law, established on December 1, 1997.&nbsp;<\/strong><strong>Eine Stiftung des b\u00fcrgerlichen Rechts |&nbsp;<\/strong><strong>gegr\u00fcndet 01.12.1997<\/strong><\/p>\t\t\t\t\t\t\t\t<\/div>\n\t\t\t\t<\/div>\n\t\t\t\t<div class=\"elementor-element elementor-element-a5f0b67 elementor-widget elementor-widget-text-editor\" data-id=\"a5f0b67\" data-element_type=\"widget\" data-e-type=\"widget\" data-widget_type=\"text-editor.default\">\n\t\t\t\t<div class=\"elementor-widget-container\">\n\t\t\t\t\t\t\t\t\t<p>The Peter Osypka Foundation is a foundation under civil law that was founded in 1997 by Prof. Peter Osypka and pursues exclusively non-profit and charitable purposes. In particular, projects are carried out in collaboration with recognized aid organizations such as Caritas International. Further support is provided in collaboration with pediatric cardiologists or pediatric heart surgeons who carry out relief missions for needy patients in medically underserved countries. Medical and scientific projects can also be supported after careful selection, in particular studies initiated by doctors that focus on patient well-being.<\/p><p>The founder Prof. Dr.-Ing. Dr.-Ing. Eh Peter Osypka is a recipient of the Federal Cross of Merit and the Lorenz Werthmann Medal of the German Caritas Association.<\/p><p>\u00a0<\/p><p><b style=\"font-style: inherit; font-family: var( --e-global-typography-text-font-family ), Sans-serif; letter-spacing: var( --e-global-typography-text-letter-spacing ); word-spacing: var( --e-global-typography-text-word-spacing ); background-color: var( --e-global-color-fe22fc3 ); color: var( --e-global-color-text );\">Donation account:<\/b><\/p><p>Commerzbank AG L\u00f6rrach<br \/>IBAN: DE78 6808 0030 0654 8477 00<br \/>BIC: DRESDEFF680<\/p><p>Thank you \u2013 donation receipts will be issued.<\/p>\t\t\t\t\t\t\t\t<\/div>\n\t\t\t\t<\/div>\n\t\t\t\t\t<\/div>\n\t\t<\/div>\n\t\t\t\t\t<\/div>\n\t\t<\/section>\n\t\t\t\t<section class=\"elementor-section elementor-top-section elementor-element elementor-element-937032d elementor-section-boxed elementor-section-height-default elementor-section-height-default\" data-id=\"937032d\" data-element_type=\"section\" data-e-type=\"section\">\n\t\t\t\t\t\t<div class=\"elementor-container elementor-column-gap-default\">\n\t\t\t\t\t<div class=\"elementor-column elementor-col-100 elementor-top-column elementor-element elementor-element-c68dd4b\" data-id=\"c68dd4b\" data-element_type=\"column\" data-e-type=\"column\">\n\t\t\t<div class=\"elementor-widget-wrap elementor-element-populated\">\n\t\t\t\t\t\t<div class=\"elementor-element elementor-element-560526d elementor-widget elementor-widget-heading\" data-id=\"560526d\" data-element_type=\"widget\" data-e-type=\"widget\" data-widget_type=\"heading.default\">\n\t\t\t\t<div class=\"elementor-widget-container\">\n\t\t\t\t\t<h2 class=\"elementor-heading-title elementor-size-default\">Local alliance for families \u2013 Rheinfelden <\/h2>\t\t\t\t<\/div>\n\t\t\t\t<\/div>\n\t\t\t\t<div class=\"elementor-element elementor-element-5ce1db1 elementor-widget elementor-widget-text-editor\" data-id=\"5ce1db1\" data-element_type=\"widget\" data-e-type=\"widget\" data-widget_type=\"text-editor.default\">\n\t\t\t\t<div class=\"elementor-widget-container\">\n\t\t\t\t\t\t\t\t\t<p><i><span style=\"font-weight: inherit; font-family: var( --e-global-typography-text-font-family ), Sans-serif; letter-spacing: var( --e-global-typography-text-letter-spacing ); word-spacing: var( --e-global-typography-text-word-spacing ); color: var( --e-global-color-text );\" data-contrast=\"auto\">\u201cOne of our core values is a family-conscious corporate culture, which is essential to securing our future.\u201d<\/span><span style=\"font-weight: inherit; font-family: var( --e-global-typography-text-font-family ), Sans-serif; letter-spacing: var( --e-global-typography-text-letter-spacing ); word-spacing: var( --e-global-typography-text-word-spacing ); color: var( --e-global-color-text );\" data-ccp-props=\"{&quot;201341983&quot;:0,&quot;335559739&quot;:160,&quot;335559740&quot;:259}\">\u00a0<\/span><\/i><\/p><p><span data-contrast=\"auto\">Since March 2014, OSYPKA GmbH has been active as a member of the Local Alliance for Families in Rheinfelden in order to further develop family-friendliness in Rheinfelden-Baden together with all the companies represented in the alliance. Representatives of the currently 14 alliance companies meet four times a year, trying to further advance the expansion of family-friendly measures in Rheinfelden (Baden) . In addition, the companies also make a financial commitment. Numerous needs-oriented and necessary projects have been implemented in recent years with the help of the Local Alliance for the Rheinfelden Family and improved, renewed or built for the benefit of the citizens. This includes, for example, the redesign of the barbecue area at Hertener Loch by our trainees, as well as support for the Tafelladen. OSYPKA GmbH also takes part in the popular annual Sterntaler campaign during the Christmas season, in which employees give gifts to needy children up to the age of 16 and senior citizens in need of help. Free information events are also regularly offered for the employees of the alliance companies on specific topics such as \u201cparental leave\u201d or \u201ccare and provision \u201d.<\/span><span data-ccp-props=\"{&quot;201341983&quot;:0,&quot;335559739&quot;:160,&quot;335559740&quot;:259}\">\u00a0<\/span><\/p><p><span data-ccp-props=\"{&quot;201341983&quot;:0,&quot;335559739&quot;:160,&quot;335559740&quot;:259}\">\u00a0<\/span><\/p><p><span data-contrast=\"auto\">Further information can be found on the homepage of the Local Alliance for Families in Rheinfelden:<\/span><span data-ccp-props=\"{&quot;201341983&quot;:0,&quot;335559739&quot;:160,&quot;335559740&quot;:259}\">\u00a0<\/span><\/p><p><a href=\"https:\/\/www.buendnis-familie-rheinfelden.de\/de\/\" target=\"_blank\" rel=\"noopener\"><span data-contrast=\"none\">Home page \u2013 Local Alliance for Families Rheinfelden (buendnis-familie-rheinfelden.de)<\/span><\/a><span data-ccp-props=\"{&quot;201341983&quot;:0,&quot;335559739&quot;:160,&quot;335559740&quot;:259}\">\u00a0<\/span><\/p>\t\t\t\t\t\t\t\t<\/div>\n\t\t\t\t<\/div>\n\t\t\t\t\t<\/div>\n\t\t<\/div>\n\t\t\t\t\t<\/div>\n\t\t<\/section>\n\t\t\t\t<\/div>","protected":false},"excerpt":{"rendered":"<p>Soziales Engagement Peter-Osypka-Stiftung Grenzach-Wyhlen.&nbsp;Eine Stiftung des b\u00fcrgerlichen Rechts |&nbsp;gegr\u00fcndet 01.12.1997 Die Peter-Osypka-Stiftung ist eine Stiftung des b\u00fcrgerlichen Rechts, die 1997 von Prof. Peter Osypka gegr\u00fcndet wurde und ausschlie\u00dflich gemeinn\u00fctzige und mildt\u00e4tige Zwecke verfolgt. So werden insbesondere Projekte in Zusammenarbeit mit anerkannten Hilfsorganisationen wie zum Beispiel der Caritas International durchgef\u00fchrt. Weitere Unterst\u00fctzungen werden in Zusammenarbeit mit [&hellip;]<\/p>\n","protected":false},"author":1,"featured_media":31892,"parent":0,"menu_order":0,"comment_status":"closed","ping_status":"closed","template":"","meta":{"_acf_changed":false,"site-sidebar-layout":"no-sidebar","site-content-layout":"page-builder","ast-site-content-layout":"full-width-container","site-content-style":"unboxed","site-sidebar-style":"unboxed","ast-global-header-display":"","ast-banner-title-visibility":"","ast-main-header-display":"","ast-hfb-above-header-display":"","ast-hfb-below-header-display":"","ast-hfb-mobile-header-display":"","site-post-title":"disabled","ast-breadcrumbs-content":"","ast-featured-img":"disabled","footer-sml-layout":"","ast-disable-related-posts":"","theme-transparent-header-meta":"default","adv-header-id-meta":"","stick-header-meta":"","header-above-stick-meta":"","header-main-stick-meta":"","header-below-stick-meta":"","astra-migrate-meta-layouts":"set","ast-page-background-enabled":"default","ast-page-background-meta":{"desktop":{"background-color":"","background-image":"","background-repeat":"repeat","background-position":"center center","background-size":"auto","background-attachment":"scroll","background-type":"","background-media":"","overlay-type":"","overlay-color":"","overlay-opacity":"","overlay-gradient":""},"tablet":{"background-color":"","background-image":"","background-repeat":"repeat","background-position":"center center","background-size":"auto","background-attachment":"scroll","background-type":"","background-media":"","overlay-type":"","overlay-color":"","overlay-opacity":"","overlay-gradient":""},"mobile":{"background-color":"","background-image":"","background-repeat":"repeat","background-position":"center center","background-size":"auto","background-attachment":"scroll","background-type":"","background-media":"","overlay-type":"","overlay-color":"","overlay-opacity":"","overlay-gradient":""}},"ast-content-background-meta":{"desktop":{"background-color":"var(--ast-global-color-5)","background-image":"","background-repeat":"repeat","background-position":"center center","background-size":"auto","background-attachment":"scroll","background-type":"","background-media":"","overlay-type":"","overlay-color":"","overlay-opacity":"","overlay-gradient":""},"tablet":{"background-color":"var(--ast-global-color-5)","background-image":"","background-repeat":"repeat","background-position":"center center","background-size":"auto","background-attachment":"scroll","background-type":"","background-media":"","overlay-type":"","overlay-color":"","overlay-opacity":"","overlay-gradient":""},"mobile":{"background-color":"var(--ast-global-color-5)","background-image":"","background-repeat":"repeat","background-position":"center center","background-size":"auto","background-attachment":"scroll","background-type":"","background-media":"","overlay-type":"","overlay-color":"","overlay-opacity":"","overlay-gradient":""}},"footnotes":""},"class_list":["post-31328","page","type-page","status-publish","has-post-thumbnail","hentry"],"acf":[],"yoast_head":"<!-- This site is optimized with the Yoast SEO plugin v27.0 - https:\/\/yoast.com\/product\/yoast-seo-wordpress\/ -->\n<title>Soziales Engagement - OSYPKA<\/title>\n<meta name=\"description\" content=\"Soziales Engagement \u2013 Die Peter-Osypka-Stiftung ist eine Stiftung des b\u00fcrgerlichen Rechts, gegr\u00fcndet f\u00fcr gemeinn\u00fctzige und mildt\u00e4tige Zwecke\" \/>\n<meta name=\"robots\" content=\"index, follow, max-snippet:-1, max-image-preview:large, max-video-preview:-1\" \/>\n<link rel=\"canonical\" href=\"https:\/\/osypka.de\/en\/soziales-engagement\/\" \/>\n<meta property=\"og:locale\" content=\"en_US\" \/>\n<meta property=\"og:type\" content=\"article\" \/>\n<meta property=\"og:title\" content=\"Soziales Engagement - OSYPKA\" \/>\n<meta property=\"og:description\" content=\"Soziales Engagement \u2013 Die Peter-Osypka-Stiftung ist eine Stiftung des b\u00fcrgerlichen Rechts, gegr\u00fcndet f\u00fcr gemeinn\u00fctzige und mildt\u00e4tige Zwecke\" \/>\n<meta property=\"og:url\" content=\"https:\/\/osypka.de\/en\/soziales-engagement\/\" \/>\n<meta property=\"og:site_name\" content=\"OSYPKA\" \/>\n<meta property=\"article:modified_time\" content=\"2025-10-08T14:13:23+00:00\" \/>\n<meta property=\"og:image\" content=\"https:\/\/osypka.de\/wp-content\/uploads\/2024\/01\/Header-Soziales-Engagement.png\" \/>\n\t<meta property=\"og:image:width\" content=\"1140\" \/>\n\t<meta property=\"og:image:height\" content=\"390\" \/>\n\t<meta property=\"og:image:type\" content=\"image\/png\" \/>\n<meta name=\"twitter:card\" content=\"summary_large_image\" \/>\n<meta name=\"twitter:label1\" content=\"Est. reading time\" \/>\n\t<meta name=\"twitter:data1\" content=\"3 minutes\" \/>\n<script type=\"application\/ld+json\" class=\"yoast-schema-graph\">{\"@context\":\"https:\/\/schema.org\",\"@graph\":[{\"@type\":\"WebPage\",\"@id\":\"https:\/\/osypka.de\/soziales-engagement\/\",\"url\":\"https:\/\/osypka.de\/soziales-engagement\/\",\"name\":\"Soziales Engagement - OSYPKA\",\"isPartOf\":{\"@id\":\"https:\/\/osypka.de\/#website\"},\"primaryImageOfPage\":{\"@id\":\"https:\/\/osypka.de\/soziales-engagement\/#primaryimage\"},\"image\":{\"@id\":\"https:\/\/osypka.de\/soziales-engagement\/#primaryimage\"},\"thumbnailUrl\":\"https:\/\/osypka.de\/wp-content\/uploads\/2024\/01\/Header-Soziales-Engagement.png\",\"datePublished\":\"2024-01-03T14:36:00+00:00\",\"dateModified\":\"2025-10-08T14:13:23+00:00\",\"description\":\"Soziales Engagement \u2013 Die Peter-Osypka-Stiftung ist eine Stiftung des b\u00fcrgerlichen Rechts, gegr\u00fcndet f\u00fcr gemeinn\u00fctzige und mildt\u00e4tige Zwecke\",\"breadcrumb\":{\"@id\":\"https:\/\/osypka.de\/soziales-engagement\/#breadcrumb\"},\"inLanguage\":\"en-US\",\"potentialAction\":[{\"@type\":\"ReadAction\",\"target\":[\"https:\/\/osypka.de\/soziales-engagement\/\"]}]},{\"@type\":\"ImageObject\",\"inLanguage\":\"en-US\",\"@id\":\"https:\/\/osypka.de\/soziales-engagement\/#primaryimage\",\"url\":\"https:\/\/osypka.de\/wp-content\/uploads\/2024\/01\/Header-Soziales-Engagement.png\",\"contentUrl\":\"https:\/\/osypka.de\/wp-content\/uploads\/2024\/01\/Header-Soziales-Engagement.png\",\"width\":1140,\"height\":390},{\"@type\":\"BreadcrumbList\",\"@id\":\"https:\/\/osypka.de\/soziales-engagement\/#breadcrumb\",\"itemListElement\":[{\"@type\":\"ListItem\",\"position\":1,\"name\":\"Home\",\"item\":\"https:\/\/osypka.de\/\"},{\"@type\":\"ListItem\",\"position\":2,\"name\":\"Soziales Engagement\"}]},{\"@type\":\"WebSite\",\"@id\":\"https:\/\/osypka.de\/#website\",\"url\":\"https:\/\/osypka.de\/\",\"name\":\"OSYPKA\",\"description\":\"Technology for an active life\",\"publisher\":{\"@id\":\"https:\/\/osypka.de\/#organization\"},\"potentialAction\":[{\"@type\":\"SearchAction\",\"target\":{\"@type\":\"EntryPoint\",\"urlTemplate\":\"https:\/\/osypka.de\/?s={search_term_string}\"},\"query-input\":{\"@type\":\"PropertyValueSpecification\",\"valueRequired\":true,\"valueName\":\"search_term_string\"}}],\"inLanguage\":\"en-US\"},{\"@type\":\"Organization\",\"@id\":\"https:\/\/osypka.de\/#organization\",\"name\":\"OSYPKA\",\"url\":\"https:\/\/osypka.de\/\",\"logo\":{\"@type\":\"ImageObject\",\"inLanguage\":\"en-US\",\"@id\":\"https:\/\/osypka.de\/#\/schema\/logo\/image\/\",\"url\":\"https:\/\/osypka.de\/wp-content\/uploads\/2020\/10\/OSYPKA_Logo.png\",\"contentUrl\":\"https:\/\/osypka.de\/wp-content\/uploads\/2020\/10\/OSYPKA_Logo.png\",\"width\":939,\"height\":235,\"caption\":\"OSYPKA\"},\"image\":{\"@id\":\"https:\/\/osypka.de\/#\/schema\/logo\/image\/\"}}]}<\/script>\n<!-- \/ Yoast SEO plugin. -->","yoast_head_json":{"title":"Soziales Engagement - OSYPKA","description":"Soziales Engagement \u2013 Die Peter-Osypka-Stiftung ist eine Stiftung des b\u00fcrgerlichen Rechts, gegr\u00fcndet f\u00fcr gemeinn\u00fctzige und mildt\u00e4tige Zwecke","robots":{"index":"index","follow":"follow","max-snippet":"max-snippet:-1","max-image-preview":"max-image-preview:large","max-video-preview":"max-video-preview:-1"},"canonical":"https:\/\/osypka.de\/en\/soziales-engagement\/","og_locale":"en_US","og_type":"article","og_title":"Soziales Engagement - OSYPKA","og_description":"Soziales Engagement \u2013 Die Peter-Osypka-Stiftung ist eine Stiftung des b\u00fcrgerlichen Rechts, gegr\u00fcndet f\u00fcr gemeinn\u00fctzige und mildt\u00e4tige Zwecke","og_url":"https:\/\/osypka.de\/en\/soziales-engagement\/","og_site_name":"OSYPKA","article_modified_time":"2025-10-08T14:13:23+00:00","og_image":[{"width":1140,"height":390,"url":"https:\/\/osypka.de\/wp-content\/uploads\/2024\/01\/Header-Soziales-Engagement.png","type":"image\/png"}],"twitter_card":"summary_large_image","twitter_misc":{"Est. reading time":"3 minutes"},"schema":{"@context":"https:\/\/schema.org","@graph":[{"@type":"WebPage","@id":"https:\/\/osypka.de\/soziales-engagement\/","url":"https:\/\/osypka.de\/soziales-engagement\/","name":"Soziales Engagement - OSYPKA","isPartOf":{"@id":"https:\/\/osypka.de\/#website"},"primaryImageOfPage":{"@id":"https:\/\/osypka.de\/soziales-engagement\/#primaryimage"},"image":{"@id":"https:\/\/osypka.de\/soziales-engagement\/#primaryimage"},"thumbnailUrl":"https:\/\/osypka.de\/wp-content\/uploads\/2024\/01\/Header-Soziales-Engagement.png","datePublished":"2024-01-03T14:36:00+00:00","dateModified":"2025-10-08T14:13:23+00:00","description":"Soziales Engagement \u2013 Die Peter-Osypka-Stiftung ist eine Stiftung des b\u00fcrgerlichen Rechts, gegr\u00fcndet f\u00fcr gemeinn\u00fctzige und mildt\u00e4tige Zwecke","breadcrumb":{"@id":"https:\/\/osypka.de\/soziales-engagement\/#breadcrumb"},"inLanguage":"en-US","potentialAction":[{"@type":"ReadAction","target":["https:\/\/osypka.de\/soziales-engagement\/"]}]},{"@type":"ImageObject","inLanguage":"en-US","@id":"https:\/\/osypka.de\/soziales-engagement\/#primaryimage","url":"https:\/\/osypka.de\/wp-content\/uploads\/2024\/01\/Header-Soziales-Engagement.png","contentUrl":"https:\/\/osypka.de\/wp-content\/uploads\/2024\/01\/Header-Soziales-Engagement.png","width":1140,"height":390},{"@type":"BreadcrumbList","@id":"https:\/\/osypka.de\/soziales-engagement\/#breadcrumb","itemListElement":[{"@type":"ListItem","position":1,"name":"Home","item":"https:\/\/osypka.de\/"},{"@type":"ListItem","position":2,"name":"Soziales Engagement"}]},{"@type":"WebSite","@id":"https:\/\/osypka.de\/#website","url":"https:\/\/osypka.de\/","name":"OSYPKA","description":"Technology for an active life","publisher":{"@id":"https:\/\/osypka.de\/#organization"},"potentialAction":[{"@type":"SearchAction","target":{"@type":"EntryPoint","urlTemplate":"https:\/\/osypka.de\/?s={search_term_string}"},"query-input":{"@type":"PropertyValueSpecification","valueRequired":true,"valueName":"search_term_string"}}],"inLanguage":"en-US"},{"@type":"Organization","@id":"https:\/\/osypka.de\/#organization","name":"OSYPKA","url":"https:\/\/osypka.de\/","logo":{"@type":"ImageObject","inLanguage":"en-US","@id":"https:\/\/osypka.de\/#\/schema\/logo\/image\/","url":"https:\/\/osypka.de\/wp-content\/uploads\/2020\/10\/OSYPKA_Logo.png","contentUrl":"https:\/\/osypka.de\/wp-content\/uploads\/2020\/10\/OSYPKA_Logo.png","width":939,"height":235,"caption":"OSYPKA"},"image":{"@id":"https:\/\/osypka.de\/#\/schema\/logo\/image\/"}}]}},"publishpress_future_action":{"enabled":false,"date":"2026-04-27 07:41:57","action":"delete","newStatus":"draft","terms":[],"taxonomy":"","extraData":[]},"publishpress_future_workflow_manual_trigger":{"enabledWorkflows":[]},"_links":{"self":[{"href":"https:\/\/osypka.de\/en\/wp-json\/wp\/v2\/pages\/31328","targetHints":{"allow":["GET"]}}],"collection":[{"href":"https:\/\/osypka.de\/en\/wp-json\/wp\/v2\/pages"}],"about":[{"href":"https:\/\/osypka.de\/en\/wp-json\/wp\/v2\/types\/page"}],"author":[{"embeddable":true,"href":"https:\/\/osypka.de\/en\/wp-json\/wp\/v2\/users\/1"}],"replies":[{"embeddable":true,"href":"https:\/\/osypka.de\/en\/wp-json\/wp\/v2\/comments?post=31328"}],"version-history":[{"count":41,"href":"https:\/\/osypka.de\/en\/wp-json\/wp\/v2\/pages\/31328\/revisions"}],"predecessor-version":[{"id":37820,"href":"https:\/\/osypka.de\/en\/wp-json\/wp\/v2\/pages\/31328\/revisions\/37820"}],"wp:featuredmedia":[{"embeddable":true,"href":"https:\/\/osypka.de\/en\/wp-json\/wp\/v2\/media\/31892"}],"wp:attachment":[{"href":"https:\/\/osypka.de\/en\/wp-json\/wp\/v2\/media?parent=31328"}],"curies":[{"name":"wp","href":"https:\/\/api.w.org\/{rel}","templated":true}]}}